{"id":133,"date":"2018-03-21T10:46:04","date_gmt":"2018-03-21T10:46:04","guid":{"rendered":"https:\/\/royalgreen.nl\/?page_id=133"},"modified":"2021-10-11T13:31:16","modified_gmt":"2021-10-11T13:31:16","slug":"faq","status":"publish","type":"page","link":"https:\/\/royalgreen.nl\/de\/faq\/","title":{"rendered":"FAQ"},"content":{"rendered":"<style>.ufaq-faq-div {\nborder-bottom:1px solid #ddd;\n}<\/style><div  class=\"ewd-ufaq-faq-list ewd-ufaq-page-type-load_more ewd-ufaq-category-tabs-\" id='ewd-ufaq-faq-list'>\n\n\t<input type='hidden' name='show_on_load' value='' id='ewd-ufaq-show-on-load' \/>\n<input type='hidden' name='include_category' value='algemeen' id='ewd-ufaq-include-category' \/>\n<input type='hidden' name='exclude_category' value='' id='ewd-ufaq-exclude-category' \/>\n<input type='hidden' name='orderby' value='date' id='ewd-ufaq-orderby' \/>\n<input type='hidden' name='order' value='desc' id='ewd-ufaq-order' \/>\n<input type='hidden' name='post_count' value='-1' id='ewd-ufaq-post-count' \/>\n<input type='hidden' name='current_url' value='\/de\/wp-json\/wp\/v2\/pages\/133' id='ewd-ufaq-current-url' \/>\n\t\n\t\n\t<div class='ewd-ufaq-faqs'>\n\n\t\t<div  class=\"ewd-ufaq-faq-div ewd-ufaq-faq-column-count-one ewd-ufaq-faq-responsive-columns- ewd-ufaq-faq-display-style-one ewd-ufaq-can-be-toggled\" id='ewd-ufaq-post-572-v8RkBStY0f' data-post_id='572'>\n\n\t\t\n\t<div class='ewd-ufaq-faq-title ewd-ufaq-faq-toggle'>\n\t\n\t<a class='ewd-ufaq-post-margin'  href='#' role=\"button\">\n\n\t\t<div class='ewd-ufaq-post-margin-symbol ewd-ufaq-square'>\n\t\t\t<span >a<\/span>\n\t\t<\/div>\n\n\t\t<div class='ewd-ufaq-faq-title-text'>\n\n\t\t\t<h4>\n\t\t\t\tWieviel wasser darf ich der zamioculcas geben?\t\t\t<\/h4>\n\n\t\t<\/div>\n\n\t\t<div class='ewd-ufaq-clear'><\/div>\n\n\t<\/a>\n\t\n<\/div>\n\t\n\t<div class='ewd-ufaq-faq-body ewd-ufaq-hidden' >\n\n\t\t\n\t\t\t\n\t\t\n\t\t\t<div class='ewd-ufaq-post-margin ewd-ufaq-faq-post'>\n\t<p style=\"font-weight: 400\"><strong>Zamioculcas Raven und Zamioculcas\u00a0Emerald Palm<\/strong><\/p>\n<p style=\"font-weight: 400\">Diese Pflanzen zeichnen sich dadurch aus, dass sie echte \u2018Survivor\u2019 sind. Ihre \u00dcberlebensstrategie besteht darin, dass sie lange ohne Wasser auskommen k\u00f6nnen. Sie ziehen das ben\u00f6tigte Wasser dann aus der Wurzelknolle und den Blattst\u00e4ngeln. Beachten Sie im Allgemeinen die folgenden Vorgaben:<\/p>\n\n<ul>\n \t<li>M\u00e4\u00dfig gie\u00dfen, eher trocken halten.<\/li>\n \t<li>Im Sommer alle 14 Tage 100 ml Wasser geben<\/li>\n \t<li>Im Winter alle 30 Tage 100 ml Wasser geben<\/li>\n \t<li>Falls Sie zweifeln, ob Sie der Pflanze Wasser geben sollen oder nicht, sollten Sie am besten noch etwas abwarten, vor allem an dunklen Tagen.<\/li>\n<\/ul><\/div>\n\t\t\n\t\t\t<div class='ewd-ufaq-faq-custom-fields'>\n\n\t\n<\/div>\n\t\t\n\t\t\t\n\t\t\n\t\t\t\n\t\t\n\t\t\t\n\t\t\n\t\t\t\n\t\t\n\t\t\t\n\t\t\n\t\t\t\n\t\t\n\t\t\t\n\t\t\n\t<\/div>\n\n<\/div><div  class=\"ewd-ufaq-faq-div ewd-ufaq-faq-column-count-one ewd-ufaq-faq-responsive-columns- ewd-ufaq-faq-display-style-one ewd-ufaq-can-be-toggled\" id='ewd-ufaq-post-569-loqmGeokQ9' data-post_id='569'>\n\n\t\t\n\t<div class='ewd-ufaq-faq-title ewd-ufaq-faq-toggle'>\n\t\n\t<a class='ewd-ufaq-post-margin'  href='#' role=\"button\">\n\n\t\t<div class='ewd-ufaq-post-margin-symbol ewd-ufaq-square'>\n\t\t\t<span >a<\/span>\n\t\t<\/div>\n\n\t\t<div class='ewd-ufaq-faq-title-text'>\n\n\t\t\t<h4>\n\t\t\t\tWie lange darf die pflanze in der sonne stehen?\t\t\t<\/h4>\n\n\t\t<\/div>\n\n\t\t<div class='ewd-ufaq-clear'><\/div>\n\n\t<\/a>\n\t\n<\/div>\n\t\n\t<div class='ewd-ufaq-faq-body ewd-ufaq-hidden' >\n\n\t\t\n\t\t\t\n\t\t\n\t\t\t<div class='ewd-ufaq-post-margin ewd-ufaq-faq-post'>\n\t<p style=\"font-weight: 400\"><strong>Curio Aquarine Mount Everest:<br \/>\n<\/strong>Diese pflegeleichte Pflanze muss wie ein Kaktus behandelt werden und ben\u00f6tigt entsprechend viel Licht und wenig Wasser. Urspr\u00fcnglich stammt diese Curio aus einem afrikanischen W\u00fcstengebirge. Sie gedeiht am besten in der vollen Sonne. Im Winter, wenn das Licht drau\u00dfen schw\u00e4cher wird, raten wir dazu, die Pflanze so oft wie m\u00f6glich in die Sonne zu stellen. Sollte die Pflanze dennoch etwas weniger Licht bekommen, empfiehlt es sich, noch weniger Wasser zu geben und die Pflanze eher trocken zu halten.<\/p>\n<p style=\"font-weight: 400\"><strong>Zamioculcas Raven und Emerald Palm:<br \/>\n<\/strong><span style=\"font-weight: 400\">Die Zamioculcas hat bewiesen, dass sie eine \u2018Easy Care\u2019-Pflanze ist, die sich an allen Orten im Haus wohlf\u00fchlt. Aber auch die robustesten Pflanzen ben\u00f6tigen manchmal etwas Schutz. Dies ist in den Sommermonaten der Fall. In dieser warmen Zeit ist die Sonne am kr\u00e4ftigsten. Wenn die Zamioculcas dann in der prallen Sonne steht, kann sie verbrennen. Darum sollte man die Zamioculcas im Sommer in den Halbschatten stellen. <\/span><\/p>\n<\/div>\n\t\t\n\t\t\t<div class='ewd-ufaq-faq-custom-fields'>\n\n\t\n<\/div>\n\t\t\n\t\t\t\n\t\t\n\t\t\t\n\t\t\n\t\t\t\n\t\t\n\t\t\t\n\t\t\n\t\t\t\n\t\t\n\t\t\t\n\t\t\n\t\t\t\n\t\t\n\t<\/div>\n\n<\/div><div  class=\"ewd-ufaq-faq-div ewd-ufaq-faq-column-count-one ewd-ufaq-faq-responsive-columns- ewd-ufaq-faq-display-style-one ewd-ufaq-can-be-toggled\" id='ewd-ufaq-post-565-s0wXaXrHzP' data-post_id='565'>\n\n\t\t\n\t<div class='ewd-ufaq-faq-title ewd-ufaq-faq-toggle'>\n\t\n\t<a class='ewd-ufaq-post-margin'  href='#' role=\"button\">\n\n\t\t<div class='ewd-ufaq-post-margin-symbol ewd-ufaq-square'>\n\t\t\t<span >a<\/span>\n\t\t<\/div>\n\n\t\t<div class='ewd-ufaq-faq-title-text'>\n\n\t\t\t<h4>\n\t\t\t\tWas ist der beste standort f\u00fcr diese pflanzen?\t\t\t<\/h4>\n\n\t\t<\/div>\n\n\t\t<div class='ewd-ufaq-clear'><\/div>\n\n\t<\/a>\n\t\n<\/div>\n\t\n\t<div class='ewd-ufaq-faq-body ewd-ufaq-hidden' >\n\n\t\t\n\t\t\t\n\t\t\n\t\t\t<div class='ewd-ufaq-post-margin ewd-ufaq-faq-post'>\n\t<p style=\"font-weight: 400\"><strong>Zamioculcas<br \/>\n<\/strong>Diese robuste Pflanze gedeiht im Prinzip \u00fcberall im Haus, wo nur ein wenig Helligkeit vorhanden ist. Dennoch f\u00fchlt sie sich im Halbschatten am besten. Im Sommer sollte die Pflanze nicht im direkten Sonnenlicht stehen. Die Sonne ist dann sehr kr\u00e4ftig und direkte Sonneneinstrahlung auf die Pflanze kann Stress verursachen. Im Winter findet die Pflanze etwas mehr Sonnenlicht dagegen gerade angenehm.<\/p>\n<p style=\"font-weight: 400\"><strong>Curio Mount Everest \u201cAquarine\u201d<br \/>\n<\/strong>Diese afrikanische Bergpflanze ist wildwachsend an sehr trockenen und warmen Orten zu finden. Folglich f\u00fchlt sie sich am besten an einem Ort mit viel Sonnenlicht. Vor allem im Winter muss sie in die volle Sonne gestellt werden.<\/p>\n<\/div>\n\t\t\n\t\t\t<div class='ewd-ufaq-faq-custom-fields'>\n\n\t\n<\/div>\n\t\t\n\t\t\t\n\t\t\n\t\t\t\n\t\t\n\t\t\t\n\t\t\n\t\t\t\n\t\t\n\t\t\t\n\t\t\n\t\t\t\n\t\t\n\t\t\t\n\t\t\n\t<\/div>\n\n<\/div><div  class=\"ewd-ufaq-faq-div ewd-ufaq-faq-column-count-one ewd-ufaq-faq-responsive-columns- ewd-ufaq-faq-display-style-one ewd-ufaq-can-be-toggled\" id='ewd-ufaq-post-561-1SXGar8VY5' data-post_id='561'>\n\n\t\t\n\t<div class='ewd-ufaq-faq-title ewd-ufaq-faq-toggle'>\n\t\n\t<a class='ewd-ufaq-post-margin'  href='#' role=\"button\">\n\n\t\t<div class='ewd-ufaq-post-margin-symbol ewd-ufaq-square'>\n\t\t\t<span >a<\/span>\n\t\t<\/div>\n\n\t\t<div class='ewd-ufaq-faq-title-text'>\n\n\t\t\t<h4>\n\t\t\t\tWarum werden die bl\u00e4tter meiner zamioculcas gelb?\t\t\t<\/h4>\n\n\t\t<\/div>\n\n\t\t<div class='ewd-ufaq-clear'><\/div>\n\n\t<\/a>\n\t\n<\/div>\n\t\n\t<div class='ewd-ufaq-faq-body ewd-ufaq-hidden' >\n\n\t\t\n\t\t\t\n\t\t\n\t\t\t<div class='ewd-ufaq-post-margin ewd-ufaq-faq-post'>\n\t<p style=\"font-weight: 400\">Wenn die Bl\u00e4tter gelb werden, ist dies meist ein Zeichen daf\u00fcr, dass der St\u00e4ngel nicht mehr so gut arbeitet wie bisher. Verursacht werden kann dies durch das Alter der Pflanze oder durch ein Zuviel an Wasser. Aktion: am unteren Ende den St\u00e4ngel \u201cherausdrehen\u201d. Ohne diesen verrotteten St\u00e4ngel kann die Pflanze ihre Energie wieder in das Erzeugen eines neuen St\u00e4ngels stecken.<\/p>\n<\/div>\n\t\t\n\t\t\t<div class='ewd-ufaq-faq-custom-fields'>\n\n\t\n<\/div>\n\t\t\n\t\t\t\n\t\t\n\t\t\t\n\t\t\n\t\t\t\n\t\t\n\t\t\t\n\t\t\n\t\t\t\n\t\t\n\t\t\t\n\t\t\n\t\t\t\n\t\t\n\t<\/div>\n\n<\/div><div  class=\"ewd-ufaq-faq-div ewd-ufaq-faq-column-count-one ewd-ufaq-faq-responsive-columns- ewd-ufaq-faq-display-style-one ewd-ufaq-can-be-toggled\" id='ewd-ufaq-post-558-j9nfgBiCEQ' data-post_id='558'>\n\n\t\t\n\t<div class='ewd-ufaq-faq-title ewd-ufaq-faq-toggle'>\n\t\n\t<a class='ewd-ufaq-post-margin'  href='#' role=\"button\">\n\n\t\t<div class='ewd-ufaq-post-margin-symbol ewd-ufaq-square'>\n\t\t\t<span >a<\/span>\n\t\t<\/div>\n\n\t\t<div class='ewd-ufaq-faq-title-text'>\n\n\t\t\t<h4>\n\t\t\t\tWozu dient die wachsschicht der curio aquarine mount everest?\t\t\t<\/h4>\n\n\t\t<\/div>\n\n\t\t<div class='ewd-ufaq-clear'><\/div>\n\n\t<\/a>\n\t\n<\/div>\n\t\n\t<div class='ewd-ufaq-faq-body ewd-ufaq-hidden' >\n\n\t\t\n\t\t\t\n\t\t\n\t\t\t<div class='ewd-ufaq-post-margin ewd-ufaq-faq-post'>\n\t<p style=\"font-weight: 400\">Die Curio Aquarine Mount Everest verdankt ihre sch\u00f6ne blaue Farbe der Wachsschicht, mit der die ganze Pflanze \u00fcberzogen ist. Diese Wachs- oder Kalkschicht dient nicht nur als Schmuck, sondern soll die Pflanze sch\u00fctzen. Diese Eigenschaft hat einen konkreten Zweck, da die Pflanze hierdurch robuster und best\u00e4ndiger gegen Krankheiten und Sch\u00e4dlinge ist. Diese Schicht darf also nicht abgewischt werden. Ist die Wachsschicht erst einmal weg, kommt sie nicht mehr zur\u00fcck.<\/p>\n<p style=\"font-weight: 400\">Diese Pflanze darf daher auch nicht \u2018abgestaubt\u2019 werden, wie man dies etwa bei der Zamioculcas tun w\u00fcrde, damit die Pflanze extra sch\u00f6n bleibt.<\/p>\n<\/div>\n\t\t\n\t\t\t<div class='ewd-ufaq-faq-custom-fields'>\n\n\t\n<\/div>\n\t\t\n\t\t\t\n\t\t\n\t\t\t\n\t\t\n\t\t\t\n\t\t\n\t\t\t\n\t\t\n\t\t\t\n\t\t\n\t\t\t\n\t\t\n\t\t\t\n\t\t\n\t<\/div>\n\n<\/div><div  class=\"ewd-ufaq-faq-div ewd-ufaq-faq-column-count-one ewd-ufaq-faq-responsive-columns- ewd-ufaq-faq-display-style-one ewd-ufaq-can-be-toggled\" id='ewd-ufaq-post-555-F24g5biuf0' data-post_id='555'>\n\n\t\t\n\t<div class='ewd-ufaq-faq-title ewd-ufaq-faq-toggle'>\n\t\n\t<a class='ewd-ufaq-post-margin'  href='#' role=\"button\">\n\n\t\t<div class='ewd-ufaq-post-margin-symbol ewd-ufaq-square'>\n\t\t\t<span >a<\/span>\n\t\t<\/div>\n\n\t\t<div class='ewd-ufaq-faq-title-text'>\n\n\t\t\t<h4>\n\t\t\t\tWie nachhaltig sind diese pflanzen erzeugt worden?\t\t\t<\/h4>\n\n\t\t<\/div>\n\n\t\t<div class='ewd-ufaq-clear'><\/div>\n\n\t<\/a>\n\t\n<\/div>\n\t\n\t<div class='ewd-ufaq-faq-body ewd-ufaq-hidden' >\n\n\t\t\n\t\t\t\n\t\t\n\t\t\t<div class='ewd-ufaq-post-margin ewd-ufaq-faq-post'>\n\t<p style=\"font-weight: 400\">Unsere Pflanzen werden mit Hilfe der modernsten umweltfreundlichen Techniken kultiviert.<\/p>\n<ul>\n<li>In den Gew\u00e4chsh\u00e4usern, in denen die Zamioculcas gez\u00fcchtet wird, erledigen elektrische Gabelstapler den An- und Abtransport der Pflanzen. Hierdurch werden die Pflanzen und Mitarbeiter keinen verschmutzenden Abgasen ausgesetzt.<\/li>\n<li>Das gebrauchte D\u00fcngerwasser wird recycelt, gefiltert und gr\u00f6\u00dftenteils desinfiziert. Dadurch wird verhindert, dass verschmutztes Wasser in den Boden gelangt.<\/li>\n<li>Es wird alles daf\u00fcr getan, die Pflanzen\u00a0robust und widerstandsf\u00e4hig gegen Krankheiten und Sch\u00e4dlinge zu machen. Dadurch wird der Einsatz von Schutzmitteln minimiert. Wenn Pflanzenschutzmittel n\u00f6tig sind, verwenden wir so weit wie m\u00f6glich biologische Mittel. Wir setzen beispielsweise Geckos ein, um die Spinnenpopulation in unseren Gew\u00e4chsh\u00e4usern so klein wie m\u00f6glich zu halten. Geckos und Spinnen ern\u00e4hren sich n\u00e4mlich von derselben Nahrung, und durch den Einsatz von Geckos bleibt die Spinnenpopulation auf nat\u00fcrliche Weise unter Kontrolle. Der Vorteil von Geckos gegen\u00fcber Spinnen besteht darin, dass sie Ausscheidungen auf den Bl\u00e4ttern der Pflanzen hinterlassen.<\/li>\n<\/ul>\n<p style=\"font-weight: 400\">Dazu ist unsere G\u00e4rtnerei nach MPS-ABC\u00a0(A+) zertifiziert. \u00dcber <a href=\"https:\/\/www.volgjebloemofplant.nl\/nl\">https:\/\/www.volgjebloemofplant.nl\/de<\/a>\u00a0k\u00f6nnen Sie auch unseren Zertifizierungsstatus einsehen (nach Eingabe unserer Registrierungsnummer 680088\u00a0oder\u00a0802608).<\/p>\n<p style=\"font-weight: 400\"><strong>MPS-ABC<br \/>\n<\/strong>MPS-ABC ist ein Umweltzertifikat, das angibt, wie nachhaltig der Betrieb gef\u00fchrt wird, in dem die Pflanzen erzeugt werden. Dies erfolgt durch die Erfassung und \u00dcberwachung des Verbrauchs von Pflanzenschutzmitteln, D\u00fcngemitteln, Wasser und Energie. Dieser Verbrauch wird mit dem unabh\u00e4ngig festgestellten und standardisierten Referenzverbrauch verglichen.<\/p>\n<p style=\"font-weight: 400\">Das Zertifikat MPS-ABC hat verschiedene Qualifikationsstufen: MPS-A+, -A, -B, und -C. Je h\u00f6her die Umweltperformance des Betriebs ist, desto h\u00f6her f\u00e4llt die Qualifikation aus. MPS-A+ ist die h\u00f6chste Stufe, MPS-C die niedrigste. Unabh\u00e4ngige Betriebsbesuche und Produktproben gew\u00e4hrleisten die Zuverl\u00e4ssigkeit des MPS-ABC-Zertifikates. Auf diese Weise k\u00f6nnen Sie sich darauf verlassen, dass MPS-ABC-zertifizierte Produkte einen Beitrag zu einer besseren Welt leisten.<\/p>\n<p style=\"font-weight: 400\">Weitere Informationen zu MPS-ABC finden Sie hier: <a href=\"https:\/\/www.my-mps.com\/certificaten-producent\/mps-abc\">https:\/\/my-mps.com\/diensten\/mps-abc\/?lang=de<\/a><\/p>\n<p style=\"font-weight: 400\"><strong>MPS GAP<br \/>\n<\/strong>Eine g\u00fcltige MPS-ABC-Qualifikation bildet die Voraussetzung f\u00fcr die MPS-GAP-Zertifizierung. Jeden Tag erfassen wir unseren Verbrauch an Pflanzenschutzmitteln, den Wartungsbedarf der Ger\u00e4te und den Umgang mit den Kulturen.<\/p>\n<p style=\"font-weight: 400\"><strong>MPS SQ<br \/>\n<\/strong>Mit dem MPS Socially Qualified (SQ) weisen Unternehmen nach, dass ihre Produkte unter guten Arbeitsbedingungen erzeugt wurden. Mit MPS-SQ erf\u00fcllen Sie die Anforderungen des Retailkanals. Das Zertifizierungsschema MPS-SQ enth\u00e4lt Anforderungen auf den Gebieten Gesundheit, Sicherheit und Arbeitsbedingungen.<\/p>\n<p style=\"font-weight: 400\">MPS-SQ ist basiert auf den universellen Menschenrechten, den Verhaltenskodizes der vor Ort vertretenen Organisationen und den internationalen Vereinbarungen der Internationalen Arbeitsorganisation (ILO).<\/p>\n<p style=\"font-weight: 400\">Der NBB (Nederlandse Bloemen Beraad, repr\u00e4sentiert durch FNV Bondgenoten, Both Ends und die Stiftung OLAA (Organisatie Latijns Amerika Activiteiten)) war eng eingebunden in die Implementierung dieser internationalen Verhaltenskodizes (ICC) in MPS.<\/p>\n<p><span style=\"font-weight: 400\">Zur Gew\u00e4hrleistung der Legitimit\u00e4t des sozialen Standards, dem sich die Gewerkschaften und Menschenrechtorganisationen angeschlossen haben, sind Vertreter dieser Organisationen als Wahrnehmer bei den Audits im Betrieb des betreffenden Unternehmers jederzeit willkommen.<\/span><\/p>\n<\/div>\n\t\t\n\t\t\t<div class='ewd-ufaq-faq-custom-fields'>\n\n\t\n<\/div>\n\t\t\n\t\t\t\n\t\t\n\t\t\t\n\t\t\n\t\t\t\n\t\t\n\t\t\t\n\t\t\n\t\t\t\n\t\t\n\t\t\t\n\t\t\n\t\t\t\n\t\t\n\t<\/div>\n\n<\/div><div  class=\"ewd-ufaq-faq-div ewd-ufaq-faq-column-count-one ewd-ufaq-faq-responsive-columns- ewd-ufaq-faq-display-style-one ewd-ufaq-can-be-toggled\" id='ewd-ufaq-post-552-u04zB2jFNb' data-post_id='552'>\n\n\t\t\n\t<div class='ewd-ufaq-faq-title ewd-ufaq-faq-toggle'>\n\t\n\t<a class='ewd-ufaq-post-margin'  href='#' role=\"button\">\n\n\t\t<div class='ewd-ufaq-post-margin-symbol ewd-ufaq-square'>\n\t\t\t<span >a<\/span>\n\t\t<\/div>\n\n\t\t<div class='ewd-ufaq-faq-title-text'>\n\n\t\t\t<h4>\n\t\t\t\tWie lange m\u00fcssen die pflanzen im gew\u00e4chshaus wachsen, bevor sie im gesch\u00e4ft stehen?\t\t\t<\/h4>\n\n\t\t<\/div>\n\n\t\t<div class='ewd-ufaq-clear'><\/div>\n\n\t<\/a>\n\t\n<\/div>\n\t\n\t<div class='ewd-ufaq-faq-body ewd-ufaq-hidden' >\n\n\t\t\n\t\t\t\n\t\t\n\t\t\t<div class='ewd-ufaq-post-margin ewd-ufaq-faq-post'>\n\t<p style=\"font-weight: 400\">Die Curio Aquarine Mount Everest muss ein Jahr lang wachsen, um eine erwachsene Pflanze und verkaufsbereit zu werden.<\/p>\n<p style=\"font-weight: 400\">Die Zamioculcas Emerald Palm muss ebenfalls ein Jahr lang wachsen, bevor sie zum Verkauf bereit ist. Die angegebene Zeitspanne h\u00e4ngt nat\u00fcrlich davon ab, wie gro\u00df die Pflanze sein muss.<\/p>\n<ul>\n<li>Topfgr\u00f6\u00dfe 14 cm: 10-12 Monate<\/li>\n<li>Topfgr\u00f6\u00dfe 17 cm: 12-14 Monate<\/li>\n<li>Topfgr\u00f6\u00dfe 21 cm: 15- 17 Monate<\/li>\n<\/ul>\n<p style=\"font-weight: 400\">Raven\u00a0m\u00f6chte gerne sch\u00f6n lange im Nest bleiben. Die Zamioculcas Raven, die Variante mit den dunklen Bl\u00e4ttern, w\u00e4chst aufgrund der dunklen Farben weniger schnell als ihre gr\u00fcne Schwester. Es dauert bei dieser Pflanze im Vergleich zur Emerald Palm ungef\u00e4hr 40-50 % l\u00e4nger, bis sie f\u00fcr den Verkauf bereit ist.<\/p>\n<\/div>\n\t\t\n\t\t\t<div class='ewd-ufaq-faq-custom-fields'>\n\n\t\n<\/div>\n\t\t\n\t\t\t\n\t\t\n\t\t\t\n\t\t\n\t\t\t\n\t\t\n\t\t\t\n\t\t\n\t\t\t\n\t\t\n\t\t\t\n\t\t\n\t\t\t\n\t\t\n\t<\/div>\n\n<\/div><div  class=\"ewd-ufaq-faq-div ewd-ufaq-faq-column-count-one ewd-ufaq-faq-responsive-columns- ewd-ufaq-faq-display-style-one ewd-ufaq-can-be-toggled\" id='ewd-ufaq-post-549-7K2wxRq4aK' data-post_id='549'>\n\n\t\t\n\t<div class='ewd-ufaq-faq-title ewd-ufaq-faq-toggle'>\n\t\n\t<a class='ewd-ufaq-post-margin'  href='#' role=\"button\">\n\n\t\t<div class='ewd-ufaq-post-margin-symbol ewd-ufaq-square'>\n\t\t\t<span >a<\/span>\n\t\t<\/div>\n\n\t\t<div class='ewd-ufaq-faq-title-text'>\n\n\t\t\t<h4>\n\t\t\t\tWie kann es sein, dass die farbe der zamioculcas raven so dunkel ist?\t\t\t<\/h4>\n\n\t\t<\/div>\n\n\t\t<div class='ewd-ufaq-clear'><\/div>\n\n\t<\/a>\n\t\n<\/div>\n\t\n\t<div class='ewd-ufaq-faq-body ewd-ufaq-hidden' >\n\n\t\t\n\t\t\t\n\t\t\n\t\t\t<div class='ewd-ufaq-post-margin ewd-ufaq-faq-post'>\n\t<p style=\"font-weight: 400\">Dies ist eine Folge von spontaner Mutation. Eine pl\u00f6tzliche Ver\u00e4nderung im Erbmaterial der Pflanze, bei der sich die Eigenschaft \u201cFarbe\u201d von Gr\u00fcn zu Dunkel ver\u00e4ndert hat. Spontane Mutationen sind selten, vor allem wenn die Mutation stabil ist und keine R\u00fcckmutation zur urspr\u00fcnglichen Farbe stattfindet. Die Zamioculcas Raven\u00a0wurde in S\u00fcdkorea entdeckt und wurde dort mehrere Jahre lang erfolgreich auf ihre Stabilit\u00e4t getestet und schlie\u00dflich als neue Sorte in die Zamioculcas-Familien eingef\u00fchrt. Das Besondere an der dunklen Farbe von Raven ist gerade, dass die neuen Triebe frischgr\u00fcn beginnen und erst langsam dunkler werden. Die nat\u00fcrliche Verf\u00e4rbung steckt also in der DNA der Pflanze und ist ein ganz au\u00dfergew\u00f6hnlicher und sch\u00f6n anzusehender Prozess. Die jungen gr\u00fcnen Triebe ben\u00f6tigen eine gewisse Zeit, um dunkel zu werden. Dies dauert 5 bis 10 Wochen, je nach Jahreszeit und Lichtst\u00e4rke.<\/p>\n<\/div>\n\t\t\n\t\t\t<div class='ewd-ufaq-faq-custom-fields'>\n\n\t\n<\/div>\n\t\t\n\t\t\t\n\t\t\n\t\t\t\n\t\t\n\t\t\t\n\t\t\n\t\t\t\n\t\t\n\t\t\t\n\t\t\n\t\t\t\n\t\t\n\t\t\t\n\t\t\n\t<\/div>\n\n<\/div>\n\t<\/div>\n\n\t\n<\/div>\n","protected":false},"excerpt":{"rendered":"<p>A Wie kann es sein, dass die farbe der zamioculcas raven so dunkel ist? Dies ist eine Folge von spontaner Mutation. Eine pl\u00f6tzliche Ver\u00e4nderung im Erbmaterial der Pflanze, bei der sich die Eigenschaft \u201cFarbe\u201d von Gr\u00fcn zu Dunkel ver\u00e4ndert hat. Spontane Mutationen sind selten, vor allem wenn die Mutation stabil ist und keine R\u00fcckmutation zur [&hellip;]<\/p>\n","protected":false},"author":1,"featured_media":0,"parent":0,"menu_order":5,"comment_status":"closed","ping_status":"closed","template":"","meta":{"_monsterinsights_skip_tracking":false,"_monsterinsights_sitenote_active":false,"_monsterinsights_sitenote_note":"","_monsterinsights_sitenote_category":0,"footnotes":""},"class_list":["post-133","page","type-page","status-publish","hentry"],"acf":[],"_links":{"self":[{"href":"https:\/\/royalgreen.nl\/de\/wp-json\/wp\/v2\/pages\/133","targetHints":{"allow":["GET"]}}],"collection":[{"href":"https:\/\/royalgreen.nl\/de\/wp-json\/wp\/v2\/pages"}],"about":[{"href":"https:\/\/royalgreen.nl\/de\/wp-json\/wp\/v2\/types\/page"}],"author":[{"embeddable":true,"href":"https:\/\/royalgreen.nl\/de\/wp-json\/wp\/v2\/users\/1"}],"replies":[{"embeddable":true,"href":"https:\/\/royalgreen.nl\/de\/wp-json\/wp\/v2\/comments?post=133"}],"version-history":[{"count":2,"href":"https:\/\/royalgreen.nl\/de\/wp-json\/wp\/v2\/pages\/133\/revisions"}],"predecessor-version":[{"id":746,"href":"https:\/\/royalgreen.nl\/de\/wp-json\/wp\/v2\/pages\/133\/revisions\/746"}],"wp:attachment":[{"href":"https:\/\/royalgreen.nl\/de\/wp-json\/wp\/v2\/media?parent=133"}],"curies":[{"name":"wp","href":"https:\/\/api.w.org\/{rel}","templated":true}]}}