{"id":1858,"date":"2022-07-29T16:04:01","date_gmt":"2022-07-29T14:04:01","guid":{"rendered":"https:\/\/royalgreen.nl\/?page_id=1858"},"modified":"2022-08-09T15:58:26","modified_gmt":"2022-08-09T13:58:26","slug":"zimmerpflanzen","status":"publish","type":"page","link":"https:\/\/royalgreen.nl\/de\/zimmerpflanzen\/","title":{"rendered":"Zimmerpflanzen"},"content":{"rendered":"\n<h2 class=\"wp-block-heading\">Pflege Zamioculcas <\/h2>\n\n\n\n<div class=\"wp-block-columns are-vertically-aligned-top care-colums is-layout-flex wp-container-core-columns-is-layout-9d6595d7 wp-block-columns-is-layout-flex\">\n<div class=\"wp-block-column is-vertically-aligned-top is-layout-flow wp-block-column-is-layout-flow\">\n<figure class=\"wp-block-image size-large\"><img loading=\"lazy\" decoding=\"async\" width=\"853\" height=\"1280\" src=\"https:\/\/royalgreen.nl\/wp-content\/uploads\/2021\/10\/Royal-Green_Zamioculcas-verzorging-853x1280.jpg\" alt=\"\" class=\"wp-image-833\" srcset=\"https:\/\/royalgreen.nl\/wp-content\/uploads\/2021\/10\/Royal-Green_Zamioculcas-verzorging-853x1280.jpg 853w, https:\/\/royalgreen.nl\/wp-content\/uploads\/2021\/10\/Royal-Green_Zamioculcas-verzorging-683x1024.jpg 683w, https:\/\/royalgreen.nl\/wp-content\/uploads\/2021\/10\/Royal-Green_Zamioculcas-verzorging-768x1152.jpg 768w, https:\/\/royalgreen.nl\/wp-content\/uploads\/2021\/10\/Royal-Green_Zamioculcas-verzorging-1024x1536.jpg 1024w, https:\/\/royalgreen.nl\/wp-content\/uploads\/2021\/10\/Royal-Green_Zamioculcas-verzorging-1365x2048.jpg 1365w, https:\/\/royalgreen.nl\/wp-content\/uploads\/2021\/10\/Royal-Green_Zamioculcas-verzorging-scaled.jpg 1707w\" sizes=\"auto, (max-width: 853px) 100vw, 853px\" \/><\/figure>\n<\/div>\n\n\n\n<div class=\"wp-block-column is-vertically-aligned-top is-layout-flow wp-block-column-is-layout-flow\">\n<p>Zamioculcas ist eine der pflegeleichtesten Zimmerpflanzen, die es gibt.&nbsp;Man kann sie problemlos an eine etwas dunklere oder eine helle Stelle im Haus stellen. Direktes Sonnenlicht sollte man vermeiden, genau wie gro\u00dfe Mengen Wasser. Die Zamioculcas kann n\u00e4mlich ein paar Wochen lang von dem Wasser zehren, das sie in ihren Stielen und Wurzeln speichert.&nbsp;Daher kann man das Gie\u00dfen auch ruhig einmal auslassen.&nbsp;Praktisch, wenn man in den Urlaub f\u00e4hrt! Sie darf h\u00f6chstens einmal pro Monat etwas Pflanzennahrung bekommen.<\/p>\n\n\n\n<p><strong>Tipp:<\/strong>&nbsp;sollte die Pflanze Ihrer Einsch\u00e4tzung nach aus der Form wachsen, dann k\u00f6nnen Sie dies korrigieren und mit einem scharfen Messer einfach einen Zweig abschneiden.<\/p>\n<\/div>\n\n\n\n<div class=\"wp-block-column is-vertically-aligned-top is-layout-flow wp-block-column-is-layout-flow\">\n<section class=\"care-items-wrapper\">\n\n        <ul class=\"care-list\">\n                <li class=\"care-item care-place\">\n            <div class=\"care-icon\"><img loading=\"lazy\" decoding=\"async\" width=\"56\" height=\"56\" src=\"https:\/\/royalgreen.nl\/wp-content\/themes\/royalgreen\/img\/icon-place.png\" alt=\"Standplaats\"><\/div>\n            <div class=\"care-description\">Innenbereich<\/div>\n        <\/li>\n                        <li class=\"care-item care-light\">\n            <div class=\"care-icon\"><img loading=\"lazy\" decoding=\"async\" width=\"56\" height=\"56\" src=\"https:\/\/royalgreen.nl\/wp-content\/themes\/royalgreen\/img\/icon-light.png\" alt=\"Licht\"\"><\/div>\n            <div class=\"care-description\">Sonne oder Halbschatten. Im Sommer nicht Sonnenlicht stellen<\/div>\n        <\/li>\n                        <li class=\"care-item care-water\">\n            <div class=\"care-icon\"><img loading=\"lazy\" decoding=\"async\" width=\"56\" height=\"56\" src=\"https:\/\/royalgreen.nl\/wp-content\/themes\/royalgreen\/img\/icon-water.png\" alt=\"Water\"\"><\/div>\n            <div class=\"care-description\">1x alle 2 Wochen<\/div>\n        <\/li>\n                        <li class=\"care-item care-food\">\n            <div class=\"care-icon\"><img loading=\"lazy\" decoding=\"async\" width=\"56\" height=\"56\" src=\"https:\/\/royalgreen.nl\/wp-content\/themes\/royalgreen\/img\/icon-food.png\" alt=\"Voedsel\"\"><\/div>\n            <div class=\"care-description\">1x pro Monat<\/div>\n        <\/li>\n                        <li class=\"care-item care-temp\">\n            <div class=\"care-icon icon-light\"><img loading=\"lazy\" decoding=\"async\" width=\"56\" height=\"56\" src=\"https:\/\/royalgreen.nl\/wp-content\/themes\/royalgreen\/img\/icon-temp.png\" alt=\"Temperatuur\"\"><\/div>\n            <div class=\"care-description\">15-30 Grad<\/div>\n        <\/li>\n                        <li class=\"care-item care-note\">\n            <div class=\"care-icon icon-light\"><img loading=\"lazy\" decoding=\"async\" width=\"56\" height=\"56\" src=\"https:\/\/royalgreen.nl\/wp-content\/themes\/royalgreen\/img\/icon-note.png\" alt=\"Opmerking\"\"><\/div>\n            <div class=\"care-description\">H\u00e4ngende oder h\u00e4ssliche St\u00e4ngel abschneiden<\/div>\n        <\/li>\n            <\/ul>\n    <\/section>\n\n<\/div>\n<\/div>\n\n\n\n<hr class=\"wp-block-separator\"\/>\n\n\n\n<h2 class=\"wp-block-heading\">Pflege Curio <\/h2>\n\n\n\n<div class=\"wp-block-columns care-colums is-layout-flex wp-container-core-columns-is-layout-9d6595d7 wp-block-columns-is-layout-flex\">\n<div class=\"wp-block-column is-layout-flow wp-block-column-is-layout-flow\">\n<figure class=\"wp-block-image size-large\"><img loading=\"lazy\" decoding=\"async\" width=\"853\" height=\"1280\" src=\"https:\/\/royalgreen.nl\/wp-content\/uploads\/2021\/10\/Royal-Green_Verzorging-Curio-853x1280.jpg\" alt=\"\" class=\"wp-image-837\" srcset=\"https:\/\/royalgreen.nl\/wp-content\/uploads\/2021\/10\/Royal-Green_Verzorging-Curio-853x1280.jpg 853w, https:\/\/royalgreen.nl\/wp-content\/uploads\/2021\/10\/Royal-Green_Verzorging-Curio-683x1024.jpg 683w, https:\/\/royalgreen.nl\/wp-content\/uploads\/2021\/10\/Royal-Green_Verzorging-Curio-768x1152.jpg 768w, https:\/\/royalgreen.nl\/wp-content\/uploads\/2021\/10\/Royal-Green_Verzorging-Curio-1024x1536.jpg 1024w, https:\/\/royalgreen.nl\/wp-content\/uploads\/2021\/10\/Royal-Green_Verzorging-Curio-1365x2048.jpg 1365w, https:\/\/royalgreen.nl\/wp-content\/uploads\/2021\/10\/Royal-Green_Verzorging-Curio-scaled.jpg 1707w\" sizes=\"auto, (max-width: 853px) 100vw, 853px\" \/><\/figure>\n<\/div>\n\n\n\n<div class=\"wp-block-column is-layout-flow wp-block-column-is-layout-flow\">\n<p>Curio ist eine echte Sonnenanbeterin, sie f\u00fchlt sich in der (vollen) Sonne wohl. Curio gedeiht bei Temperaturen zwischen 5\u02da C und 30\u02da C, aber falls es in der vollen Sonne sogar bis zu 40\u02da C hei\u00df werden sollte, ist auch dies kein Problem. Da Curio eine Sukkulente ist, darf man sie ziemlich trocken halten.&nbsp;Wenn man sie ein oder zwei Mal pro Monat mit (gr\u00fcner) Pflanzennahrung d\u00fcngt, bleibt die Pflanze sch\u00f6n und robust.&nbsp;Curio ist eine Zimmerpflanze, aber man kann sie bei sch\u00f6nem Wetter auch prima nach drau\u00dfen stellen.<\/p>\n\n\n\n<p><strong>Tipp:<\/strong> falls die Pflanze zu gro\u00df wird, k\u00f6nnen Sie mit einem scharfen Messer ruhig den l\u00e4ngsten Zweig zur H\u00e4lfte abschneiden.&nbsp;Danach treibt die Pflanze einfach wieder weiter aus.<\/p>\n<\/div>\n\n\n\n<div class=\"wp-block-column is-layout-flow wp-block-column-is-layout-flow\">\n<section class=\"care-items-wrapper\">\n\n        <ul class=\"care-list\">\n                <li class=\"care-item care-place\">\n            <div class=\"care-icon\"><img loading=\"lazy\" decoding=\"async\" width=\"56\" height=\"56\" src=\"https:\/\/royalgreen.nl\/wp-content\/themes\/royalgreen\/img\/icon-place.png\" alt=\"Standplaats\"><\/div>\n            <div class=\"care-description\">Innen- und Au\u00dfenbereich<\/div>\n        <\/li>\n                        <li class=\"care-item care-light\">\n            <div class=\"care-icon\"><img loading=\"lazy\" decoding=\"async\" width=\"56\" height=\"56\" src=\"https:\/\/royalgreen.nl\/wp-content\/themes\/royalgreen\/img\/icon-light.png\" alt=\"Licht\"\"><\/div>\n            <div class=\"care-description\">In der vollen Sonne<\/div>\n        <\/li>\n                        <li class=\"care-item care-water\">\n            <div class=\"care-icon\"><img loading=\"lazy\" decoding=\"async\" width=\"56\" height=\"56\" src=\"https:\/\/royalgreen.nl\/wp-content\/themes\/royalgreen\/img\/icon-water.png\" alt=\"Water\"\"><\/div>\n            <div class=\"care-description\">1x alle 2 Wochen<\/div>\n        <\/li>\n                        <li class=\"care-item care-food\">\n            <div class=\"care-icon\"><img loading=\"lazy\" decoding=\"async\" width=\"56\" height=\"56\" src=\"https:\/\/royalgreen.nl\/wp-content\/themes\/royalgreen\/img\/icon-food.png\" alt=\"Voedsel\"\"><\/div>\n            <div class=\"care-description\">1x pro Monat<\/div>\n        <\/li>\n                        <li class=\"care-item care-temp\">\n            <div class=\"care-icon icon-light\"><img loading=\"lazy\" decoding=\"async\" width=\"56\" height=\"56\" src=\"https:\/\/royalgreen.nl\/wp-content\/themes\/royalgreen\/img\/icon-temp.png\" alt=\"Temperatuur\"\"><\/div>\n            <div class=\"care-description\">5-40 Grad<\/div>\n        <\/li>\n                        <li class=\"care-item care-note\">\n            <div class=\"care-icon icon-light\"><img loading=\"lazy\" decoding=\"async\" width=\"56\" height=\"56\" src=\"https:\/\/royalgreen.nl\/wp-content\/themes\/royalgreen\/img\/icon-note.png\" alt=\"Opmerking\"\"><\/div>\n            <div class=\"care-description\">H\u00e4ngende oder h\u00e4ssliche St\u00e4ngel abschneiden<\/div>\n        <\/li>\n            <\/ul>\n    <\/section>\n\n<\/div>\n<\/div>\n\n\n\n<hr class=\"wp-block-separator\"\/>\n\n\n\n<h2 class=\"wp-block-heading\">Pflege Echeveria <\/h2>\n\n\n\n<div class=\"wp-block-columns are-vertically-aligned-top care-colums is-layout-flex wp-container-core-columns-is-layout-9d6595d7 wp-block-columns-is-layout-flex\">\n<div class=\"wp-block-column is-vertically-aligned-top is-layout-flow wp-block-column-is-layout-flow\">\n<figure class=\"wp-block-image size-large\"><img loading=\"lazy\" decoding=\"async\" width=\"853\" height=\"1280\" src=\"https:\/\/royalgreen.nl\/wp-content\/uploads\/2021\/10\/Royal-Green_Verzorging-Echeveria-853x1280.jpg\" alt=\"\" class=\"wp-image-844\" srcset=\"https:\/\/royalgreen.nl\/wp-content\/uploads\/2021\/10\/Royal-Green_Verzorging-Echeveria-853x1280.jpg 853w, https:\/\/royalgreen.nl\/wp-content\/uploads\/2021\/10\/Royal-Green_Verzorging-Echeveria-683x1024.jpg 683w, https:\/\/royalgreen.nl\/wp-content\/uploads\/2021\/10\/Royal-Green_Verzorging-Echeveria-768x1152.jpg 768w, https:\/\/royalgreen.nl\/wp-content\/uploads\/2021\/10\/Royal-Green_Verzorging-Echeveria-1024x1536.jpg 1024w, https:\/\/royalgreen.nl\/wp-content\/uploads\/2021\/10\/Royal-Green_Verzorging-Echeveria-1365x2048.jpg 1365w, https:\/\/royalgreen.nl\/wp-content\/uploads\/2021\/10\/Royal-Green_Verzorging-Echeveria-scaled.jpg 1707w\" sizes=\"auto, (max-width: 853px) 100vw, 853px\" \/><\/figure>\n<\/div>\n\n\n\n<div class=\"wp-block-column is-vertically-aligned-top is-layout-flow wp-block-column-is-layout-flow\">\n<p>Die Echeveria ist sowohl Zimmer- als auch Terrassenpflanze. Sie steht am liebsten an einer halbschattigen oder -sonnigen Stelle.&nbsp;Im Sommer steht sie am liebsten drau\u00dfen, aber im Winter sollte man sie besser ins Haus holen, denn Frost vertr\u00e4gt sie nicht.&nbsp;Die Echeveria ist eine Sukkulente. Daher braucht man ihr nur wenig Wasser zu geben, vor allem im Winter.&nbsp;Die Erde darf zwischenzeitlich durchaus ein wenig austrocknen. Sorgen Sie immer daf\u00fcr, dass das Wasser gut ablaufen kann.<\/p>\n\n\n\n<p><strong>Tipp:<\/strong> m\u00f6chten Sie die sch\u00f6ne rote Farbe wiederhaben?&nbsp;Dann stellen Sie die Echeveria nach drau\u00dfen. Sie werden sehen, dass die Farbe wieder kr\u00e4ftiger wird!<\/p>\n<\/div>\n\n\n\n<div class=\"wp-block-column is-vertically-aligned-top is-layout-flow wp-block-column-is-layout-flow\">\n<section class=\"care-items-wrapper\">\n\n        <ul class=\"care-list\">\n                <li class=\"care-item care-place\">\n            <div class=\"care-icon\"><img loading=\"lazy\" decoding=\"async\" width=\"56\" height=\"56\" src=\"https:\/\/royalgreen.nl\/wp-content\/themes\/royalgreen\/img\/icon-place.png\" alt=\"Standplaats\"><\/div>\n            <div class=\"care-description\">Innen- und Au\u00dfenbereich<\/div>\n        <\/li>\n                        <li class=\"care-item care-light\">\n            <div class=\"care-icon\"><img loading=\"lazy\" decoding=\"async\" width=\"56\" height=\"56\" src=\"https:\/\/royalgreen.nl\/wp-content\/themes\/royalgreen\/img\/icon-light.png\" alt=\"Licht\"\"><\/div>\n            <div class=\"care-description\">In der vollen Sonne<\/div>\n        <\/li>\n                        <li class=\"care-item care-water\">\n            <div class=\"care-icon\"><img loading=\"lazy\" decoding=\"async\" width=\"56\" height=\"56\" src=\"https:\/\/royalgreen.nl\/wp-content\/themes\/royalgreen\/img\/icon-water.png\" alt=\"Water\"\"><\/div>\n            <div class=\"care-description\">1x alle 2 Wochen<\/div>\n        <\/li>\n                        <li class=\"care-item care-food\">\n            <div class=\"care-icon\"><img loading=\"lazy\" decoding=\"async\" width=\"56\" height=\"56\" src=\"https:\/\/royalgreen.nl\/wp-content\/themes\/royalgreen\/img\/icon-food.png\" alt=\"Voedsel\"\"><\/div>\n            <div class=\"care-description\">1x pro Monat<\/div>\n        <\/li>\n                        <li class=\"care-item care-temp\">\n            <div class=\"care-icon icon-light\"><img loading=\"lazy\" decoding=\"async\" width=\"56\" height=\"56\" src=\"https:\/\/royalgreen.nl\/wp-content\/themes\/royalgreen\/img\/icon-temp.png\" alt=\"Temperatuur\"\"><\/div>\n            <div class=\"care-description\">5-40 Grad<\/div>\n        <\/li>\n                    <\/ul>\n    <\/section>\n\n<\/div>\n<\/div>\n","protected":false},"excerpt":{"rendered":"<p>Pflege Zamioculcas Zamioculcas ist eine der pflegeleichtesten Zimmerpflanzen, die es gibt.&nbsp;Man kann sie problemlos an eine etwas dunklere oder eine helle Stelle im Haus stellen. Direktes Sonnenlicht sollte man vermeiden, genau wie gro\u00dfe Mengen Wasser. Die Zamioculcas kann n\u00e4mlich ein paar Wochen lang von dem Wasser zehren, das sie in ihren Stielen und Wurzeln speichert.&nbsp;Daher [&hellip;]<\/p>\n","protected":false},"author":6,"featured_media":0,"parent":0,"menu_order":0,"comment_status":"closed","ping_status":"closed","template":"","meta":{"_monsterinsights_skip_tracking":false,"_monsterinsights_sitenote_active":false,"_monsterinsights_sitenote_note":"","_monsterinsights_sitenote_category":0,"footnotes":""},"class_list":["post-1858","page","type-page","status-publish","hentry"],"acf":[],"_links":{"self":[{"href":"https:\/\/royalgreen.nl\/de\/wp-json\/wp\/v2\/pages\/1858","targetHints":{"allow":["GET"]}}],"collection":[{"href":"https:\/\/royalgreen.nl\/de\/wp-json\/wp\/v2\/pages"}],"about":[{"href":"https:\/\/royalgreen.nl\/de\/wp-json\/wp\/v2\/types\/page"}],"author":[{"embeddable":true,"href":"https:\/\/royalgreen.nl\/de\/wp-json\/wp\/v2\/users\/6"}],"replies":[{"embeddable":true,"href":"https:\/\/royalgreen.nl\/de\/wp-json\/wp\/v2\/comments?post=1858"}],"version-history":[{"count":3,"href":"https:\/\/royalgreen.nl\/de\/wp-json\/wp\/v2\/pages\/1858\/revisions"}],"predecessor-version":[{"id":1935,"href":"https:\/\/royalgreen.nl\/de\/wp-json\/wp\/v2\/pages\/1858\/revisions\/1935"}],"wp:attachment":[{"href":"https:\/\/royalgreen.nl\/de\/wp-json\/wp\/v2\/media?parent=1858"}],"curies":[{"name":"wp","href":"https:\/\/api.w.org\/{rel}","templated":true}]}}