{"id":1861,"date":"2022-07-29T16:15:36","date_gmt":"2022-07-29T14:15:36","guid":{"rendered":"https:\/\/royalgreen.nl\/?page_id=1861"},"modified":"2022-08-09T15:58:12","modified_gmt":"2022-08-09T13:58:12","slug":"gartenpflanzen","status":"publish","type":"page","link":"https:\/\/royalgreen.nl\/de\/gartenpflanzen\/","title":{"rendered":"Gartenpflanzen"},"content":{"rendered":"\n<h2 class=\"wp-block-heading\">Pflege Geranien <\/h2>\n\n\n\n<p><\/p>\n\n\n\n<div class=\"wp-block-columns care-colums is-layout-flex wp-container-core-columns-is-layout-9d6595d7 wp-block-columns-is-layout-flex\">\n<div class=\"wp-block-column is-layout-flow wp-block-column-is-layout-flow\" style=\"flex-basis:33.34%\">\n<figure class=\"wp-block-image size-large is-resized\"><img decoding=\"async\" src=\"https:\/\/royalgreen.nl\/wp-content\/uploads\/2022\/05\/M93A2806-edited-1-scaled.jpg\" alt=\"\" class=\"wp-image-1502\" width=\"320\" srcset=\"https:\/\/royalgreen.nl\/wp-content\/uploads\/2022\/05\/M93A2806-edited-1-scaled.jpg 1921w, https:\/\/royalgreen.nl\/wp-content\/uploads\/2022\/05\/M93A2806-edited-1-768x1023.jpg 768w, https:\/\/royalgreen.nl\/wp-content\/uploads\/2022\/05\/M93A2806-edited-1-961x1280.jpg 961w, https:\/\/royalgreen.nl\/wp-content\/uploads\/2022\/05\/M93A2806-edited-1-1153x1536.jpg 1153w, https:\/\/royalgreen.nl\/wp-content\/uploads\/2022\/05\/M93A2806-edited-1-1537x2048.jpg 1537w\" sizes=\"(max-width: 1921px) 100vw, 1921px\" \/><\/figure>\n<\/div>\n\n\n\n<div class=\"wp-block-column is-layout-flow wp-block-column-is-layout-flow\" style=\"flex-basis:33.34%\">\n<p>Die Geranie ist die K\u00f6nigin der Balkon- und Terrassenpflanzen. Sie ist eine echte Sonnenanbeterin und steht daher auch m\u00fchelos in der vollen Sonne, aber auch an einer Stelle im Halbschatten gedeiht sie gut. Geben Sie der Geranie ausreichend Wasser, direkt in den Topf und nicht auf die Pflanze selbst.&nbsp;Sie mag keine nassen F\u00fc\u00dfe, man kann mit dem Gie\u00dfen also ruhig einmal aussetzen, sogar bis die Erde wieder sehr trocken ist.<\/p>\n\n\n\n<p><strong>Tipp:<\/strong> entfernen Sie verbl\u00fchte Bl\u00fcten. Dann erzeugt die Geranie schnell neue Knospen.<\/p>\n<\/div>\n\n\n\n<div class=\"wp-block-column is-layout-flow wp-block-column-is-layout-flow\" style=\"flex-basis:33.33%\">\n<section class=\"care-items-wrapper\">\n\n        <ul class=\"care-list\">\n                <li class=\"care-item care-place\">\n            <div class=\"care-icon\"><img loading=\"lazy\" decoding=\"async\" width=\"56\" height=\"56\" src=\"https:\/\/royalgreen.nl\/wp-content\/themes\/royalgreen\/img\/icon-place.png\" alt=\"Standplaats\"><\/div>\n            <div class=\"care-description\">Im Au\u00dfenbereich<\/div>\n        <\/li>\n                        <li class=\"care-item care-light\">\n            <div class=\"care-icon\"><img loading=\"lazy\" decoding=\"async\" width=\"56\" height=\"56\" src=\"https:\/\/royalgreen.nl\/wp-content\/themes\/royalgreen\/img\/icon-light.png\" alt=\"Licht\"\"><\/div>\n            <div class=\"care-description\">Sonne und Halbschatten<\/div>\n        <\/li>\n                        <li class=\"care-item care-water\">\n            <div class=\"care-icon\"><img loading=\"lazy\" decoding=\"async\" width=\"56\" height=\"56\" src=\"https:\/\/royalgreen.nl\/wp-content\/themes\/royalgreen\/img\/icon-water.png\" alt=\"Water\"\"><\/div>\n            <div class=\"care-description\">Erde muss feucht bleiben<\/div>\n        <\/li>\n                        <li class=\"care-item care-food\">\n            <div class=\"care-icon\"><img loading=\"lazy\" decoding=\"async\" width=\"56\" height=\"56\" src=\"https:\/\/royalgreen.nl\/wp-content\/themes\/royalgreen\/img\/icon-food.png\" alt=\"Voedsel\"\"><\/div>\n            <div class=\"care-description\">1x alle 2 Wochen<\/div>\n        <\/li>\n                        <li class=\"care-item care-temp\">\n            <div class=\"care-icon icon-light\"><img loading=\"lazy\" decoding=\"async\" width=\"56\" height=\"56\" src=\"https:\/\/royalgreen.nl\/wp-content\/themes\/royalgreen\/img\/icon-temp.png\" alt=\"Temperatuur\"\"><\/div>\n            <div class=\"care-description\">Mindestens 5 Grad<\/div>\n        <\/li>\n                        <li class=\"care-item care-note\">\n            <div class=\"care-icon icon-light\"><img loading=\"lazy\" decoding=\"async\" width=\"56\" height=\"56\" src=\"https:\/\/royalgreen.nl\/wp-content\/themes\/royalgreen\/img\/icon-note.png\" alt=\"Opmerking\"\"><\/div>\n            <div class=\"care-description\">Verbl\u00fchte Bl\u00fcten entfernen<\/div>\n        <\/li>\n            <\/ul>\n    <\/section>\n\n\n\n\n<p><\/p>\n<\/div>\n<\/div>\n\n\n\n<hr class=\"wp-block-separator has-text-color has-background has-tertiary-background-color has-tertiary-color\"\/>\n\n\n\n<h2 class=\"wp-block-heading\">Pflege Terrasenrosen <\/h2>\n\n\n\n<p><\/p>\n\n\n\n<div class=\"wp-block-columns care-colums is-layout-flex wp-container-core-columns-is-layout-9d6595d7 wp-block-columns-is-layout-flex\">\n<div class=\"wp-block-column is-layout-flow wp-block-column-is-layout-flow\">\n<figure class=\"wp-block-image size-full\"><img loading=\"lazy\" decoding=\"async\" width=\"720\" height=\"960\" src=\"https:\/\/royalgreen.nl\/wp-content\/uploads\/2022\/05\/M93A2839-Large-edited.jpg\" alt=\"\" class=\"wp-image-1539\"\/><\/figure>\n<\/div>\n\n\n\n<div class=\"wp-block-column is-layout-flow wp-block-column-is-layout-flow\">\n<p>Mit der richtigen Pflege kann die Terrassenrose lange und reich bl\u00fchen. Die Pflanze steht gerne im Licht, vertr\u00e4gt es aber nicht, wenn sie austrocknet. Je w\u00e4rmer und sonniger es ist, desto durstiger wird die Terrassenrose. Geben Sie ihr daher regelm\u00e4\u00dfig Wasser, um ein Austrocknen des Wurzelballens zu verhindern.<\/p>\n\n\n\n<p><strong>Tipp:<\/strong> geben Sie ihr f\u00fcr eine reiche Bl\u00fcte alle drei Wochen Pflanzen- oder Rosend\u00fcnger.<\/p>\n\n\n\n<p>&nbsp;<\/p>\n<\/div>\n\n\n\n<div class=\"wp-block-column is-layout-flow wp-block-column-is-layout-flow\">\n<section class=\"care-items-wrapper\">\n\n        <ul class=\"care-list\">\n                <li class=\"care-item care-place\">\n            <div class=\"care-icon\"><img loading=\"lazy\" decoding=\"async\" width=\"56\" height=\"56\" src=\"https:\/\/royalgreen.nl\/wp-content\/themes\/royalgreen\/img\/icon-place.png\" alt=\"Standplaats\"><\/div>\n            <div class=\"care-description\">Im Au\u00dfenbereich<\/div>\n        <\/li>\n                        <li class=\"care-item care-light\">\n            <div class=\"care-icon\"><img loading=\"lazy\" decoding=\"async\" width=\"56\" height=\"56\" src=\"https:\/\/royalgreen.nl\/wp-content\/themes\/royalgreen\/img\/icon-light.png\" alt=\"Licht\"\"><\/div>\n            <div class=\"care-description\">Sonne und Halbschatten<\/div>\n        <\/li>\n                        <li class=\"care-item care-water\">\n            <div class=\"care-icon\"><img loading=\"lazy\" decoding=\"async\" width=\"56\" height=\"56\" src=\"https:\/\/royalgreen.nl\/wp-content\/themes\/royalgreen\/img\/icon-water.png\" alt=\"Water\"\"><\/div>\n            <div class=\"care-description\">Erde muss feucht bleiben<\/div>\n        <\/li>\n                        <li class=\"care-item care-food\">\n            <div class=\"care-icon\"><img loading=\"lazy\" decoding=\"async\" width=\"56\" height=\"56\" src=\"https:\/\/royalgreen.nl\/wp-content\/themes\/royalgreen\/img\/icon-food.png\" alt=\"Voedsel\"\"><\/div>\n            <div class=\"care-description\">1x alle 2 Wochen<\/div>\n        <\/li>\n                        <li class=\"care-item care-temp\">\n            <div class=\"care-icon icon-light\"><img loading=\"lazy\" decoding=\"async\" width=\"56\" height=\"56\" src=\"https:\/\/royalgreen.nl\/wp-content\/themes\/royalgreen\/img\/icon-temp.png\" alt=\"Temperatuur\"\"><\/div>\n            <div class=\"care-description\">Mindestens 5 Grad<\/div>\n        <\/li>\n                        <li class=\"care-item care-note\">\n            <div class=\"care-icon icon-light\"><img loading=\"lazy\" decoding=\"async\" width=\"56\" height=\"56\" src=\"https:\/\/royalgreen.nl\/wp-content\/themes\/royalgreen\/img\/icon-note.png\" alt=\"Opmerking\"\"><\/div>\n            <div class=\"care-description\">Verbl\u00fchte Bl\u00fcten entfernen<\/div>\n        <\/li>\n            <\/ul>\n    <\/section>\n\n<\/div>\n<\/div>\n\n\n\n<hr class=\"wp-block-separator\"\/>\n\n\n\n<h2 class=\"wp-block-heading\">Pflege Hanging Baskets <\/h2>\n\n\n\n<p><\/p>\n\n\n\n<div class=\"wp-block-columns care-colums is-layout-flex wp-container-core-columns-is-layout-9d6595d7 wp-block-columns-is-layout-flex\">\n<div class=\"wp-block-column is-layout-flow wp-block-column-is-layout-flow\">\n<figure class=\"wp-block-image size-full\"><img loading=\"lazy\" decoding=\"async\" width=\"808\" height=\"1077\" src=\"https:\/\/royalgreen.nl\/wp-content\/uploads\/2022\/05\/M93A2968-Large-edited-1.jpg\" alt=\"Hanging Baskets\" class=\"wp-image-1543\" srcset=\"https:\/\/royalgreen.nl\/wp-content\/uploads\/2022\/05\/M93A2968-Large-edited-1.jpg 808w, https:\/\/royalgreen.nl\/wp-content\/uploads\/2022\/05\/M93A2968-Large-edited-1-768x1024.jpg 768w\" sizes=\"auto, (max-width: 808px) 100vw, 808px\" \/><\/figure>\n<\/div>\n\n\n\n<div class=\"wp-block-column is-layout-flow wp-block-column-is-layout-flow\">\n<p>Der Hanging Basket ist ein echter Sommerbl\u00fcher und mag sonnige Stellen. Vor allem in der vollen Sonne gedeiht er gut, wenn man die Gie\u00dfwassermenge entsprechend anpasst. Nach dem Verbl\u00fchen ben\u00f6tigt der Hanging Basket jeden Tag viel Wasser, bei warmem Sommerwetter manchmal sogar zwei Mal am Tag. Wenn Sie die Pflanze mit langfristig wirksamer Pflanzennahrung versehen, bleibt sie sch\u00f6n und robust. Wiederholen Sie dies nach dem Verbl\u00fchen einmal w\u00f6chentlich mit einer Portion fl\u00fcssigem Pflanzend\u00fcnger.<\/p>\n\n\n\n<p><strong>Tipp:<\/strong> verringert sich die Bl\u00fcte Ihres Hanging Baskets? Dann stutzen Sie ihn mit einer Schere, damit er wieder austreibt und bl\u00fcht.<\/p>\n\n\n\n<p><\/p>\n<\/div>\n\n\n\n<div class=\"wp-block-column is-layout-flow wp-block-column-is-layout-flow\">\n<section class=\"care-items-wrapper\">\n\n        <ul class=\"care-list\">\n                <li class=\"care-item care-place\">\n            <div class=\"care-icon\"><img loading=\"lazy\" decoding=\"async\" width=\"56\" height=\"56\" src=\"https:\/\/royalgreen.nl\/wp-content\/themes\/royalgreen\/img\/icon-place.png\" alt=\"Standplaats\"><\/div>\n            <div class=\"care-description\">Im Au\u00dfenbereich<\/div>\n        <\/li>\n                        <li class=\"care-item care-light\">\n            <div class=\"care-icon\"><img loading=\"lazy\" decoding=\"async\" width=\"56\" height=\"56\" src=\"https:\/\/royalgreen.nl\/wp-content\/themes\/royalgreen\/img\/icon-light.png\" alt=\"Licht\"\"><\/div>\n            <div class=\"care-description\">Sonne und Halbschatten<\/div>\n        <\/li>\n                        <li class=\"care-item care-water\">\n            <div class=\"care-icon\"><img loading=\"lazy\" decoding=\"async\" width=\"56\" height=\"56\" src=\"https:\/\/royalgreen.nl\/wp-content\/themes\/royalgreen\/img\/icon-water.png\" alt=\"Water\"\"><\/div>\n            <div class=\"care-description\">Erde muss feucht bleiben<\/div>\n        <\/li>\n                        <li class=\"care-item care-food\">\n            <div class=\"care-icon\"><img loading=\"lazy\" decoding=\"async\" width=\"56\" height=\"56\" src=\"https:\/\/royalgreen.nl\/wp-content\/themes\/royalgreen\/img\/icon-food.png\" alt=\"Voedsel\"\"><\/div>\n            <div class=\"care-description\">1x alle 2 Wochen<\/div>\n        <\/li>\n                        <li class=\"care-item care-temp\">\n            <div class=\"care-icon icon-light\"><img loading=\"lazy\" decoding=\"async\" width=\"56\" height=\"56\" src=\"https:\/\/royalgreen.nl\/wp-content\/themes\/royalgreen\/img\/icon-temp.png\" alt=\"Temperatuur\"\"><\/div>\n            <div class=\"care-description\">Mindestens 5 Grad<\/div>\n        <\/li>\n                        <li class=\"care-item care-note\">\n            <div class=\"care-icon icon-light\"><img loading=\"lazy\" decoding=\"async\" width=\"56\" height=\"56\" src=\"https:\/\/royalgreen.nl\/wp-content\/themes\/royalgreen\/img\/icon-note.png\" alt=\"Opmerking\"\"><\/div>\n            <div class=\"care-description\">Verbl\u00fchte Bl\u00fcten entfernen<\/div>\n        <\/li>\n            <\/ul>\n    <\/section>\n\n<\/div>\n<\/div>\n\n\n\n<hr class=\"wp-block-separator\"\/>\n\n\n\n<h2 class=\"wp-block-heading\">Pflege Senetti <\/h2>\n\n\n\n<p><\/p>\n\n\n\n<div class=\"wp-block-columns care-colums is-layout-flex wp-container-core-columns-is-layout-9d6595d7 wp-block-columns-is-layout-flex\">\n<div class=\"wp-block-column is-layout-flow wp-block-column-is-layout-flow\">\n<figure class=\"wp-block-image size-full\"><img loading=\"lazy\" decoding=\"async\" width=\"808\" height=\"1077\" src=\"https:\/\/royalgreen.nl\/wp-content\/uploads\/2022\/05\/M93A2767-Large-edited-1.jpg\" alt=\"Senetti Royal Colours\" class=\"wp-image-1547\" srcset=\"https:\/\/royalgreen.nl\/wp-content\/uploads\/2022\/05\/M93A2767-Large-edited-1.jpg 808w, https:\/\/royalgreen.nl\/wp-content\/uploads\/2022\/05\/M93A2767-Large-edited-1-768x1024.jpg 768w\" sizes=\"auto, (max-width: 808px) 100vw, 808px\" \/><\/figure>\n<\/div>\n\n\n\n<div class=\"wp-block-column is-layout-flow wp-block-column-is-layout-flow\">\n<p>Die Senetti ist sowohl Innen- als Au\u00dfenpflanze und steht am liebsten in der Sonne oder im Halbschatten. Eine niedrige Temperatur kann sie vertragen, bei Frost ben\u00f6tigt sie aber Schutz. Die Senetti ist pflegeleicht und ist mit ausreichend Wasser und etwas Blumenerde ein zufriedener Bl\u00fcher.<\/p>\n\n\n\n<p><strong>Tipp:<\/strong>&nbsp;entfernen Sie die verbl\u00fchten Bl\u00fcten f\u00fcr ein l\u00e4ngeres Bl\u00fchvergn\u00fcgen.<\/p>\n\n\n\n<p>&nbsp;<\/p>\n<\/div>\n\n\n\n<div class=\"wp-block-column is-layout-flow wp-block-column-is-layout-flow\">\n<section class=\"care-items-wrapper\">\n\n        <ul class=\"care-list\">\n                <li class=\"care-item care-place\">\n            <div class=\"care-icon\"><img loading=\"lazy\" decoding=\"async\" width=\"56\" height=\"56\" src=\"https:\/\/royalgreen.nl\/wp-content\/themes\/royalgreen\/img\/icon-place.png\" alt=\"Standplaats\"><\/div>\n            <div class=\"care-description\">Im Au\u00dfenbereich<\/div>\n        <\/li>\n                        <li class=\"care-item care-light\">\n            <div class=\"care-icon\"><img loading=\"lazy\" decoding=\"async\" width=\"56\" height=\"56\" src=\"https:\/\/royalgreen.nl\/wp-content\/themes\/royalgreen\/img\/icon-light.png\" alt=\"Licht\"\"><\/div>\n            <div class=\"care-description\">Sonne und Halbschatten<\/div>\n        <\/li>\n                        <li class=\"care-item care-water\">\n            <div class=\"care-icon\"><img loading=\"lazy\" decoding=\"async\" width=\"56\" height=\"56\" src=\"https:\/\/royalgreen.nl\/wp-content\/themes\/royalgreen\/img\/icon-water.png\" alt=\"Water\"\"><\/div>\n            <div class=\"care-description\">Erde muss feucht bleiben<\/div>\n        <\/li>\n                        <li class=\"care-item care-food\">\n            <div class=\"care-icon\"><img loading=\"lazy\" decoding=\"async\" width=\"56\" height=\"56\" src=\"https:\/\/royalgreen.nl\/wp-content\/themes\/royalgreen\/img\/icon-food.png\" alt=\"Voedsel\"\"><\/div>\n            <div class=\"care-description\">1x alle 2 Wochen<\/div>\n        <\/li>\n                        <li class=\"care-item care-temp\">\n            <div class=\"care-icon icon-light\"><img loading=\"lazy\" decoding=\"async\" width=\"56\" height=\"56\" src=\"https:\/\/royalgreen.nl\/wp-content\/themes\/royalgreen\/img\/icon-temp.png\" alt=\"Temperatuur\"\"><\/div>\n            <div class=\"care-description\">Mindestens 5 Grad<\/div>\n        <\/li>\n                        <li class=\"care-item care-note\">\n            <div class=\"care-icon icon-light\"><img loading=\"lazy\" decoding=\"async\" width=\"56\" height=\"56\" src=\"https:\/\/royalgreen.nl\/wp-content\/themes\/royalgreen\/img\/icon-note.png\" alt=\"Opmerking\"\"><\/div>\n            <div class=\"care-description\">Verbl\u00fchte Bl\u00fcten entfernen<\/div>\n        <\/li>\n            <\/ul>\n    <\/section>\n\n<\/div>\n<\/div>\n\n\n\n<hr class=\"wp-block-separator\"\/>\n\n\n\n<h2 class=\"wp-block-heading\">Pflege Veilchen<\/h2>\n\n\n\n<p><\/p>\n\n\n\n<div class=\"wp-block-columns care-colums is-layout-flex wp-container-core-columns-is-layout-9d6595d7 wp-block-columns-is-layout-flex\">\n<div class=\"wp-block-column is-layout-flow wp-block-column-is-layout-flow\">\n<figure class=\"wp-block-image size-full\"><img loading=\"lazy\" decoding=\"async\" width=\"808\" height=\"1080\" src=\"https:\/\/royalgreen.nl\/wp-content\/uploads\/2022\/05\/M93A3061-Large-edited.jpg\" alt=\"Viool Royal Colours\" class=\"wp-image-1527\" srcset=\"https:\/\/royalgreen.nl\/wp-content\/uploads\/2022\/05\/M93A3061-Large-edited.jpg 808w, https:\/\/royalgreen.nl\/wp-content\/uploads\/2022\/05\/M93A3061-Large-edited-766x1024.jpg 766w, https:\/\/royalgreen.nl\/wp-content\/uploads\/2022\/05\/M93A3061-Large-edited-768x1027.jpg 768w\" sizes=\"auto, (max-width: 808px) 100vw, 808px\" \/><\/figure>\n<\/div>\n\n\n\n<div class=\"wp-block-column is-layout-flow wp-block-column-is-layout-flow\">\n<p>Das Veilchen ist eine robuste bl\u00fchende Pflanze und braucht nur wenig Pflege. Ob die Pflanze an einem schattigen Ort steht oder in der vollen Sonne, macht dem Veilchen eigentlich nicht viel aus. Sogar bei niedrigen Temperaturen gedeiht es gut. Das Veilchen bl\u00fcht am sch\u00f6nsten, wenn der Wurzelballen feucht ist, aber gie\u00dfen Sie es erst wieder, wenn&nbsp;die oberste Erdschicht&nbsp;schon l\u00e4ngere Zeit trocken war. Wenn Sie ein wenig Pflanzennahrung ins Gie\u00dfwasser geben, bleiben die Pflanzen extra lang gesund.<\/p>\n\n\n\n<p><strong>Tipp:<\/strong> werfen Sie Veilchen im Winter nicht \u00fcberhastet weg. Warten Sie die ersten sch\u00f6nen Fr\u00fchlingstage ab, dann werden Sie sehen, dass sie sich im Laufe der Zeit wieder vollst\u00e4ndig erholen.<\/p>\n<\/div>\n\n\n\n<div class=\"wp-block-column is-layout-flow wp-block-column-is-layout-flow\">\n<section class=\"care-items-wrapper\">\n\n        <ul class=\"care-list\">\n                <li class=\"care-item care-place\">\n            <div class=\"care-icon\"><img loading=\"lazy\" decoding=\"async\" width=\"56\" height=\"56\" src=\"https:\/\/royalgreen.nl\/wp-content\/themes\/royalgreen\/img\/icon-place.png\" alt=\"Standplaats\"><\/div>\n            <div class=\"care-description\">Im Au\u00dfenbereich<\/div>\n        <\/li>\n                        <li class=\"care-item care-light\">\n            <div class=\"care-icon\"><img loading=\"lazy\" decoding=\"async\" width=\"56\" height=\"56\" src=\"https:\/\/royalgreen.nl\/wp-content\/themes\/royalgreen\/img\/icon-light.png\" alt=\"Licht\"\"><\/div>\n            <div class=\"care-description\">Sonne und Halbschatten<\/div>\n        <\/li>\n                        <li class=\"care-item care-water\">\n            <div class=\"care-icon\"><img loading=\"lazy\" decoding=\"async\" width=\"56\" height=\"56\" src=\"https:\/\/royalgreen.nl\/wp-content\/themes\/royalgreen\/img\/icon-water.png\" alt=\"Water\"\"><\/div>\n            <div class=\"care-description\">Erde muss feucht bleiben<\/div>\n        <\/li>\n                        <li class=\"care-item care-food\">\n            <div class=\"care-icon\"><img loading=\"lazy\" decoding=\"async\" width=\"56\" height=\"56\" src=\"https:\/\/royalgreen.nl\/wp-content\/themes\/royalgreen\/img\/icon-food.png\" alt=\"Voedsel\"\"><\/div>\n            <div class=\"care-description\">1x alle 2 Wochen<\/div>\n        <\/li>\n                        <li class=\"care-item care-temp\">\n            <div class=\"care-icon icon-light\"><img loading=\"lazy\" decoding=\"async\" width=\"56\" height=\"56\" src=\"https:\/\/royalgreen.nl\/wp-content\/themes\/royalgreen\/img\/icon-temp.png\" alt=\"Temperatuur\"\"><\/div>\n            <div class=\"care-description\">Mindestens 5 Grad<\/div>\n        <\/li>\n                        <li class=\"care-item care-note\">\n            <div class=\"care-icon icon-light\"><img loading=\"lazy\" decoding=\"async\" width=\"56\" height=\"56\" src=\"https:\/\/royalgreen.nl\/wp-content\/themes\/royalgreen\/img\/icon-note.png\" alt=\"Opmerking\"\"><\/div>\n            <div class=\"care-description\">Verbl\u00fchte Bl\u00fcten entfernen<\/div>\n        <\/li>\n            <\/ul>\n    <\/section>\n\n<\/div>\n<\/div>\n\n\n\n<hr class=\"wp-block-separator\"\/>\n\n\n\n<h2 class=\"wp-block-heading\">Pflege Kugelchrysantheme<\/h2>\n\n\n\n<p><\/p>\n\n\n\n<div class=\"wp-block-columns care-colums is-layout-flex wp-container-core-columns-is-layout-9d6595d7 wp-block-columns-is-layout-flex\">\n<div class=\"wp-block-column is-layout-flow wp-block-column-is-layout-flow\">\n<figure class=\"wp-block-image size-full\"><img loading=\"lazy\" decoding=\"async\" width=\"810\" height=\"1080\" src=\"https:\/\/royalgreen.nl\/wp-content\/uploads\/2022\/05\/Bolchrysant_banner_1920px-edited.jpg\" alt=\"Bolchrysant\" class=\"wp-image-1519\" srcset=\"https:\/\/royalgreen.nl\/wp-content\/uploads\/2022\/05\/Bolchrysant_banner_1920px-edited.jpg 810w, https:\/\/royalgreen.nl\/wp-content\/uploads\/2022\/05\/Bolchrysant_banner_1920px-edited-768x1024.jpg 768w\" sizes=\"auto, (max-width: 810px) 100vw, 810px\" \/><\/figure>\n<\/div>\n\n\n\n<div class=\"wp-block-column is-layout-flow wp-block-column-is-layout-flow\">\n<p>Die Kugelchrysantheme ist eine recht anspruchslose Pflanze, sowohl im Halbschatten als auch in der vollen Sonne verwandelt sie sich in eine farbenreiche Kugel. Kugelchrysanthemen beginnen vor allem dann zu strahlen, wenn sie nicht trocken stehen. Gie\u00dfen Sie sie deswegen regelm\u00e4\u00dfig. Durch die sch\u00f6ne, volle Kugel gelangt das Wasser nicht immer zum Wurzelballen, \u00fcberpr\u00fcfen Sie dies also regelm\u00e4\u00dfig. Stellen Sie sie in einen \u00dcbertopf? Dann sorgen Sie immer daf\u00fcr, dass \u00fcbersch\u00fcssiges Wasser abflie\u00dfen kann. Geben Sie der Kugelchrysantheme regelm\u00e4\u00dfig einen Energieboost, indem Sie ihr alle zwei Wochen etwas Pflanzennahrung geben.<\/p>\n\n\n\n<p><strong>Tipp:<\/strong> stellen Sie die Kugelchrysantheme vor dem Frost an eine k\u00fchle, aber frostfreie Stelle und stutzen Sie sie im Fr\u00fchling ganz zur\u00fcck bis auf wenige Zentimeter \u00fcber dem Boden. Im M\u00e4rz\/April kann die Pflanze wieder nach drau\u00dfen gestellt werden. An Tagen mit mehr als 12 Stunden Tageslicht wird sie neue St\u00e4ngel und Bl\u00e4tter bilden.<\/p>\n<\/div>\n\n\n\n<div class=\"wp-block-column is-layout-flow wp-block-column-is-layout-flow\">\n<section class=\"care-items-wrapper\">\n\n        <ul class=\"care-list\">\n                <li class=\"care-item care-place\">\n            <div class=\"care-icon\"><img loading=\"lazy\" decoding=\"async\" width=\"56\" height=\"56\" src=\"https:\/\/royalgreen.nl\/wp-content\/themes\/royalgreen\/img\/icon-place.png\" alt=\"Standplaats\"><\/div>\n            <div class=\"care-description\">Im Au\u00dfenbereich<\/div>\n        <\/li>\n                        <li class=\"care-item care-light\">\n            <div class=\"care-icon\"><img loading=\"lazy\" decoding=\"async\" width=\"56\" height=\"56\" src=\"https:\/\/royalgreen.nl\/wp-content\/themes\/royalgreen\/img\/icon-light.png\" alt=\"Licht\"\"><\/div>\n            <div class=\"care-description\">Sonne und Halbschatten<\/div>\n        <\/li>\n                        <li class=\"care-item care-water\">\n            <div class=\"care-icon\"><img loading=\"lazy\" decoding=\"async\" width=\"56\" height=\"56\" src=\"https:\/\/royalgreen.nl\/wp-content\/themes\/royalgreen\/img\/icon-water.png\" alt=\"Water\"\"><\/div>\n            <div class=\"care-description\">Erde muss feucht bleiben<\/div>\n        <\/li>\n                        <li class=\"care-item care-food\">\n            <div class=\"care-icon\"><img loading=\"lazy\" decoding=\"async\" width=\"56\" height=\"56\" src=\"https:\/\/royalgreen.nl\/wp-content\/themes\/royalgreen\/img\/icon-food.png\" alt=\"Voedsel\"\"><\/div>\n            <div class=\"care-description\">1x alle 2 Wochen<\/div>\n        <\/li>\n                        <li class=\"care-item care-temp\">\n            <div class=\"care-icon icon-light\"><img loading=\"lazy\" decoding=\"async\" width=\"56\" height=\"56\" src=\"https:\/\/royalgreen.nl\/wp-content\/themes\/royalgreen\/img\/icon-temp.png\" alt=\"Temperatuur\"\"><\/div>\n            <div class=\"care-description\">Mindestens 5 Grad<\/div>\n        <\/li>\n                        <li class=\"care-item care-note\">\n            <div class=\"care-icon icon-light\"><img loading=\"lazy\" decoding=\"async\" width=\"56\" height=\"56\" src=\"https:\/\/royalgreen.nl\/wp-content\/themes\/royalgreen\/img\/icon-note.png\" alt=\"Opmerking\"\"><\/div>\n            <div class=\"care-description\">Verbl\u00fchte Bl\u00fcten entfernen<\/div>\n        <\/li>\n            <\/ul>\n    <\/section>\n\n<\/div>\n<\/div>\n","protected":false},"excerpt":{"rendered":"<p>Pflege Geranien Die Geranie ist die K\u00f6nigin der Balkon- und Terrassenpflanzen. Sie ist eine echte Sonnenanbeterin und steht daher auch m\u00fchelos in der vollen Sonne, aber auch an einer Stelle im Halbschatten gedeiht sie gut. Geben Sie der Geranie ausreichend Wasser, direkt in den Topf und nicht auf die Pflanze selbst.&nbsp;Sie mag keine nassen F\u00fc\u00dfe, [&hellip;]<\/p>\n","protected":false},"author":6,"featured_media":0,"parent":0,"menu_order":0,"comment_status":"closed","ping_status":"closed","template":"","meta":{"_monsterinsights_skip_tracking":false,"_monsterinsights_sitenote_active":false,"_monsterinsights_sitenote_note":"","_monsterinsights_sitenote_category":0,"footnotes":""},"class_list":["post-1861","page","type-page","status-publish","hentry"],"acf":[],"_links":{"self":[{"href":"https:\/\/royalgreen.nl\/de\/wp-json\/wp\/v2\/pages\/1861","targetHints":{"allow":["GET"]}}],"collection":[{"href":"https:\/\/royalgreen.nl\/de\/wp-json\/wp\/v2\/pages"}],"about":[{"href":"https:\/\/royalgreen.nl\/de\/wp-json\/wp\/v2\/types\/page"}],"author":[{"embeddable":true,"href":"https:\/\/royalgreen.nl\/de\/wp-json\/wp\/v2\/users\/6"}],"replies":[{"embeddable":true,"href":"https:\/\/royalgreen.nl\/de\/wp-json\/wp\/v2\/comments?post=1861"}],"version-history":[{"count":3,"href":"https:\/\/royalgreen.nl\/de\/wp-json\/wp\/v2\/pages\/1861\/revisions"}],"predecessor-version":[{"id":1934,"href":"https:\/\/royalgreen.nl\/de\/wp-json\/wp\/v2\/pages\/1861\/revisions\/1934"}],"wp:attachment":[{"href":"https:\/\/royalgreen.nl\/de\/wp-json\/wp\/v2\/media?parent=1861"}],"curies":[{"name":"wp","href":"https:\/\/api.w.org\/{rel}","templated":true}]}}