{"id":82,"date":"2018-03-20T12:30:21","date_gmt":"2018-03-20T12:30:21","guid":{"rendered":"https:\/\/royalgreen.nl\/?page_id=82"},"modified":"2022-08-23T11:03:52","modified_gmt":"2022-08-23T09:03:52","slug":"home","status":"publish","type":"page","link":"https:\/\/royalgreen.nl\/de\/","title":{"rendered":"Home"},"content":{"rendered":"\n<div class=\"wp-block-columns is-layout-flex wp-container-core-columns-is-layout-9d6595d7 wp-block-columns-is-layout-flex\">\n<div class=\"wp-block-column is-layout-flow wp-block-column-is-layout-flow\">\n<h2 class=\"wp-block-heading\">Royal <strong>Green<\/strong>\u00ae<\/h2>\n\n\n\n<p>Das Sortiment von Royal Green\u00ae steht f\u00fcr Luxus und Nachhaltigkeit in Einem \u2013 eine ansprechende Kombination f\u00fcr den bewussten Pflanzenliebhaber von heute. Es besteht aus nachhaltigen Exoten mit einer stilvollen Ausstrahlung f\u00fcr sowohl klassisch als auch modern eingerichtete Wohnzimmer. Die Pflanzen von Royal Green\u00ae sind an ihrer vitalen Ausstrahlung und ihrem auffallenden Designlabel leicht zu erkennen.<\/p>\n\n\n\n<p>Verw\u00f6hnen Sie sich selbst mit einer k\u00f6niglichen Pflanze von Royal Green\u00ae oder machen Sie jemandem damit ein Geschenk! Wir garantieren ein dauerhaftes Vergn\u00fcgen ohne den geringsten Pflegeaufwand.<\/p>\n<\/div>\n\n\n\n<div class=\"wp-block-column is-layout-flow wp-block-column-is-layout-flow\">\n<h2 class=\"wp-block-heading\">NACHHALTIGE <strong>ZUCHT<\/strong><\/h2>\n\n\n\n<p>Bei der G\u00e4rtnerei Van Winden steht nachhaltige Zucht hoch im Kurs. Wir produzieren gr\u00fcnen Strom, speichern die W\u00e4rme tags\u00fcber und verwenden sie nachts wieder. Das Wasser wird zu 100% in den Kreislauf zur\u00fcckgepumpt. Au\u00dferdem verwenden wir nach M\u00f6glichkeit biologische Bek\u00e4mpfungsmittel zum Pflanzenschutz.<\/p>\n\n\n\n<p>Unsere G\u00e4rtnerei entspricht den geltenden Normen in Bezug auf Umweltschutz und soziale Aspekte. Die Anforderungen werden durch&nbsp;<a href=\"http:\/\/www.ecas.nl\/Profiel\/WelkombijMPSECAS\/tabid\/304\/language\/nl-NL\/Default.aspx\" target=\"_blank\" rel=\"noopener\">MPS-ECAS<\/a>&nbsp;kontrolliert und zertifiziert. Wir sind im Besitz der drei folgenden MPS-Zertifikate: MPS-A, MPS-GAP und MPS Socially Qualified.<\/p>\n<\/div>\n\n\n\n<div class=\"wp-block-column is-layout-flow wp-block-column-is-layout-flow\">\n<h2 class=\"wp-block-heading\">\u00dcBER DEN <strong>Z\u00dcCHTER<\/strong><\/h2>\n\n\n\n<p>Gl\u00e4nzendes Gr\u00fcn so weit das Auge reicht. Wenn man die Gew\u00e4chsh\u00e4user der G\u00e4rtnerei Van Winden betritt, f\u00fchlt man sich wie in einem Dschungel. Aber lassen Sie sich nicht irref\u00fchren, dieser hochmoderne Topfpflanzenz\u00fcchte nutzt die allerneueste Technik. Van Winden wei\u00df, was er z\u00fcchtet und f\u00fcr wen. Seine schicken, stattlichen Pflanzen k\u00f6nnen viel vertragen und erfordern keinen gr\u00fcnen Daumen, sondern bl\u00fchen auch ohne ein \u00dcberma\u00df an Zuwendung.<\/p>\n<\/div>\n<\/div>\n\n\n\n<div class=\"wp-block-buttons is-content-justification-right is-layout-flex wp-block-buttons-is-layout-flex\">\n<div class=\"wp-block-button\"><a class=\"wp-block-button__link\" href=\"https:\/\/royalgreen.nl\/uber-uns\/?lang=de\">Uber uns<\/a><\/div>\n<\/div>\n","protected":false},"excerpt":{"rendered":"<p>Royal Green\u00ae Das Sortiment von Royal Green\u00ae steht f\u00fcr Luxus und Nachhaltigkeit in Einem \u2013 eine ansprechende Kombination f\u00fcr den bewussten Pflanzenliebhaber von heute. Es besteht aus nachhaltigen Exoten mit einer stilvollen Ausstrahlung f\u00fcr sowohl klassisch als auch modern eingerichtete Wohnzimmer. Die Pflanzen von Royal Green\u00ae sind an ihrer vitalen Ausstrahlung und ihrem auffallenden Designlabel [&hellip;]<\/p>\n","protected":false},"author":1,"featured_media":863,"parent":0,"menu_order":0,"comment_status":"closed","ping_status":"closed","template":"page-sidebar-content.php","meta":{"_monsterinsights_skip_tracking":false,"_monsterinsights_sitenote_active":false,"_monsterinsights_sitenote_note":"","_monsterinsights_sitenote_category":0,"footnotes":""},"class_list":["post-82","page","type-page","status-publish","has-post-thumbnail","hentry"],"acf":[],"_links":{"self":[{"href":"https:\/\/royalgreen.nl\/de\/wp-json\/wp\/v2\/pages\/82","targetHints":{"allow":["GET"]}}],"collection":[{"href":"https:\/\/royalgreen.nl\/de\/wp-json\/wp\/v2\/pages"}],"about":[{"href":"https:\/\/royalgreen.nl\/de\/wp-json\/wp\/v2\/types\/page"}],"author":[{"embeddable":true,"href":"https:\/\/royalgreen.nl\/de\/wp-json\/wp\/v2\/users\/1"}],"replies":[{"embeddable":true,"href":"https:\/\/royalgreen.nl\/de\/wp-json\/wp\/v2\/comments?post=82"}],"version-history":[{"count":7,"href":"https:\/\/royalgreen.nl\/de\/wp-json\/wp\/v2\/pages\/82\/revisions"}],"predecessor-version":[{"id":1965,"href":"https:\/\/royalgreen.nl\/de\/wp-json\/wp\/v2\/pages\/82\/revisions\/1965"}],"wp:featuredmedia":[{"embeddable":true,"href":"https:\/\/royalgreen.nl\/de\/wp-json\/wp\/v2\/media\/863"}],"wp:attachment":[{"href":"https:\/\/royalgreen.nl\/de\/wp-json\/wp\/v2\/media?parent=82"}],"curies":[{"name":"wp","href":"https:\/\/api.w.org\/{rel}","templated":true}]}}