{"id":92,"date":"2018-03-21T09:56:28","date_gmt":"2018-03-21T09:56:28","guid":{"rendered":"https:\/\/royalgreen.nl\/?page_id=92"},"modified":"2022-07-29T13:58:37","modified_gmt":"2022-07-29T11:58:37","slug":"uber-uns","status":"publish","type":"page","link":"https:\/\/royalgreen.nl\/de\/uber-uns\/","title":{"rendered":"Uber uns"},"content":{"rendered":"\n<div class=\"wp-block-columns is-layout-flex wp-container-core-columns-is-layout-9d6595d7 wp-block-columns-is-layout-flex\">\n<div class=\"wp-block-column is-layout-flow wp-block-column-is-layout-flow\">\n<p>Die G\u00e4rtnerei Van Winden hat ihren Sitz in Erica in der niederl\u00e4ndischen Provinz Drenthe. Gegr\u00fcndet wurde der Betrieb 1947 von Joop van Winden.\u00a0Im Laufe der Jahre hat sich die Firma zu dem entwickelt, was sie heute ist: ein moderner Gartenbaubetrieb mit einer Fl\u00e4che von mittlerweile 17 Hektar, auf denen Topfpflanzen erzeugt werden.\u00a0Die t\u00e4gliche Leitung des \u00fcber verschiedene Standorte verteilten Unternehmens liegt in den H\u00e4nden von Andr\u00e9 und seinem Sohn Tom van Winden, Berry van der Zwet und Jesse Hebels. Dieses Quartett ist gut aufeinander eingespielt und f\u00fchrt die Firma mit viel Herzblut und gro\u00dfem Engagement.<\/p>\n<\/div>\n\n\n\n<div class=\"wp-block-column is-layout-flow wp-block-column-is-layout-flow\">\n<figure class=\"wp-block-image size-large\"><img loading=\"lazy\" decoding=\"async\" width=\"1920\" height=\"1280\" src=\"https:\/\/royalgreen.nl\/wp-content\/uploads\/2021\/10\/IMG_1207-1920x1280.jpg\" alt=\"\" class=\"wp-image-1023\" srcset=\"https:\/\/royalgreen.nl\/wp-content\/uploads\/2021\/10\/IMG_1207-1920x1280.jpg 1920w, https:\/\/royalgreen.nl\/wp-content\/uploads\/2021\/10\/IMG_1207-1024x683.jpg 1024w, https:\/\/royalgreen.nl\/wp-content\/uploads\/2021\/10\/IMG_1207-768x512.jpg 768w, https:\/\/royalgreen.nl\/wp-content\/uploads\/2021\/10\/IMG_1207-1536x1024.jpg 1536w, https:\/\/royalgreen.nl\/wp-content\/uploads\/2021\/10\/IMG_1207-2048x1365.jpg 2048w\" sizes=\"auto, (max-width: 1920px) 100vw, 1920px\" \/><\/figure>\n<\/div>\n<\/div>\n\n\n\n<blockquote class=\"wp-block-quote is-layout-flow wp-block-quote-is-layout-flow\"><p><em><em>Zusammen mit dem Team verfolgen wir das Ziel, auf nachhaltige und innovative Weise au\u00dfergew\u00f6hnliche Produkte zu erzeugen.<\/em><\/em><\/p><\/blockquote>\n\n\n\n<div class=\"wp-block-columns is-layout-flex wp-container-core-columns-is-layout-9d6595d7 wp-block-columns-is-layout-flex\">\n<div class=\"wp-block-column is-layout-flow wp-block-column-is-layout-flow\" style=\"flex-basis:33.33%\">\n<figure class=\"wp-block-image size-large is-resized\"><img loading=\"lazy\" decoding=\"async\" src=\"https:\/\/royalgreen.nl\/wp-content\/uploads\/2021\/10\/20180309-Tom-en-Andre-van-Winden-4495-1-853x1280.jpg\" alt=\"\" class=\"wp-image-913\" width=\"272\" height=\"407\" srcset=\"https:\/\/royalgreen.nl\/wp-content\/uploads\/2021\/10\/20180309-Tom-en-Andre-van-Winden-4495-1-853x1280.jpg 853w, https:\/\/royalgreen.nl\/wp-content\/uploads\/2021\/10\/20180309-Tom-en-Andre-van-Winden-4495-1-683x1024.jpg 683w, https:\/\/royalgreen.nl\/wp-content\/uploads\/2021\/10\/20180309-Tom-en-Andre-van-Winden-4495-1-768x1152.jpg 768w, https:\/\/royalgreen.nl\/wp-content\/uploads\/2021\/10\/20180309-Tom-en-Andre-van-Winden-4495-1-1024x1536.jpg 1024w, https:\/\/royalgreen.nl\/wp-content\/uploads\/2021\/10\/20180309-Tom-en-Andre-van-Winden-4495-1-1365x2048.jpg 1365w, https:\/\/royalgreen.nl\/wp-content\/uploads\/2021\/10\/20180309-Tom-en-Andre-van-Winden-4495-1-scaled.jpg 1707w\" sizes=\"auto, (max-width: 272px) 100vw, 272px\" \/><\/figure>\n<\/div>\n\n\n\n<div class=\"wp-block-column is-layout-flow wp-block-column-is-layout-flow\" style=\"flex-basis:66.66%\">\n<h2 class=\"wp-block-heading\"><strong>Produktspezialist<\/strong><\/h2>\n\n\n\n<p>Wir sind auf die Kultivierung von \u2018Easy Care\u2019-Zimmerpflanzen und die sch\u00f6nsten Saisonprodukte spezialisiert.\u00a0Der Fokus liegt auf dem ganzj\u00e4hrigen Anbau von Zamioculcas und wir sind stolz darauf, Marktf\u00fchrer f\u00fcr dieses Produkt zu sein. Wir tun alles daf\u00fcr, diese Position zu halten und zu st\u00e4rken. Dies tun wir mit gro\u00dfer Hingabe. Wir sehen den Anbau von Zamioculcas wirklich als ein Handwerk.\u00a0Dank unserer jahrelangen Erfahrung gelingt es uns, die Pflanze qualitativ immer besser und sch\u00f6ner zu machen. Ein wichtiger Bestandteil ist dabei das Streben nach einer kontinuierlichen Verf\u00fcgbarkeit von qualitativ hochwertigen Produkten. Durch zus\u00e4tzliche Produktionsstandorte k\u00f6nnen wir auf gro\u00dfe bis sehr gro\u00dfe Anfragen von Kunden reagieren.\u00a0Nat\u00fcrlich widmen wir uns unseren sonstigen Produkten wie Curio und Echeveria mit genauso viel Liebe und Aufmerksamkeit. Schlie\u00dflich wollen wir alle Produkte unseres Sortiments kontinuierlich verbessern und versch\u00f6nern.\u00a0Wir wollen unsere Kunden auch k\u00fcnftig damit \u00fcberraschen, dass wir unser Sortiment um au\u00dfergew\u00f6hnliche und exklusive Produkte erweitern.<\/p>\n<\/div>\n<\/div>\n\n\n\n<blockquote class=\"wp-block-quote is-layout-flow wp-block-quote-is-layout-flow\"><p><em><em>Unsere Mission besteht darin, au\u00dfergew\u00f6hnliche Produkte von guter Qualit\u00e4t zu erzeugen.\u00a0Neben unserem starken Hauptpfeiler, der Zamioculcasproduktion, differenzieren wir uns durch die Erg\u00e4nzung unseres Sortiments um Nischenprodukte.<\/em><\/em><\/p><\/blockquote>\n\n\n\n<div class=\"wp-block-columns is-layout-flex wp-container-core-columns-is-layout-9d6595d7 wp-block-columns-is-layout-flex\">\n<div class=\"wp-block-column is-layout-flow wp-block-column-is-layout-flow\" style=\"flex-basis:100%\">\n<div class=\"wp-block-columns is-layout-flex wp-container-core-columns-is-layout-9d6595d7 wp-block-columns-is-layout-flex\">\n<div class=\"wp-block-column is-layout-flow wp-block-column-is-layout-flow\">\n<h2 class=\"wp-block-heading\">Royal Green<\/h2>\n\n\n\n<p>Royal Green is het merklabel voor de producten Zamioculcas, Curio Royal Green ist das Markenzeichen f\u00fcr die Produkte Zamioculcas, Curio und Echeveria.\u00a0Das Markenzeichen steht f\u00fcr Luxus und Nachhaltigkeit in einem. Dies ist eine attraktive Kombination f\u00fcr den modernen bewussten Pflanzenliebhaber.\u00a0Die Kollektion besteht aus robusten, exotischen Pflanzen mit einer langen Lebensdauer, die ganzj\u00e4hrig erh\u00e4ltlich sind.<\/p>\n\n\n\n<div class=\"wp-block-image\"><figure class=\"aligncenter size-full is-resized\"><img loading=\"lazy\" decoding=\"async\" src=\"https:\/\/royalgreen.nl\/wp-content\/uploads\/2022\/03\/Royal-Green-9-edited.jpg\" alt=\"\" class=\"wp-image-1309\" width=\"270\" height=\"270\" srcset=\"https:\/\/royalgreen.nl\/wp-content\/uploads\/2022\/03\/Royal-Green-9-edited.jpg 1079w, https:\/\/royalgreen.nl\/wp-content\/uploads\/2022\/03\/Royal-Green-9-edited-1024x1024.jpg 1024w, https:\/\/royalgreen.nl\/wp-content\/uploads\/2022\/03\/Royal-Green-9-edited-512x512.jpg 512w, https:\/\/royalgreen.nl\/wp-content\/uploads\/2022\/03\/Royal-Green-9-edited-768x769.jpg 768w\" sizes=\"auto, (max-width: 270px) 100vw, 270px\" \/><\/figure><\/div>\n<\/div>\n\n\n\n<div class=\"wp-block-column is-layout-flow wp-block-column-is-layout-flow\">\n<h2 class=\"wp-block-heading\">Royal Colours<\/h2>\n\n\n\n<p>Neben den Zimmerpflanzen aus der Royal Green-Kollektion kultivieren wir eine Reihe von farbenfrohen Saisonpflanzen, die unter dem Label Royal Colours geb\u00fcndelt sind.\u00a0Innerhalb dieser breiten Kollektion geh\u00f6ren die Terrassenrosen und Geranien zu den Hauptprodukten. Dar\u00fcber hinaus bieten wir Veilchen, Senetti, Kugelchrysanthemen und verschiedene Hanging Baskets an.<\/p>\n\n\n\n<div class=\"wp-block-image\"><figure class=\"aligncenter size-full is-resized\"><img loading=\"lazy\" decoding=\"async\" src=\"https:\/\/royalgreen.nl\/wp-content\/uploads\/2022\/03\/M93A2727-Large-edited.jpg\" alt=\"\" class=\"wp-image-1305\" width=\"270\" height=\"270\" srcset=\"https:\/\/royalgreen.nl\/wp-content\/uploads\/2022\/03\/M93A2727-Large-edited.jpg 720w, https:\/\/royalgreen.nl\/wp-content\/uploads\/2022\/03\/M93A2727-Large-edited-512x512.jpg 512w\" sizes=\"auto, (max-width: 270px) 100vw, 270px\" \/><\/figure><\/div>\n<\/div>\n<\/div>\n<\/div>\n<\/div>\n\n\n\n<h2 class=\"wp-block-heading\"><strong>Nachhaltiges Wirtschaften<\/strong><\/h2>\n\n\n\n<p>Wir als G\u00e4rtnerei Van Winden machen kontinuierlich Schritte, um sowohl den Anbau- als auch den Lieferprozess so effizient und nachhaltig wie m\u00f6glich zu gestalten. Dabei ber\u00fccksichtigen wir Mensch, Natur und unsere lokale Umgebung:<\/p>\n\n\n\n<p><strong>People |<\/strong> Wir sorgen gut f\u00fcr unser Team. Unsere Mitarbeiter sind ein unentbehrlicher Bestandteil unserer Unternehmensprozesse. Eine angenehme Arbeitsumgebung ist daher sehr wichtig. Diese gew\u00e4hrleisten wir, indem wir uns j\u00e4hrlich nach den Ma\u00dfgaben von MPS Socially Qualified und GRASP zertifizieren lassen.\u00a0Dabei werden die Arbeitsbedingungen, Sicherheit und das Wohl unserer Mitarbeiter \u00fcberpr\u00fcft.\u00a0Au\u00dferdem sorgen wir f\u00fcr eine ad\u00e4quate Unterbringung unserer (ausl\u00e4ndischen) Arbeitnehmer und f\u00fcr leckeres Obst w\u00e4hrend der Arbeit!<\/p>\n\n\n\n<p><strong>Profit |<\/strong> G\u00e4rtnerei Van Winden m\u00f6chte gerne einen positiven Beitrag zu ihrer Umgebung leisten. Wir sorgen f\u00fcr ein stabiles Arbeitsumfeld in der Region und leisten unseren Beitrag in verschiedenen lokalen, nachhaltigen oder sozialen Initiativen.<\/p>\n\n\n\n<p><strong>Planet | <\/strong>G\u00e4rtnerei Van Winden sorgt f\u00fcr ihre Umgebung.\u00a0Wir sind kontinuierlich auf der Suche nach neuen Wegen der Einsparung von Energie und Rohstoffen. Denken Sie dabei etwa an die Nutzung von Biomasse, Sonnenkollektoren und Windr\u00e4dern.\u00a0Unsere Gew\u00e4chsh\u00e4user sind an ein geschlossenes Wassersystem angeschlossen, wodurch keine D\u00fcngestoffe in das Oberfl\u00e4chenwasser gelangen k\u00f6nnen. Die Anzuchtt\u00f6pfe unserer Pflanzen werden zu 100 % aus recyceltem Kunststoff hergestellt.\u00a0Beim Anbau wird nur eine minimale Menge von Pflanzenschutzmitteln eingesetzt. Wir bevorzugen nat\u00fcrliche Sch\u00e4dlingsbek\u00e4mpfungsmittel wie Insekten und sogar Geckos!<\/p>\n\n\n\n<p>Kurz: wir bei Van Winden streben danach, unsere Produkte m\u00f6glichst umweltneutral zu produzieren.&nbsp;Das Sch\u00f6ne ist, dass unsere \u2018Easy Care\u2019-Produkte hierbei selbst eine wichtige Rolle spielen:&nbsp;sie ben\u00f6tigen wenig Pflege und halten lange!<\/p>\n\n\n\n<div class=\"wp-block-columns is-layout-flex wp-container-core-columns-is-layout-9d6595d7 wp-block-columns-is-layout-flex\">\n<div class=\"wp-block-column is-layout-flow wp-block-column-is-layout-flow\"><\/div>\n\n\n\n<div class=\"wp-block-column is-layout-flow wp-block-column-is-layout-flow\"><\/div>\n<\/div>\n\n\n\n<p><\/p>\n","protected":false},"excerpt":{"rendered":"<p>Die G\u00e4rtnerei Van Winden hat ihren Sitz in Erica in der niederl\u00e4ndischen Provinz Drenthe. Gegr\u00fcndet wurde der Betrieb 1947 von Joop van Winden.\u00a0Im Laufe der Jahre hat sich die Firma zu dem entwickelt, was sie heute ist: ein moderner Gartenbaubetrieb mit einer Fl\u00e4che von mittlerweile 17 Hektar, auf denen Topfpflanzen erzeugt werden.\u00a0Die t\u00e4gliche Leitung des [&hellip;]<\/p>\n","protected":false},"author":1,"featured_media":0,"parent":0,"menu_order":1,"comment_status":"closed","ping_status":"closed","template":"page-full-width.php","meta":{"_monsterinsights_skip_tracking":false,"_monsterinsights_sitenote_active":false,"_monsterinsights_sitenote_note":"","_monsterinsights_sitenote_category":0,"footnotes":""},"class_list":["post-92","page","type-page","status-publish","hentry"],"acf":[],"_links":{"self":[{"href":"https:\/\/royalgreen.nl\/de\/wp-json\/wp\/v2\/pages\/92","targetHints":{"allow":["GET"]}}],"collection":[{"href":"https:\/\/royalgreen.nl\/de\/wp-json\/wp\/v2\/pages"}],"about":[{"href":"https:\/\/royalgreen.nl\/de\/wp-json\/wp\/v2\/types\/page"}],"author":[{"embeddable":true,"href":"https:\/\/royalgreen.nl\/de\/wp-json\/wp\/v2\/users\/1"}],"replies":[{"embeddable":true,"href":"https:\/\/royalgreen.nl\/de\/wp-json\/wp\/v2\/comments?post=92"}],"version-history":[{"count":7,"href":"https:\/\/royalgreen.nl\/de\/wp-json\/wp\/v2\/pages\/92\/revisions"}],"predecessor-version":[{"id":1925,"href":"https:\/\/royalgreen.nl\/de\/wp-json\/wp\/v2\/pages\/92\/revisions\/1925"}],"wp:attachment":[{"href":"https:\/\/royalgreen.nl\/de\/wp-json\/wp\/v2\/media?parent=92"}],"curies":[{"name":"wp","href":"https:\/\/api.w.org\/{rel}","templated":true}]}}