{"id":113,"date":"2018-03-21T10:24:41","date_gmt":"2018-03-21T10:24:41","guid":{"rendered":"https:\/\/royalgreen.nl\/?page_id=113"},"modified":"2022-08-09T15:52:36","modified_gmt":"2022-08-09T13:52:36","slug":"les-plantes-dinterieur","status":"publish","type":"page","link":"https:\/\/royalgreen.nl\/fr\/soigner\/les-plantes-dinterieur\/","title":{"rendered":"Les plantes d&rsquo;int\u00e9rieur"},"content":{"rendered":"\n<h2 class=\"wp-block-heading\">SOGNER LE ZAMIOCULCAS<\/h2>\n\n\n\n<div class=\"wp-block-columns are-vertically-aligned-top care-colums is-layout-flex wp-container-core-columns-is-layout-9d6595d7 wp-block-columns-is-layout-flex\">\n<div class=\"wp-block-column is-vertically-aligned-top is-layout-flow wp-block-column-is-layout-flow\">\n<figure class=\"wp-block-image size-large\"><img loading=\"lazy\" decoding=\"async\" width=\"853\" height=\"1280\" src=\"https:\/\/royalgreen.nl\/wp-content\/uploads\/2021\/10\/Royal-Green_Zamioculcas-verzorging-853x1280.jpg\" alt=\"\" class=\"wp-image-833\" srcset=\"https:\/\/royalgreen.nl\/wp-content\/uploads\/2021\/10\/Royal-Green_Zamioculcas-verzorging-853x1280.jpg 853w, https:\/\/royalgreen.nl\/wp-content\/uploads\/2021\/10\/Royal-Green_Zamioculcas-verzorging-683x1024.jpg 683w, https:\/\/royalgreen.nl\/wp-content\/uploads\/2021\/10\/Royal-Green_Zamioculcas-verzorging-768x1152.jpg 768w, https:\/\/royalgreen.nl\/wp-content\/uploads\/2021\/10\/Royal-Green_Zamioculcas-verzorging-1024x1536.jpg 1024w, https:\/\/royalgreen.nl\/wp-content\/uploads\/2021\/10\/Royal-Green_Zamioculcas-verzorging-1365x2048.jpg 1365w, https:\/\/royalgreen.nl\/wp-content\/uploads\/2021\/10\/Royal-Green_Zamioculcas-verzorging-scaled.jpg 1707w\" sizes=\"auto, (max-width: 853px) 100vw, 853px\" \/><\/figure>\n<\/div>\n\n\n\n<div class=\"wp-block-column is-vertically-aligned-top is-layout-flow wp-block-column-is-layout-flow\">\n<p>Le Zamioculcas est une des plantes d\u2019int\u00e9rieur les plus faciles qui soit ; il ne demande que tr\u00e8s peu d\u2019attention. Vous pouvez le placer o\u00f9 vous voulez dans la maison, dans un endroit bien \u00e9clair\u00e9 ou plus ombrag\u00e9. Il vaut mieux \u00e9viter les endroits en plein soleil et ne pas lui donner de grandes quantit\u00e9s d&rsquo;eau. Le Zamioculcas peut en effet survivre durant quelques semaines en puisant dans la r\u00e9serve d&rsquo;eau qu\u2019il a constitu\u00e9e dans ses tiges et ses racines. Il est ainsi possible de sauter sans probl\u00e8me quelques arrosages. Bien pratique pour les vacances ! Ne donner d\u2019engrais \u00e0 la plante qu\u2019au maximum une fois par mois.  <\/p>\n\n\n\n<p><strong>Conseil pratique:<\/strong> Si vous avez l\u2019impression que la plante perd sa forme en poussant, vous pouvez simplement couper une tige avec un couteau bien aiguis\u00e9.<\/p>\n<\/div>\n\n\n\n<div class=\"wp-block-column is-vertically-aligned-top is-layout-flow wp-block-column-is-layout-flow\">\n<section class=\"care-items-wrapper\">\n\n        <ul class=\"care-list\">\n                <li class=\"care-item care-place\">\n            <div class=\"care-icon\"><img loading=\"lazy\" decoding=\"async\" width=\"56\" height=\"56\" src=\"https:\/\/royalgreen.nl\/wp-content\/themes\/royalgreen\/img\/icon-place.png\" alt=\"Standplaats\"><\/div>\n            <div class=\"care-description\">Dans la maison<\/div>\n        <\/li>\n                        <li class=\"care-item care-light\">\n            <div class=\"care-icon\"><img loading=\"lazy\" decoding=\"async\" width=\"56\" height=\"56\" src=\"https:\/\/royalgreen.nl\/wp-content\/themes\/royalgreen\/img\/icon-light.png\" alt=\"Licht\"\"><\/div>\n            <div class=\"care-description\">Ensoleill\u00e9 et semi-ombrag\u00e9. Ne pas mettre en plein soleil en \u00e9t\u00e9.<\/div>\n        <\/li>\n                        <li class=\"care-item care-water\">\n            <div class=\"care-icon\"><img loading=\"lazy\" decoding=\"async\" width=\"56\" height=\"56\" src=\"https:\/\/royalgreen.nl\/wp-content\/themes\/royalgreen\/img\/icon-water.png\" alt=\"Water\"\"><\/div>\n            <div class=\"care-description\">1 fois par semaine<\/div>\n        <\/li>\n                        <li class=\"care-item care-food\">\n            <div class=\"care-icon\"><img loading=\"lazy\" decoding=\"async\" width=\"56\" height=\"56\" src=\"https:\/\/royalgreen.nl\/wp-content\/themes\/royalgreen\/img\/icon-food.png\" alt=\"Voedsel\"\"><\/div>\n            <div class=\"care-description\">1 fois par mois<\/div>\n        <\/li>\n                        <li class=\"care-item care-temp\">\n            <div class=\"care-icon icon-light\"><img loading=\"lazy\" decoding=\"async\" width=\"56\" height=\"56\" src=\"https:\/\/royalgreen.nl\/wp-content\/themes\/royalgreen\/img\/icon-temp.png\" alt=\"Temperatuur\"\"><\/div>\n            <div class=\"care-description\">15 \u00e0 30 degr\u00e9s<\/div>\n        <\/li>\n                        <li class=\"care-item care-note\">\n            <div class=\"care-icon icon-light\"><img loading=\"lazy\" decoding=\"async\" width=\"56\" height=\"56\" src=\"https:\/\/royalgreen.nl\/wp-content\/themes\/royalgreen\/img\/icon-note.png\" alt=\"Opmerking\"\"><\/div>\n            <div class=\"care-description\">Recouper les tiges retombantes ou laides<\/div>\n        <\/li>\n            <\/ul>\n    <\/section>\n\n<\/div>\n<\/div>\n\n\n\n<hr class=\"wp-block-separator\"\/>\n\n\n\n<h2 class=\"wp-block-heading\">SOIGNER LE CURIO<\/h2>\n\n\n\n<div class=\"wp-block-columns care-colums is-layout-flex wp-container-core-columns-is-layout-9d6595d7 wp-block-columns-is-layout-flex\">\n<div class=\"wp-block-column is-layout-flow wp-block-column-is-layout-flow\">\n<figure class=\"wp-block-image size-large\"><img loading=\"lazy\" decoding=\"async\" width=\"853\" height=\"1280\" src=\"https:\/\/royalgreen.nl\/wp-content\/uploads\/2021\/10\/Royal-Green_Verzorging-Curio-853x1280.jpg\" alt=\"\" class=\"wp-image-837\" srcset=\"https:\/\/royalgreen.nl\/wp-content\/uploads\/2021\/10\/Royal-Green_Verzorging-Curio-853x1280.jpg 853w, https:\/\/royalgreen.nl\/wp-content\/uploads\/2021\/10\/Royal-Green_Verzorging-Curio-683x1024.jpg 683w, https:\/\/royalgreen.nl\/wp-content\/uploads\/2021\/10\/Royal-Green_Verzorging-Curio-768x1152.jpg 768w, https:\/\/royalgreen.nl\/wp-content\/uploads\/2021\/10\/Royal-Green_Verzorging-Curio-1024x1536.jpg 1024w, https:\/\/royalgreen.nl\/wp-content\/uploads\/2021\/10\/Royal-Green_Verzorging-Curio-1365x2048.jpg 1365w, https:\/\/royalgreen.nl\/wp-content\/uploads\/2021\/10\/Royal-Green_Verzorging-Curio-scaled.jpg 1707w\" sizes=\"auto, (max-width: 853px) 100vw, 853px\" \/><\/figure>\n<\/div>\n\n\n\n<div class=\"wp-block-column is-layout-flow wp-block-column-is-layout-flow\">\n<p>Le Curio adore la lumi\u00e8re et se sent tr\u00e8s \u00e0 l&rsquo;aise en plein soleil. Le Curio aime les temp\u00e9ratures comprises entre 5\u02daC et 30\u02daC, mais si le thermom\u00e8tre monte \u00e0 40 \u02daC en plein soleil, pas de probl\u00e8me. Le Curio \u00e9tant une plante grasse, il supporte la s\u00e9cheresse. Donner de l\u2019engrais, sous forme de nourriture pour plantes (vertes) une \u00e0 deux fois par mois permet \u00e0 la plante de rester belle et robuste. Le Curio est une plante d\u2019int\u00e9rieur mais qui peut \u00e9galement \u00eatre plac\u00e9e \u00e0 l\u2019ext\u00e9rieur lorsqu\u2019il fait beau. <\/p>\n\n\n\n<p><strong>Conseil pratique:<\/strong> Si la plante prend trop de hauteur, vous pouvez tout simplement couper la moiti\u00e9 des tiges les plus longues avec un couteau bien aiguis\u00e9. La plante se remettra ensuite \u00e0 pousser.<\/p>\n<\/div>\n\n\n\n<div class=\"wp-block-column is-layout-flow wp-block-column-is-layout-flow\">\n<section class=\"care-items-wrapper\">\n\n        <ul class=\"care-list\">\n                <li class=\"care-item care-place\">\n            <div class=\"care-icon\"><img loading=\"lazy\" decoding=\"async\" width=\"56\" height=\"56\" src=\"https:\/\/royalgreen.nl\/wp-content\/themes\/royalgreen\/img\/icon-place.png\" alt=\"Standplaats\"><\/div>\n            <div class=\"care-description\">Pour l\u2019int\u00e9rieur et l\u2019ext\u00e9rieur<\/div>\n        <\/li>\n                        <li class=\"care-item care-light\">\n            <div class=\"care-icon\"><img loading=\"lazy\" decoding=\"async\" width=\"56\" height=\"56\" src=\"https:\/\/royalgreen.nl\/wp-content\/themes\/royalgreen\/img\/icon-light.png\" alt=\"Licht\"\"><\/div>\n            <div class=\"care-description\">En plein soleil<\/div>\n        <\/li>\n                        <li class=\"care-item care-water\">\n            <div class=\"care-icon\"><img loading=\"lazy\" decoding=\"async\" width=\"56\" height=\"56\" src=\"https:\/\/royalgreen.nl\/wp-content\/themes\/royalgreen\/img\/icon-water.png\" alt=\"Water\"\"><\/div>\n            <div class=\"care-description\">1 fois par semaine<\/div>\n        <\/li>\n                        <li class=\"care-item care-food\">\n            <div class=\"care-icon\"><img loading=\"lazy\" decoding=\"async\" width=\"56\" height=\"56\" src=\"https:\/\/royalgreen.nl\/wp-content\/themes\/royalgreen\/img\/icon-food.png\" alt=\"Voedsel\"\"><\/div>\n            <div class=\"care-description\">1 fois par mois<\/div>\n        <\/li>\n                        <li class=\"care-item care-temp\">\n            <div class=\"care-icon icon-light\"><img loading=\"lazy\" decoding=\"async\" width=\"56\" height=\"56\" src=\"https:\/\/royalgreen.nl\/wp-content\/themes\/royalgreen\/img\/icon-temp.png\" alt=\"Temperatuur\"\"><\/div>\n            <div class=\"care-description\">5-40 graden<\/div>\n        <\/li>\n                        <li class=\"care-item care-note\">\n            <div class=\"care-icon icon-light\"><img loading=\"lazy\" decoding=\"async\" width=\"56\" height=\"56\" src=\"https:\/\/royalgreen.nl\/wp-content\/themes\/royalgreen\/img\/icon-note.png\" alt=\"Opmerking\"\"><\/div>\n            <div class=\"care-description\">Recouper les tiges retombantes ou laides<\/div>\n        <\/li>\n            <\/ul>\n    <\/section>\n\n<\/div>\n<\/div>\n\n\n\n<hr class=\"wp-block-separator\"\/>\n\n\n\n<div class=\"wp-block-group\"><div class=\"wp-block-group__inner-container is-layout-flow wp-block-group-is-layout-flow\">\n<div class=\"wp-block-columns is-layout-flex wp-container-core-columns-is-layout-9d6595d7 wp-block-columns-is-layout-flex\">\n<div class=\"wp-block-column is-layout-flow wp-block-column-is-layout-flow\" style=\"flex-basis:100%\">\n<h2 class=\"wp-block-heading\">SOIGNER L\u2019ECHEVERIA <\/h2>\n\n\n\n<div class=\"wp-block-columns care-colums is-layout-flex wp-container-core-columns-is-layout-9d6595d7 wp-block-columns-is-layout-flex\">\n<div class=\"wp-block-column is-layout-flow wp-block-column-is-layout-flow\">\n<div class=\"wp-block-image\"><figure class=\"aligncenter size-large\"><img loading=\"lazy\" decoding=\"async\" width=\"853\" height=\"1280\" src=\"https:\/\/royalgreen.nl\/wp-content\/uploads\/2021\/10\/Royal-Green_Verzorging-Echeveria-853x1280.jpg\" alt=\"\" class=\"wp-image-841\" srcset=\"https:\/\/royalgreen.nl\/wp-content\/uploads\/2021\/10\/Royal-Green_Verzorging-Echeveria-853x1280.jpg 853w, https:\/\/royalgreen.nl\/wp-content\/uploads\/2021\/10\/Royal-Green_Verzorging-Echeveria-683x1024.jpg 683w, https:\/\/royalgreen.nl\/wp-content\/uploads\/2021\/10\/Royal-Green_Verzorging-Echeveria-768x1152.jpg 768w, https:\/\/royalgreen.nl\/wp-content\/uploads\/2021\/10\/Royal-Green_Verzorging-Echeveria-1024x1536.jpg 1024w, https:\/\/royalgreen.nl\/wp-content\/uploads\/2021\/10\/Royal-Green_Verzorging-Echeveria-1365x2048.jpg 1365w, https:\/\/royalgreen.nl\/wp-content\/uploads\/2021\/10\/Royal-Green_Verzorging-Echeveria-scaled.jpg 1707w\" sizes=\"auto, (max-width: 853px) 100vw, 853px\" \/><\/figure><\/div>\n<\/div>\n\n\n\n<div class=\"wp-block-column is-layout-flow wp-block-column-is-layout-flow\">\n<p>L\u2019Echeveria est une plante d\u2019int\u00e9rieur et de terrasse qui aime les emplacements semi-ombrag\u00e9s \u00e0 ensoleill\u00e9s. Il pr\u00e9f\u00e8re rester dehors en \u00e9t\u00e9 mais il vaut mieux le rentrer l\u2019hiver car il ne supporte pas le gel. L\u2019Echeveria est une plante grasse qui n\u2019a pas besoin de beaucoup d&rsquo;eau, surtout l\u2019hiver. Le terreau peut l\u00e9g\u00e8rement se d\u00e9shydrater entre deux arrosages et il convient de toujours veiller \u00e0 un bon drainage.<\/p>\n\n\n\n<p><strong>Conseil pratique:<\/strong> Pour lui faire retrouver sa belle couleur rouge, placez l\u2019Echeveria \u00e0 l\u2019ext\u00e9rieur et vous verrez qu\u2019il reprendra des couleurs !<\/p>\n<\/div>\n\n\n\n<div class=\"wp-block-column is-layout-flow wp-block-column-is-layout-flow\">\n<section class=\"care-items-wrapper\">\n\n        <ul class=\"care-list\">\n                <li class=\"care-item care-place\">\n            <div class=\"care-icon\"><img loading=\"lazy\" decoding=\"async\" width=\"56\" height=\"56\" src=\"https:\/\/royalgreen.nl\/wp-content\/themes\/royalgreen\/img\/icon-place.png\" alt=\"Standplaats\"><\/div>\n            <div class=\"care-description\">Pour l\u2019int\u00e9rieur et l\u2019ext\u00e9rieur<\/div>\n        <\/li>\n                        <li class=\"care-item care-light\">\n            <div class=\"care-icon\"><img loading=\"lazy\" decoding=\"async\" width=\"56\" height=\"56\" src=\"https:\/\/royalgreen.nl\/wp-content\/themes\/royalgreen\/img\/icon-light.png\" alt=\"Licht\"\"><\/div>\n            <div class=\"care-description\">En plein soleil<\/div>\n        <\/li>\n                        <li class=\"care-item care-water\">\n            <div class=\"care-icon\"><img loading=\"lazy\" decoding=\"async\" width=\"56\" height=\"56\" src=\"https:\/\/royalgreen.nl\/wp-content\/themes\/royalgreen\/img\/icon-water.png\" alt=\"Water\"\"><\/div>\n            <div class=\"care-description\">1 fois par semaine<\/div>\n        <\/li>\n                        <li class=\"care-item care-food\">\n            <div class=\"care-icon\"><img loading=\"lazy\" decoding=\"async\" width=\"56\" height=\"56\" src=\"https:\/\/royalgreen.nl\/wp-content\/themes\/royalgreen\/img\/icon-food.png\" alt=\"Voedsel\"\"><\/div>\n            <div class=\"care-description\">1 fois par mois<\/div>\n        <\/li>\n                        <li class=\"care-item care-temp\">\n            <div class=\"care-icon icon-light\"><img loading=\"lazy\" decoding=\"async\" width=\"56\" height=\"56\" src=\"https:\/\/royalgreen.nl\/wp-content\/themes\/royalgreen\/img\/icon-temp.png\" alt=\"Temperatuur\"\"><\/div>\n            <div class=\"care-description\">5 \u00e0 40 degr\u00e9s<\/div>\n        <\/li>\n                    <\/ul>\n    <\/section>\n\n\n\n\n<p><\/p>\n<\/div>\n<\/div>\n<\/div>\n<\/div>\n<\/div><\/div>\n","protected":false},"excerpt":{"rendered":"<p>SOGNER LE ZAMIOCULCAS Le Zamioculcas est une des plantes d\u2019int\u00e9rieur les plus faciles qui soit ; il ne demande que tr\u00e8s peu d\u2019attention. Vous pouvez le placer o\u00f9 vous voulez dans la maison, dans un endroit bien \u00e9clair\u00e9 ou plus ombrag\u00e9. Il vaut mieux \u00e9viter les endroits en plein soleil et ne pas lui donner [&hellip;]<\/p>\n","protected":false},"author":1,"featured_media":0,"parent":1778,"menu_order":3,"comment_status":"closed","ping_status":"closed","template":"page-full-width.php","meta":{"_monsterinsights_skip_tracking":false,"_monsterinsights_sitenote_active":false,"_monsterinsights_sitenote_note":"","_monsterinsights_sitenote_category":0,"footnotes":""},"class_list":["post-113","page","type-page","status-publish","hentry"],"acf":[],"_links":{"self":[{"href":"https:\/\/royalgreen.nl\/fr\/wp-json\/wp\/v2\/pages\/113","targetHints":{"allow":["GET"]}}],"collection":[{"href":"https:\/\/royalgreen.nl\/fr\/wp-json\/wp\/v2\/pages"}],"about":[{"href":"https:\/\/royalgreen.nl\/fr\/wp-json\/wp\/v2\/types\/page"}],"author":[{"embeddable":true,"href":"https:\/\/royalgreen.nl\/fr\/wp-json\/wp\/v2\/users\/1"}],"replies":[{"embeddable":true,"href":"https:\/\/royalgreen.nl\/fr\/wp-json\/wp\/v2\/comments?post=113"}],"version-history":[{"count":11,"href":"https:\/\/royalgreen.nl\/fr\/wp-json\/wp\/v2\/pages\/113\/revisions"}],"predecessor-version":[{"id":1916,"href":"https:\/\/royalgreen.nl\/fr\/wp-json\/wp\/v2\/pages\/113\/revisions\/1916"}],"up":[{"embeddable":true,"href":"https:\/\/royalgreen.nl\/fr\/wp-json\/wp\/v2\/pages\/1778"}],"wp:attachment":[{"href":"https:\/\/royalgreen.nl\/fr\/wp-json\/wp\/v2\/media?parent=113"}],"curies":[{"name":"wp","href":"https:\/\/api.w.org\/{rel}","templated":true}]}}