{"id":119,"date":"2018-03-21T10:40:21","date_gmt":"2018-03-21T10:40:21","guid":{"rendered":"https:\/\/royalgreen.nl\/?page_id=119"},"modified":"2021-10-11T13:30:03","modified_gmt":"2021-10-11T13:30:03","slug":"inspiration","status":"publish","type":"page","link":"https:\/\/royalgreen.nl\/fr\/inspiration\/","title":{"rendered":"Inspiration"},"content":{"rendered":"\n<p>Les plantes exotiques sont inspirantes et offrent de multiples applications. Nous avons rassembl\u00e9 des id\u00e9es, pour la&nbsp;Senecio Aquarine\u00ae&nbsp;comme pour&nbsp;l&rsquo;Emerald Palm, qui pourront vous aider \u00e0 choisir des pots et des combinaisons de couleur ad\u00e9quates.<\/p>\n\n\n\n<p>Vous-m\u00eame avez r\u00e9alis\u00e9 une cr\u00e9ation particuli\u00e8re avec une plante Royal Green\u00ae?&nbsp;<a href=\"mailto:info@royalgreen.nl\">Envoyez-nous une photo par e-mail<\/a>&nbsp;et nous lui trouverons une place d&rsquo;honneur sur notre site Web.<\/p>\n","protected":false},"excerpt":{"rendered":"<p>Les plantes exotiques sont inspirantes et offrent de multiples applications. Nous avons rassembl\u00e9 des id\u00e9es, pour la&nbsp;Senecio Aquarine\u00ae&nbsp;comme pour&nbsp;l&rsquo;Emerald Palm, qui pourront vous aider \u00e0 choisir des pots et des combinaisons de couleur ad\u00e9quates. Vous-m\u00eame avez r\u00e9alis\u00e9 une cr\u00e9ation particuli\u00e8re avec une plante Royal Green\u00ae?&nbsp;Envoyez-nous une photo par e-mail&nbsp;et nous lui trouverons une place d&rsquo;honneur [&hellip;]<\/p>\n","protected":false},"author":1,"featured_media":0,"parent":0,"menu_order":4,"comment_status":"closed","ping_status":"closed","template":"","meta":{"_monsterinsights_skip_tracking":false,"_monsterinsights_sitenote_active":false,"_monsterinsights_sitenote_note":"","_monsterinsights_sitenote_category":0,"footnotes":""},"class_list":["post-119","page","type-page","status-publish","hentry"],"acf":[],"_links":{"self":[{"href":"https:\/\/royalgreen.nl\/fr\/wp-json\/wp\/v2\/pages\/119","targetHints":{"allow":["GET"]}}],"collection":[{"href":"https:\/\/royalgreen.nl\/fr\/wp-json\/wp\/v2\/pages"}],"about":[{"href":"https:\/\/royalgreen.nl\/fr\/wp-json\/wp\/v2\/types\/page"}],"author":[{"embeddable":true,"href":"https:\/\/royalgreen.nl\/fr\/wp-json\/wp\/v2\/users\/1"}],"replies":[{"embeddable":true,"href":"https:\/\/royalgreen.nl\/fr\/wp-json\/wp\/v2\/comments?post=119"}],"version-history":[{"count":2,"href":"https:\/\/royalgreen.nl\/fr\/wp-json\/wp\/v2\/pages\/119\/revisions"}],"predecessor-version":[{"id":742,"href":"https:\/\/royalgreen.nl\/fr\/wp-json\/wp\/v2\/pages\/119\/revisions\/742"}],"wp:attachment":[{"href":"https:\/\/royalgreen.nl\/fr\/wp-json\/wp\/v2\/media?parent=119"}],"curies":[{"name":"wp","href":"https:\/\/api.w.org\/{rel}","templated":true}]}}