{"id":131,"date":"2018-03-21T10:45:52","date_gmt":"2018-03-21T10:45:52","guid":{"rendered":"https:\/\/royalgreen.nl\/?page_id=131"},"modified":"2021-10-11T13:30:59","modified_gmt":"2021-10-11T13:30:59","slug":"faq","status":"publish","type":"page","link":"https:\/\/royalgreen.nl\/fr\/faq\/","title":{"rendered":"FAQ"},"content":{"rendered":"<style>.ufaq-faq-div {\nborder-bottom:1px solid #ddd;\n}<\/style><div  class=\"ewd-ufaq-faq-list ewd-ufaq-page-type-load_more ewd-ufaq-category-tabs-\" id='ewd-ufaq-faq-list'>\n\n\t<input type='hidden' name='show_on_load' value='' id='ewd-ufaq-show-on-load' \/>\n<input type='hidden' name='include_category' value='algemeen' id='ewd-ufaq-include-category' \/>\n<input type='hidden' name='exclude_category' value='' id='ewd-ufaq-exclude-category' \/>\n<input type='hidden' name='orderby' value='date' id='ewd-ufaq-orderby' \/>\n<input type='hidden' name='order' value='desc' id='ewd-ufaq-order' \/>\n<input type='hidden' name='post_count' value='-1' id='ewd-ufaq-post-count' \/>\n<input type='hidden' name='current_url' value='\/fr\/wp-json\/wp\/v2\/pages\/131' id='ewd-ufaq-current-url' \/>\n\t\n\t\n\t<div class='ewd-ufaq-faqs'>\n\n\t\t<div  class=\"ewd-ufaq-faq-div ewd-ufaq-faq-column-count-one ewd-ufaq-faq-responsive-columns- ewd-ufaq-faq-display-style-one ewd-ufaq-can-be-toggled\" id='ewd-ufaq-post-571-legWBHydJS' data-post_id='571'>\n\n\t\t\n\t<div class='ewd-ufaq-faq-title ewd-ufaq-faq-toggle'>\n\t\n\t<a class='ewd-ufaq-post-margin'  href='#' role=\"button\">\n\n\t\t<div class='ewd-ufaq-post-margin-symbol ewd-ufaq-square'>\n\t\t\t<span >a<\/span>\n\t\t<\/div>\n\n\t\t<div class='ewd-ufaq-faq-title-text'>\n\n\t\t\t<h4>\n\t\t\t\tQuelle quantit\u00e9 d&rsquo;eau donner au zamioculcas ?\t\t\t<\/h4>\n\n\t\t<\/div>\n\n\t\t<div class='ewd-ufaq-clear'><\/div>\n\n\t<\/a>\n\t\n<\/div>\n\t\n\t<div class='ewd-ufaq-faq-body ewd-ufaq-hidden' >\n\n\t\t\n\t\t\t\n\t\t\n\t\t\t<div class='ewd-ufaq-post-margin ewd-ufaq-faq-post'>\n\t<p style=\"font-weight: 400\"><strong>Zamioculcas Raven et Zamioculcas\u00a0Emerald Palm<\/strong><\/p>\n<p style=\"font-weight: 400\">Ces plantes pr\u00e9sentent la particularit\u00e9 d\u2019\u00eatre des \u00ab\u00a0survivantes\u00a0\u00bb. La strat\u00e9gie de survie de ces plantes consiste \u00e0 pouvoir se passer d&rsquo;eau durant des p\u00e9riodes prolong\u00e9es. Elles puisent l\u2019eau dont elles ont besoin dans leur tubercule et leurs tiges. Respecter de fa\u00e7on g\u00e9n\u00e9rale les principes suivants :<\/p>\n\n<ul>\n \t<li>Arroser mod\u00e9r\u00e9ment, la plante doit rester plut\u00f4t s\u00e8che.<\/li>\n \t<li>En \u00e9t\u00e9, 100 ml d&rsquo;eau toutes les deux semaines sont suffisants<\/li>\n \t<li>En hiver, 100 ml d&rsquo;eau une fois par mois<\/li>\n \t<li>En cas de doute sur le besoin d&rsquo;arroser ou non, attendre encore une peu, surtout lorsqu\u2019il fait sombre.<\/li>\n<\/ul><\/div>\n\t\t\n\t\t\t<div class='ewd-ufaq-faq-custom-fields'>\n\n\t\n<\/div>\n\t\t\n\t\t\t\n\t\t\n\t\t\t\n\t\t\n\t\t\t\n\t\t\n\t\t\t\n\t\t\n\t\t\t\n\t\t\n\t\t\t\n\t\t\n\t\t\t\n\t\t\n\t<\/div>\n\n<\/div><div  class=\"ewd-ufaq-faq-div ewd-ufaq-faq-column-count-one ewd-ufaq-faq-responsive-columns- ewd-ufaq-faq-display-style-one ewd-ufaq-can-be-toggled\" id='ewd-ufaq-post-568-ZAlF96uCrJ' data-post_id='568'>\n\n\t\t\n\t<div class='ewd-ufaq-faq-title ewd-ufaq-faq-toggle'>\n\t\n\t<a class='ewd-ufaq-post-margin'  href='#' role=\"button\">\n\n\t\t<div class='ewd-ufaq-post-margin-symbol ewd-ufaq-square'>\n\t\t\t<span >a<\/span>\n\t\t<\/div>\n\n\t\t<div class='ewd-ufaq-faq-title-text'>\n\n\t\t\t<h4>\n\t\t\t\tCombien de temps la plante peut-elle rester au soleil ?\t\t\t<\/h4>\n\n\t\t<\/div>\n\n\t\t<div class='ewd-ufaq-clear'><\/div>\n\n\t<\/a>\n\t\n<\/div>\n\t\n\t<div class='ewd-ufaq-faq-body ewd-ufaq-hidden' >\n\n\t\t\n\t\t\t\n\t\t\n\t\t\t<div class='ewd-ufaq-post-margin ewd-ufaq-faq-post'>\n\t<p style=\"font-weight: 400\"><strong>Curio Aquarine Mount Everest :<\/strong><\/p>\n<p style=\"font-weight: 400\">Cette plante peu exigeante doit \u00eatre trait\u00e9e comme un cactus, donc beaucoup de lumi\u00e8re et peu d&rsquo;eau. Ce Curio est originaire d\u2019une zone montagneuse d\u00e9sertique d\u2019Afrique et se pla\u00eet beaucoup en plein soleil. En hiver, lorsque la lumi\u00e8re est moins forte \u00e0 l\u2019ext\u00e9rieur, il est conseill\u00e9 de mettre la plante autant que possible au soleil. Si la lumi\u00e8re est insuffisante, r\u00e9duire encore les arrosages et maintenir la plante plut\u00f4t s\u00e8che.<\/p>\n<p style=\"font-weight: 400\"><strong>Zamioculcas Raven et Emerald Palm :<\/strong><\/p>\n<p style=\"font-weight: 400\">Le Zamioculcas est une plante vraiment peu exigeante qui est \u00e0 l\u2019aise n\u2019importe o\u00f9 dans la maison. Mais m\u00eame les plantes les plus r\u00e9sistantes ont parfois besoin de protection. Cela est n\u00e9cessaire durant les mois d\u2019\u00e9t\u00e9. Pendant les grosses chaleurs, le soleil est tr\u00e8s puissant et le Zamioculcas risque de br\u00fbler s\u2019il reste en plein soleil. En \u00e9t\u00e9, il est donc recommand\u00e9 de placer le Zamioculcas dans un endroit semi-ombrag\u00e9.<\/p>\n<\/div>\n\t\t\n\t\t\t<div class='ewd-ufaq-faq-custom-fields'>\n\n\t\n<\/div>\n\t\t\n\t\t\t\n\t\t\n\t\t\t\n\t\t\n\t\t\t\n\t\t\n\t\t\t\n\t\t\n\t\t\t\n\t\t\n\t\t\t\n\t\t\n\t\t\t\n\t\t\n\t<\/div>\n\n<\/div><div  class=\"ewd-ufaq-faq-div ewd-ufaq-faq-column-count-one ewd-ufaq-faq-responsive-columns- ewd-ufaq-faq-display-style-one ewd-ufaq-can-be-toggled\" id='ewd-ufaq-post-564-hWxGD6jpo9' data-post_id='564'>\n\n\t\t\n\t<div class='ewd-ufaq-faq-title ewd-ufaq-faq-toggle'>\n\t\n\t<a class='ewd-ufaq-post-margin'  href='#' role=\"button\">\n\n\t\t<div class='ewd-ufaq-post-margin-symbol ewd-ufaq-square'>\n\t\t\t<span >a<\/span>\n\t\t<\/div>\n\n\t\t<div class='ewd-ufaq-faq-title-text'>\n\n\t\t\t<h4>\n\t\t\t\tQuel est le meilleur emplacement pour ces plantes ?\t\t\t<\/h4>\n\n\t\t<\/div>\n\n\t\t<div class='ewd-ufaq-clear'><\/div>\n\n\t<\/a>\n\t\n<\/div>\n\t\n\t<div class='ewd-ufaq-faq-body ewd-ufaq-hidden' >\n\n\t\t\n\t\t\t\n\t\t\n\t\t\t<div class='ewd-ufaq-post-margin ewd-ufaq-faq-post'>\n\t<p style=\"font-weight: 400\"><strong>Zamioculcas<\/strong><\/p>\n<p style=\"font-weight: 400\">Cette robuste plante peut en principe \u00eatre plac\u00e9e n\u2019importe o\u00f9 dans la maison, pourvu qu\u2019il y ait un peu de lumi\u00e8re. Mais le meilleur emplacement est un endroit ensoleill\u00e9 ou semi-ombrag\u00e9. En \u00e9t\u00e9, mettre la plante de pr\u00e9f\u00e9rence \u00e0 l\u2019ext\u00e9rieur mais pas en plein soleil.\u00a0Le soleil est tr\u00e8s puissant en \u00e9t\u00e9 et ses rayons directement braqu\u00e9s sur la plante peuvent la stresser. En hiver, la plante aime en revanche \u00eatre un peu plus au soleil.<\/p>\n<p style=\"font-weight: 400\"><strong>Curio Mount Everest \u201cAquarine\u201d<\/strong><\/p>\n<p style=\"font-weight: 400\">Cette plante des montagnes africaines se trouve en milieu naturel dans des endroits tr\u00e8s secs et chauds. Le mieux est donc de lui donner un emplacement bien ensoleill\u00e9. Surtout l\u2019hiver, la plante a besoin d\u2019\u00eatre en plein soleil<\/p>\n<\/div>\n\t\t\n\t\t\t<div class='ewd-ufaq-faq-custom-fields'>\n\n\t\n<\/div>\n\t\t\n\t\t\t\n\t\t\n\t\t\t\n\t\t\n\t\t\t\n\t\t\n\t\t\t\n\t\t\n\t\t\t\n\t\t\n\t\t\t\n\t\t\n\t\t\t\n\t\t\n\t<\/div>\n\n<\/div><div  class=\"ewd-ufaq-faq-div ewd-ufaq-faq-column-count-one ewd-ufaq-faq-responsive-columns- ewd-ufaq-faq-display-style-one ewd-ufaq-can-be-toggled\" id='ewd-ufaq-post-560-2W3xZH4F4M' data-post_id='560'>\n\n\t\t\n\t<div class='ewd-ufaq-faq-title ewd-ufaq-faq-toggle'>\n\t\n\t<a class='ewd-ufaq-post-margin'  href='#' role=\"button\">\n\n\t\t<div class='ewd-ufaq-post-margin-symbol ewd-ufaq-square'>\n\t\t\t<span >a<\/span>\n\t\t<\/div>\n\n\t\t<div class='ewd-ufaq-faq-title-text'>\n\n\t\t\t<h4>\n\t\t\t\tLes fgeuilles de mon zamioculcas jaunissent, pourquoi ?\t\t\t<\/h4>\n\n\t\t<\/div>\n\n\t\t<div class='ewd-ufaq-clear'><\/div>\n\n\t<\/a>\n\t\n<\/div>\n\t\n\t<div class='ewd-ufaq-faq-body ewd-ufaq-hidden' >\n\n\t\t\n\t\t\t\n\t\t\n\t\t\t<div class='ewd-ufaq-post-margin ewd-ufaq-faq-post'>\n\t<p style=\"font-weight: 400\">Si les feuilles jaunissent, c&rsquo;est souvent le signe que la tige n&rsquo;est plus en aussi bonne sant\u00e9. Cela peut \u00eatre d\u00fb \u00e0 l\u2019\u00e2ge ou \u00e0 un arrosage excessif. Action : faire pivoter la partie inf\u00e9rieure de la tige. Sans cet \u00e9l\u00e9ment pourri, la plante peut \u00e0 nouveau mettre toute son \u00e9nergie dans la production d\u2019une nouvelle tige.<\/p>\n<\/div>\n\t\t\n\t\t\t<div class='ewd-ufaq-faq-custom-fields'>\n\n\t\n<\/div>\n\t\t\n\t\t\t\n\t\t\n\t\t\t\n\t\t\n\t\t\t\n\t\t\n\t\t\t\n\t\t\n\t\t\t\n\t\t\n\t\t\t\n\t\t\n\t\t\t\n\t\t\n\t<\/div>\n\n<\/div><div  class=\"ewd-ufaq-faq-div ewd-ufaq-faq-column-count-one ewd-ufaq-faq-responsive-columns- ewd-ufaq-faq-display-style-one ewd-ufaq-can-be-toggled\" id='ewd-ufaq-post-557-vCBh4sgHJh' data-post_id='557'>\n\n\t\t\n\t<div class='ewd-ufaq-faq-title ewd-ufaq-faq-toggle'>\n\t\n\t<a class='ewd-ufaq-post-margin'  href='#' role=\"button\">\n\n\t\t<div class='ewd-ufaq-post-margin-symbol ewd-ufaq-square'>\n\t\t\t<span >a<\/span>\n\t\t<\/div>\n\n\t\t<div class='ewd-ufaq-faq-title-text'>\n\n\t\t\t<h4>\n\t\t\t\t\u00c0 quoi sert la couche de cire sur le curio aquarine mount everest ?\t\t\t<\/h4>\n\n\t\t<\/div>\n\n\t\t<div class='ewd-ufaq-clear'><\/div>\n\n\t<\/a>\n\t\n<\/div>\n\t\n\t<div class='ewd-ufaq-faq-body ewd-ufaq-hidden' >\n\n\t\t\n\t\t\t\n\t\t\n\t\t\t<div class='ewd-ufaq-post-margin ewd-ufaq-faq-post'>\n\t<p style=\"font-weight: 400\">Le Curio Aquarine Mount Everest doit sa belle couleur bleue \u00e0 la substance cireuse qui recouvre toute la plante. Cette couche de cire ou de calcaire n\u2019est pas seulement d\u00e9corative mais sert \u00e9galement \u00e0 prot\u00e9ger la plante. Il s\u2019agit d\u2019une propri\u00e9t\u00e9 tr\u00e8s fonctionnelle car la plante est ainsi plus robuste et r\u00e9siste mieux aux maladies et plaies. Il convient donc de na pas essuyer cette couche.\u00a0Une fois \u00e9limin\u00e9e, la couche de cire ne reviendra plus.<\/p>\n<p style=\"font-weight: 400\">Cette plante ne doit donc pas \u00eatre \u00ab\u00a0d\u00e9poussi\u00e9r\u00e9e\u00a0\u00bb pour rester belle, comme on le ferait pour le Zamioculcas.<\/p>\n<\/div>\n\t\t\n\t\t\t<div class='ewd-ufaq-faq-custom-fields'>\n\n\t\n<\/div>\n\t\t\n\t\t\t\n\t\t\n\t\t\t\n\t\t\n\t\t\t\n\t\t\n\t\t\t\n\t\t\n\t\t\t\n\t\t\n\t\t\t\n\t\t\n\t\t\t\n\t\t\n\t<\/div>\n\n<\/div><div  class=\"ewd-ufaq-faq-div ewd-ufaq-faq-column-count-one ewd-ufaq-faq-responsive-columns- ewd-ufaq-faq-display-style-one ewd-ufaq-can-be-toggled\" id='ewd-ufaq-post-554-rK3gDoXA7g' data-post_id='554'>\n\n\t\t\n\t<div class='ewd-ufaq-faq-title ewd-ufaq-faq-toggle'>\n\t\n\t<a class='ewd-ufaq-post-margin'  href='#' role=\"button\">\n\n\t\t<div class='ewd-ufaq-post-margin-symbol ewd-ufaq-square'>\n\t\t\t<span >a<\/span>\n\t\t<\/div>\n\n\t\t<div class='ewd-ufaq-faq-title-text'>\n\n\t\t\t<h4>\n\t\t\t\tAvec quel degr\u00e9 de durabilit\u00e9 ces plantes sont-elles cultiv\u00e9es ?\t\t\t<\/h4>\n\n\t\t<\/div>\n\n\t\t<div class='ewd-ufaq-clear'><\/div>\n\n\t<\/a>\n\t\n<\/div>\n\t\n\t<div class='ewd-ufaq-faq-body ewd-ufaq-hidden' >\n\n\t\t\n\t\t\t\n\t\t\n\t\t\t<div class='ewd-ufaq-post-margin ewd-ufaq-faq-post'>\n\t<p style=\"font-weight: 400\">Nos plantes sont cultiv\u00e9es \u00e0 l\u2019aide des techniques les plus \u00e9cologiques..<\/p>\n<ul>\n<li>Dans les serres o\u00f9 est cultiv\u00e9 le Zamioculcas, ce sont des chariots \u00e9l\u00e9vateurs \u00e9lectriques qui transportent les plantes. Pas de gaz d\u2019\u00e9chappement qui polluent et auxquels sont expos\u00e9es les plantes et les personnes.<\/li>\n<li>L\u2019eau utilis\u00e9e avec les fertilisants est recycl\u00e9e, filtr\u00e9e et en grande partie d\u00e9sinfect\u00e9e. Cela \u00e9vite de polluer la nappe phr\u00e9atique.<\/li>\n<li>Nous faisons tout pour que les plantes deviennent r\u00e9sistantes aux maladies et plaies.\u00a0L\u2019utilisation de pesticides est pour cela r\u00e9duite au strict minimum. S\u2019ils sont incontournables, nous utilisons autant que possible des pesticides biologiques. C\u2019est ainsi que nous introduisons des geckos dans nos serres pour limiter la population d\u2019araign\u00e9es. Les geckos et les araign\u00e9es mangent en effet la m\u00eame nourriture et l\u2019introduction de geckos est donc une fa\u00e7on de r\u00e9guler la population d\u2019araign\u00e9es de fa\u00e7on naturelle. L\u2019avantage des geckos par rapport aux araign\u00e9es est qu\u2019ils laissent des excr\u00e9ments sur les feuilles des plantes.<\/li>\n<\/ul>\n<p style=\"font-weight: 400\">Notre exploitation est pour cela certifi\u00e9e MPS-ABC\u00a0(A+). Vous pouvez consulter sur le site\u00a0<a href=\"https:\/\/www.volgjebloemofplant.nl\/nl\">https:\/\/www.volgjebloemofplant.nl\/nl<\/a>\u00a0l\u2019\u00e9tat de nos certifications (apr\u00e8s avoir saisi notre num\u00e9ro d&rsquo;enregistrement : 680088\u00a0ou\u00a0802608).<\/p>\n<p style=\"font-weight: 400\"><strong>MPS-ABC<\/strong><br \/>\nMPS-ABC est un certificat environnemental qui indique dans quelle mesure les activit\u00e9s d\u2019une entreprise horticole sont durables. Cela a lieu sur la base de l\u2019enregistrement et de la surveillance de la consommation de produits phytosanitaires, d\u2019engrais, d\u2019eau et d\u2019\u00e9lectricit\u00e9, qui est ensuite compar\u00e9e \u00e0 la consommation de r\u00e9f\u00e9rence normalis\u00e9e et \u00e9tablie de fa\u00e7on ind\u00e9pendante.<br \/>\nLe certificat MPS ABC fonctionne avec diverses qualifications : MPS-A+, -A, -B, en -C. Plus les performances environnementales sont \u00e9lev\u00e9es et meilleure est la qualification. MPS-A+ est la qualification la plus \u00e9lev\u00e9e et MPS-C la plus basse. Les contr\u00f4les ind\u00e9pendants et les \u00e9chantillons de produits pr\u00e9lev\u00e9s sur l\u2019exploitation garantissent la fiabilit\u00e9 du certificat MPS-ABC. Vous pouvez ainsi \u00eatre certain que les produits certifi\u00e9s MPS-ABC contribuent \u00e0 un monde meilleur.<br \/>\nPour plus d\u2019informations sur le certificat MPS-ABC, voir :\u00a0<a href=\"https:\/\/www.my-mps.com\/certificaten-producent\/mps-abc\">https:\/\/www.my-mps.com\/certificaten-producent\/mps-abc<\/a><\/p>\n<p style=\"font-weight: 400\">\n<p style=\"font-weight: 400\"><strong>MPS GAP<br \/>\n<\/strong>MPS-ABC est le certificat sous-jacent requis pour pouvoir utiliser le nom de\u00a0 MPS-GAP. Nous surveillons chaque jour notre consommation de pesticides, les r\u00e9visions p\u00e9riodiques de nos appareils et notre fa\u00e7on de pratiquer la culture.<\/p>\n<p style=\"font-weight: 400\"><strong>MPS SQ<\/strong><\/p>\n<p style=\"font-weight: 400\">MPS Socially Qualified (SQ) s\u2019applique aux entreprises qui souhaitent montrer que leurs produits ont \u00e9t\u00e9 cultiv\u00e9s dans de bonnes conditions de travail. Avec MPS-SQ, vous r\u00e9pondez aux exigences de la fili\u00e8re du commerce de d\u00e9tail. Le sch\u00e9ma de certification MPS-SQ contient des exigences dans le domaine de la sant\u00e9, de la s\u00e9curit\u00e9 et des conditions de travail.<\/p>\n<p style=\"font-weight: 400\">MPS-SQ est bas\u00e9 sur les droits humains universels, les codes de conduite (Codes of Conduct) des organisations repr\u00e9sentantes locales et les accords internationaux du BIT (Bureau International du Travail).<\/p>\n<p style=\"font-weight: 400\">Le Nederlandse Bloemen Beraad (repr\u00e9sent\u00e9 par FNV Bondgenoten, Both Ends et Organisatie Latijns Amerika Activiteiten) est \u00e9troitement impliqu\u00e9 dans la mise en \u0153uvre de ces codes de conduite internationaux (ICC) dans MPS.<\/p>\n<p style=\"font-weight: 400\">Pour garantir la l\u00e9gitimit\u00e9 des normes sociales auxquelles ont souscrit les organisations syndicales et les organisations de d\u00e9fense des droits humains, des repr\u00e9sentants de ces organisations sont pr\u00e9sents en tant qu\u2019observateurs lors des audits conduits dans l\u2019entreprise.<\/p>\n<\/div>\n\t\t\n\t\t\t<div class='ewd-ufaq-faq-custom-fields'>\n\n\t\n<\/div>\n\t\t\n\t\t\t\n\t\t\n\t\t\t\n\t\t\n\t\t\t\n\t\t\n\t\t\t\n\t\t\n\t\t\t\n\t\t\n\t\t\t\n\t\t\n\t\t\t\n\t\t\n\t<\/div>\n\n<\/div><div  class=\"ewd-ufaq-faq-div ewd-ufaq-faq-column-count-one ewd-ufaq-faq-responsive-columns- ewd-ufaq-faq-display-style-one ewd-ufaq-can-be-toggled\" id='ewd-ufaq-post-551-5Z8uEWlUD9' data-post_id='551'>\n\n\t\t\n\t<div class='ewd-ufaq-faq-title ewd-ufaq-faq-toggle'>\n\t\n\t<a class='ewd-ufaq-post-margin'  href='#' role=\"button\">\n\n\t\t<div class='ewd-ufaq-post-margin-symbol ewd-ufaq-square'>\n\t\t\t<span >a<\/span>\n\t\t<\/div>\n\n\t\t<div class='ewd-ufaq-faq-title-text'>\n\n\t\t\t<h4>\n\t\t\t\tCombien de temps les plantres doivent-elles rester en serre avant de pouvoir \u00eatre vendiues en magasin ?\t\t\t<\/h4>\n\n\t\t<\/div>\n\n\t\t<div class='ewd-ufaq-clear'><\/div>\n\n\t<\/a>\n\t\n<\/div>\n\t\n\t<div class='ewd-ufaq-faq-body ewd-ufaq-hidden' >\n\n\t\t\n\t\t\t\n\t\t\n\t\t\t<div class='ewd-ufaq-post-margin ewd-ufaq-faq-post'>\n\t<p style=\"font-weight: 400\">Le Curio Aquarine Mount Everest a besoin de se d\u00e9velopper durant une ann\u00e9e pour devenir une plante adulte pr\u00eate \u00e0 \u00eatre commercialis\u00e9e.<\/p>\n<p style=\"font-weight: 400\">Le Zamioculcas Emerald Palm doit \u00e9galement passer une ann\u00e9e en serre avant d\u2019\u00eatre commercialisable. La dur\u00e9e de croissance d\u00e9pend bien entendu de la taille recherch\u00e9e pour la plante.<\/p>\n<ul>\n<li>pots de 14 cm : 10 \u00e0 12 mois<\/li>\n<li>pots de 17 cm : 12 \u00e0 14 mois<\/li>\n<li>pots de 21 cm : 15 \u00e0 17 mois<\/li>\n<\/ul>\n<p style=\"font-weight: 400\">Le Raven\u00a0aime s\u2019attarder dans son nid.\u00a0Le Zamioculcas Raven, la variante aux feuilles fonc\u00e9es, pousse\u00a0 du fait de sa couleur sombre plus lentement que ses fr\u00e8res verts.\u00a0Il a besoin de 40 \u00e0 50 % de temps en plus que l\u2019Emerald Palm pour \u00eatre commercialisable.<\/p>\n<\/div>\n\t\t\n\t\t\t<div class='ewd-ufaq-faq-custom-fields'>\n\n\t\n<\/div>\n\t\t\n\t\t\t\n\t\t\n\t\t\t\n\t\t\n\t\t\t\n\t\t\n\t\t\t\n\t\t\n\t\t\t\n\t\t\n\t\t\t\n\t\t\n\t\t\t\n\t\t\n\t<\/div>\n\n<\/div><div  class=\"ewd-ufaq-faq-div ewd-ufaq-faq-column-count-one ewd-ufaq-faq-responsive-columns- ewd-ufaq-faq-display-style-one ewd-ufaq-can-be-toggled\" id='ewd-ufaq-post-547-5Pmurx7gDF' data-post_id='547'>\n\n\t\t\n\t<div class='ewd-ufaq-faq-title ewd-ufaq-faq-toggle'>\n\t\n\t<a class='ewd-ufaq-post-margin'  href='#' role=\"button\">\n\n\t\t<div class='ewd-ufaq-post-margin-symbol ewd-ufaq-square'>\n\t\t\t<span >a<\/span>\n\t\t<\/div>\n\n\t\t<div class='ewd-ufaq-faq-title-text'>\n\n\t\t\t<h4>\n\t\t\t\tComment se fait-il que Zamioculcas raven soit si fonc\u00e9 ?\t\t\t<\/h4>\n\n\t\t<\/div>\n\n\t\t<div class='ewd-ufaq-clear'><\/div>\n\n\t<\/a>\n\t\n<\/div>\n\t\n\t<div class='ewd-ufaq-faq-body ewd-ufaq-hidden' >\n\n\t\t\n\t\t\t\n\t\t\n\t\t\t<div class='ewd-ufaq-post-margin ewd-ufaq-faq-post'>\n\t<p style=\"font-weight: 400\">Il s\u2019agit d\u2019une mutation spontan\u00e9e. Un changement soudain dans le mat\u00e9riel g\u00e9n\u00e9tique de la plante, par lequel le marqueur \u00ab\u00a0couleur\u00a0\u00bb est pass\u00e9 du vert au noir. Les mutations spontan\u00e9e sont rares, surtout celles qui sont stables et ne reviennent pas \u00e0 la couleur d\u2019origine. Le Zamioculcas Raven\u00a0a \u00e9t\u00e9 d\u00e9couvert en Cor\u00e9e du Sud o\u00f9 sa stabilit\u00e9 \u00e9t\u00e9 test\u00e9e avec succ\u00e8s durant plusieurs ann\u00e9es, ce qui a permis de l\u2019introduire comme nouvelle vari\u00e9t\u00e9 dans la famille des Zamioculcas. Le Raven \u00e9tant si fonc\u00e9, sa particularit\u00e9 r\u00e9side justement dans ses jeunes pousses, qui commencent vert clair pour devenir ensuite beaucoup plus fonc\u00e9es. Ce changement naturel de couleur est donc inscrit dans les g\u00e8nes de la plante et constitue un ph\u00e9nom\u00e8ne spectaculaire. Les jeunes pousses vertes ont besoin d\u2019un peu de temps pour devenir fonc\u00e9es, entre 5 et 10 semaines en fonction de la p\u00e9riode et de l\u2019intensit\u00e9 lumineuse<\/p>\n<\/div>\n\t\t\n\t\t\t<div class='ewd-ufaq-faq-custom-fields'>\n\n\t\n<\/div>\n\t\t\n\t\t\t\n\t\t\n\t\t\t\n\t\t\n\t\t\t\n\t\t\n\t\t\t\n\t\t\n\t\t\t\n\t\t\n\t\t\t\n\t\t\n\t\t\t\n\t\t\n\t<\/div>\n\n<\/div>\n\t<\/div>\n\n\t\n<\/div>\n","protected":false},"excerpt":{"rendered":"<p>A Comment se fait-il que Zamioculcas raven soit si fonc\u00e9 ? Il s\u2019agit d\u2019une mutation spontan\u00e9e. Un changement soudain dans le mat\u00e9riel g\u00e9n\u00e9tique de la plante, par lequel le marqueur \u00ab\u00a0couleur\u00a0\u00bb est pass\u00e9 du vert au noir. Les mutations spontan\u00e9e sont rares, surtout celles qui sont stables et ne reviennent pas \u00e0 la couleur d\u2019origine. [&hellip;]<\/p>\n","protected":false},"author":1,"featured_media":0,"parent":0,"menu_order":5,"comment_status":"closed","ping_status":"closed","template":"","meta":{"_monsterinsights_skip_tracking":false,"_monsterinsights_sitenote_active":false,"_monsterinsights_sitenote_note":"","_monsterinsights_sitenote_category":0,"footnotes":""},"class_list":["post-131","page","type-page","status-publish","hentry"],"acf":[],"_links":{"self":[{"href":"https:\/\/royalgreen.nl\/fr\/wp-json\/wp\/v2\/pages\/131","targetHints":{"allow":["GET"]}}],"collection":[{"href":"https:\/\/royalgreen.nl\/fr\/wp-json\/wp\/v2\/pages"}],"about":[{"href":"https:\/\/royalgreen.nl\/fr\/wp-json\/wp\/v2\/types\/page"}],"author":[{"embeddable":true,"href":"https:\/\/royalgreen.nl\/fr\/wp-json\/wp\/v2\/users\/1"}],"replies":[{"embeddable":true,"href":"https:\/\/royalgreen.nl\/fr\/wp-json\/wp\/v2\/comments?post=131"}],"version-history":[{"count":3,"href":"https:\/\/royalgreen.nl\/fr\/wp-json\/wp\/v2\/pages\/131\/revisions"}],"predecessor-version":[{"id":1921,"href":"https:\/\/royalgreen.nl\/fr\/wp-json\/wp\/v2\/pages\/131\/revisions\/1921"}],"wp:attachment":[{"href":"https:\/\/royalgreen.nl\/fr\/wp-json\/wp\/v2\/media?parent=131"}],"curies":[{"name":"wp","href":"https:\/\/api.w.org\/{rel}","templated":true}]}}