{"id":1810,"date":"2022-07-29T14:58:11","date_gmt":"2022-07-29T12:58:11","guid":{"rendered":"https:\/\/royalgreen.nl\/?page_id=1810"},"modified":"2022-08-09T15:51:53","modified_gmt":"2022-08-09T13:51:53","slug":"les-plantes-de-jardin","status":"publish","type":"page","link":"https:\/\/royalgreen.nl\/fr\/soigner\/les-plantes-de-jardin\/","title":{"rendered":"Les plantes de jardin"},"content":{"rendered":"\n<h2 class=\"wp-block-heading\">SOIGNER LES G\u00c9RANIUMS<\/h2>\n\n\n\n<div class=\"wp-block-columns care-colums is-layout-flex wp-container-core-columns-is-layout-9d6595d7 wp-block-columns-is-layout-flex\">\n<div class=\"wp-block-column is-layout-flow wp-block-column-is-layout-flow\" style=\"flex-basis:33.34%\">\n<figure class=\"wp-block-image size-large is-resized\"><img decoding=\"async\" src=\"https:\/\/royalgreen.nl\/wp-content\/uploads\/2022\/05\/M93A2806-edited-1-scaled.jpg\" alt=\"\" class=\"wp-image-1502\" width=\"320\" srcset=\"https:\/\/royalgreen.nl\/wp-content\/uploads\/2022\/05\/M93A2806-edited-1-scaled.jpg 1921w, https:\/\/royalgreen.nl\/wp-content\/uploads\/2022\/05\/M93A2806-edited-1-768x1023.jpg 768w, https:\/\/royalgreen.nl\/wp-content\/uploads\/2022\/05\/M93A2806-edited-1-961x1280.jpg 961w, https:\/\/royalgreen.nl\/wp-content\/uploads\/2022\/05\/M93A2806-edited-1-1153x1536.jpg 1153w, https:\/\/royalgreen.nl\/wp-content\/uploads\/2022\/05\/M93A2806-edited-1-1537x2048.jpg 1537w\" sizes=\"(max-width: 1921px) 100vw, 1921px\" \/><\/figure>\n<\/div>\n\n\n\n<div class=\"wp-block-column is-layout-flow wp-block-column-is-layout-flow\" style=\"flex-basis:33.34%\">\n<p>Le g\u00e9ranium est la reine des plantes de balcons et terrasses. Il est un authentique adorateur du soleil et reste sans probl\u00e8me en plein soleil, mais un emplacement semi-ombrag\u00e9 lui convient aussi. Arrosez suffisamment le g\u00e9ranium, directement dans le pot, pas sur la plante elle-m\u00eame. Il n\u2019aime pas avoir les pieds dans l\u2019eau et vous pouvez donc attendre avant de l\u2019arroser jusqu\u2019\u00e0 ce que le terreau soit bien sec.<\/p>\n\n\n\n<p><strong>Conseil pratique:<\/strong> \u00c9liminez les fleurs fan\u00e9es. Le g\u00e9ranium produira ainsi rapidement de nouveaux boutons.<\/p>\n<\/div>\n\n\n\n<div class=\"wp-block-column is-layout-flow wp-block-column-is-layout-flow\" style=\"flex-basis:33.33%\">\n<section class=\"care-items-wrapper\">\n\n        <ul class=\"care-list\">\n                <li class=\"care-item care-place\">\n            <div class=\"care-icon\"><img loading=\"lazy\" decoding=\"async\" width=\"56\" height=\"56\" src=\"https:\/\/royalgreen.nl\/wp-content\/themes\/royalgreen\/img\/icon-place.png\" alt=\"Standplaats\"><\/div>\n            <div class=\"care-description\">Ext\u00e9rieur<\/div>\n        <\/li>\n                        <li class=\"care-item care-light\">\n            <div class=\"care-icon\"><img loading=\"lazy\" decoding=\"async\" width=\"56\" height=\"56\" src=\"https:\/\/royalgreen.nl\/wp-content\/themes\/royalgreen\/img\/icon-light.png\" alt=\"Licht\"\"><\/div>\n            <div class=\"care-description\">Ensoleill\u00e9 et semi-ombrag\u00e9<\/div>\n        <\/li>\n                        <li class=\"care-item care-water\">\n            <div class=\"care-icon\"><img loading=\"lazy\" decoding=\"async\" width=\"56\" height=\"56\" src=\"https:\/\/royalgreen.nl\/wp-content\/themes\/royalgreen\/img\/icon-water.png\" alt=\"Water\"\"><\/div>\n            <div class=\"care-description\">Le terreau doit rester humide<\/div>\n        <\/li>\n                        <li class=\"care-item care-food\">\n            <div class=\"care-icon\"><img loading=\"lazy\" decoding=\"async\" width=\"56\" height=\"56\" src=\"https:\/\/royalgreen.nl\/wp-content\/themes\/royalgreen\/img\/icon-food.png\" alt=\"Voedsel\"\"><\/div>\n            <div class=\"care-description\">1 fois toutes les 2 semaines<\/div>\n        <\/li>\n                        <li class=\"care-item care-temp\">\n            <div class=\"care-icon icon-light\"><img loading=\"lazy\" decoding=\"async\" width=\"56\" height=\"56\" src=\"https:\/\/royalgreen.nl\/wp-content\/themes\/royalgreen\/img\/icon-temp.png\" alt=\"Temperatuur\"\"><\/div>\n            <div class=\"care-description\">Au moins 5 degr\u00e9s<\/div>\n        <\/li>\n                        <li class=\"care-item care-note\">\n            <div class=\"care-icon icon-light\"><img loading=\"lazy\" decoding=\"async\" width=\"56\" height=\"56\" src=\"https:\/\/royalgreen.nl\/wp-content\/themes\/royalgreen\/img\/icon-note.png\" alt=\"Opmerking\"\"><\/div>\n            <div class=\"care-description\">\u00c9liminer les fleurs fan\u00e9es<\/div>\n        <\/li>\n            <\/ul>\n    <\/section>\n\n<\/div>\n<\/div>\n\n\n\n<hr class=\"wp-block-separator has-text-color has-background has-tertiary-background-color has-tertiary-color\"\/>\n\n\n\n<h2 class=\"wp-block-heading\">SOIGNER LES ROSES DE TERRASSE<\/h2>\n\n\n\n<p><\/p>\n\n\n\n<div class=\"wp-block-columns care-colums is-layout-flex wp-container-core-columns-is-layout-9d6595d7 wp-block-columns-is-layout-flex\">\n<div class=\"wp-block-column is-layout-flow wp-block-column-is-layout-flow\">\n<figure class=\"wp-block-image size-full\"><img loading=\"lazy\" decoding=\"async\" width=\"720\" height=\"960\" src=\"https:\/\/royalgreen.nl\/wp-content\/uploads\/2022\/05\/M93A2839-Large-edited.jpg\" alt=\"\" class=\"wp-image-1539\"\/><\/figure>\n<\/div>\n\n\n\n<div class=\"wp-block-column is-layout-flow wp-block-column-is-layout-flow\">\n<p>Bien soign\u00e9e, la rose de terrasse peut fleurir longtemps et abondamment. La plante aime la lumi\u00e8re et ne supporte pas la d\u00e9shydratation. Plus le temps est chaud et ensoleill\u00e9 et plus la plante a soif. Il convient donc de l\u2019arroser r\u00e9guli\u00e8rement pour \u00e9viter que la motte se d\u00e9shydrate.<\/p>\n\n\n\n<p><strong>Conseil pratique:<\/strong> Pour une floraison abondante, ajouter une fois toutes les trois semaines de la nourriture pour plantes ou pour rosiers.<\/p>\n<\/div>\n\n\n\n<div class=\"wp-block-column is-layout-flow wp-block-column-is-layout-flow\">\n<section class=\"care-items-wrapper\">\n\n        <ul class=\"care-list\">\n                <li class=\"care-item care-place\">\n            <div class=\"care-icon\"><img loading=\"lazy\" decoding=\"async\" width=\"56\" height=\"56\" src=\"https:\/\/royalgreen.nl\/wp-content\/themes\/royalgreen\/img\/icon-place.png\" alt=\"Standplaats\"><\/div>\n            <div class=\"care-description\">Ext\u00e9rieur<\/div>\n        <\/li>\n                        <li class=\"care-item care-light\">\n            <div class=\"care-icon\"><img loading=\"lazy\" decoding=\"async\" width=\"56\" height=\"56\" src=\"https:\/\/royalgreen.nl\/wp-content\/themes\/royalgreen\/img\/icon-light.png\" alt=\"Licht\"\"><\/div>\n            <div class=\"care-description\">Ensoleill\u00e9 et semi-ombrag\u00e9<\/div>\n        <\/li>\n                        <li class=\"care-item care-water\">\n            <div class=\"care-icon\"><img loading=\"lazy\" decoding=\"async\" width=\"56\" height=\"56\" src=\"https:\/\/royalgreen.nl\/wp-content\/themes\/royalgreen\/img\/icon-water.png\" alt=\"Water\"\"><\/div>\n            <div class=\"care-description\">Le terreau doit rester humide<\/div>\n        <\/li>\n                        <li class=\"care-item care-food\">\n            <div class=\"care-icon\"><img loading=\"lazy\" decoding=\"async\" width=\"56\" height=\"56\" src=\"https:\/\/royalgreen.nl\/wp-content\/themes\/royalgreen\/img\/icon-food.png\" alt=\"Voedsel\"\"><\/div>\n            <div class=\"care-description\">1 fois toutes les 2 semaines<\/div>\n        <\/li>\n                        <li class=\"care-item care-temp\">\n            <div class=\"care-icon icon-light\"><img loading=\"lazy\" decoding=\"async\" width=\"56\" height=\"56\" src=\"https:\/\/royalgreen.nl\/wp-content\/themes\/royalgreen\/img\/icon-temp.png\" alt=\"Temperatuur\"\"><\/div>\n            <div class=\"care-description\">Au moins 5 degr\u00e9s<\/div>\n        <\/li>\n                        <li class=\"care-item care-note\">\n            <div class=\"care-icon icon-light\"><img loading=\"lazy\" decoding=\"async\" width=\"56\" height=\"56\" src=\"https:\/\/royalgreen.nl\/wp-content\/themes\/royalgreen\/img\/icon-note.png\" alt=\"Opmerking\"\"><\/div>\n            <div class=\"care-description\">\u00c9liminer les fleurs fan\u00e9es<\/div>\n        <\/li>\n            <\/ul>\n    <\/section>\n\n<\/div>\n<\/div>\n\n\n\n<hr class=\"wp-block-separator\"\/>\n\n\n\n<h2 class=\"wp-block-heading\">SOIGNER LES PANIERS SUSPENDUS<\/h2>\n\n\n\n<p><\/p>\n\n\n\n<div class=\"wp-block-columns care-colums is-layout-flex wp-container-core-columns-is-layout-9d6595d7 wp-block-columns-is-layout-flex\">\n<div class=\"wp-block-column is-layout-flow wp-block-column-is-layout-flow\">\n<figure class=\"wp-block-image size-full\"><img loading=\"lazy\" decoding=\"async\" width=\"808\" height=\"1077\" src=\"https:\/\/royalgreen.nl\/wp-content\/uploads\/2022\/05\/M93A2968-Large-edited-1.jpg\" alt=\"Hanging Baskets\" class=\"wp-image-1543\" srcset=\"https:\/\/royalgreen.nl\/wp-content\/uploads\/2022\/05\/M93A2968-Large-edited-1.jpg 808w, https:\/\/royalgreen.nl\/wp-content\/uploads\/2022\/05\/M93A2968-Large-edited-1-768x1024.jpg 768w\" sizes=\"auto, (max-width: 808px) 100vw, 808px\" \/><\/figure>\n<\/div>\n\n\n\n<div class=\"wp-block-column is-layout-flow wp-block-column-is-layout-flow\">\n<p>Le panier suspendu est une vraie source de fleurs d\u2019\u00e9t\u00e9 et aime les endroits ensoleill\u00e9s. Il se pla\u00eet surtout en plein soleil, pourvu que l\u2019arrosage soit adapt\u00e9. Apr\u00e8s la floraison, le panier suspendu a besoin de beaucoup d&rsquo;eau tous les jours et, durant les chaleurs de l\u2019\u00e9t\u00e9, parfois m\u00eame deux fois par jour. Suspendre la plante avec de la nourriture \u00e0 lib\u00e9ration lente et prolong\u00e9e afin qu\u2019elle reste belle et robuste Apr\u00e8s la floraison, r\u00e9p\u00e9ter cette op\u00e9ration une fois par semaine avec une portion de nourriture pour plantes.<\/p>\n\n\n\n<p><strong>Conseil pratique: <\/strong>La floraison de votre panier suspendu faiblit ? Taillez la plante avec des ciseaux afin que de nouvelles pousses se d\u00e9veloppent et fleurissent.<\/p>\n<\/div>\n\n\n\n<div class=\"wp-block-column is-layout-flow wp-block-column-is-layout-flow\">\n<section class=\"care-items-wrapper\">\n\n        <ul class=\"care-list\">\n                <li class=\"care-item care-place\">\n            <div class=\"care-icon\"><img loading=\"lazy\" decoding=\"async\" width=\"56\" height=\"56\" src=\"https:\/\/royalgreen.nl\/wp-content\/themes\/royalgreen\/img\/icon-place.png\" alt=\"Standplaats\"><\/div>\n            <div class=\"care-description\">Ext\u00e9rieur<\/div>\n        <\/li>\n                        <li class=\"care-item care-light\">\n            <div class=\"care-icon\"><img loading=\"lazy\" decoding=\"async\" width=\"56\" height=\"56\" src=\"https:\/\/royalgreen.nl\/wp-content\/themes\/royalgreen\/img\/icon-light.png\" alt=\"Licht\"\"><\/div>\n            <div class=\"care-description\">Ensoleill\u00e9 et semi-ombrag\u00e9<\/div>\n        <\/li>\n                        <li class=\"care-item care-water\">\n            <div class=\"care-icon\"><img loading=\"lazy\" decoding=\"async\" width=\"56\" height=\"56\" src=\"https:\/\/royalgreen.nl\/wp-content\/themes\/royalgreen\/img\/icon-water.png\" alt=\"Water\"\"><\/div>\n            <div class=\"care-description\">Le terreau doit rester humide<\/div>\n        <\/li>\n                        <li class=\"care-item care-food\">\n            <div class=\"care-icon\"><img loading=\"lazy\" decoding=\"async\" width=\"56\" height=\"56\" src=\"https:\/\/royalgreen.nl\/wp-content\/themes\/royalgreen\/img\/icon-food.png\" alt=\"Voedsel\"\"><\/div>\n            <div class=\"care-description\">1 fois toutes les 2 semaines<\/div>\n        <\/li>\n                        <li class=\"care-item care-temp\">\n            <div class=\"care-icon icon-light\"><img loading=\"lazy\" decoding=\"async\" width=\"56\" height=\"56\" src=\"https:\/\/royalgreen.nl\/wp-content\/themes\/royalgreen\/img\/icon-temp.png\" alt=\"Temperatuur\"\"><\/div>\n            <div class=\"care-description\">Au moins 5 degr\u00e9s<\/div>\n        <\/li>\n                        <li class=\"care-item care-note\">\n            <div class=\"care-icon icon-light\"><img loading=\"lazy\" decoding=\"async\" width=\"56\" height=\"56\" src=\"https:\/\/royalgreen.nl\/wp-content\/themes\/royalgreen\/img\/icon-note.png\" alt=\"Opmerking\"\"><\/div>\n            <div class=\"care-description\">\u00c9liminer les fleurs fan\u00e9es<\/div>\n        <\/li>\n            <\/ul>\n    <\/section>\n\n<\/div>\n<\/div>\n\n\n\n<hr class=\"wp-block-separator\"\/>\n\n\n\n<h2 class=\"wp-block-heading\">SOIGNE LE SENETTI<\/h2>\n\n\n\n<p><\/p>\n\n\n\n<div class=\"wp-block-columns care-colums is-layout-flex wp-container-core-columns-is-layout-9d6595d7 wp-block-columns-is-layout-flex\">\n<div class=\"wp-block-column is-layout-flow wp-block-column-is-layout-flow\">\n<figure class=\"wp-block-image size-full\"><img loading=\"lazy\" decoding=\"async\" width=\"808\" height=\"1077\" src=\"https:\/\/royalgreen.nl\/wp-content\/uploads\/2022\/05\/M93A2767-Large-edited-1.jpg\" alt=\"Senetti Royal Colours\" class=\"wp-image-1547\" srcset=\"https:\/\/royalgreen.nl\/wp-content\/uploads\/2022\/05\/M93A2767-Large-edited-1.jpg 808w, https:\/\/royalgreen.nl\/wp-content\/uploads\/2022\/05\/M93A2767-Large-edited-1-768x1024.jpg 768w\" sizes=\"auto, (max-width: 808px) 100vw, 808px\" \/><\/figure>\n<\/div>\n\n\n\n<div class=\"wp-block-column is-layout-flow wp-block-column-is-layout-flow\">\n<p>Le Senetti est une plante tant d\u2019int\u00e9rieur que d&rsquo;ext\u00e9rieur qui aime les endroits ensoleill\u00e9s \u00e0 semi-ombrag\u00e9s. Bien que supportant le froid, la plante a besoin d\u2019un peu de protection en cas de gel. Le Senetti est peu exigeant et se contente d\u2019un peu d&rsquo;eau et de terreau pour fleurir.<\/p>\n\n\n\n<p><strong>Conseil pratique:<\/strong> \u00c9liminez les fleurs fan\u00e9es pour profiter plus longtemps de la floraison.<\/p>\n<\/div>\n\n\n\n<div class=\"wp-block-column is-layout-flow wp-block-column-is-layout-flow\">\n<section class=\"care-items-wrapper\">\n\n        <ul class=\"care-list\">\n                <li class=\"care-item care-place\">\n            <div class=\"care-icon\"><img loading=\"lazy\" decoding=\"async\" width=\"56\" height=\"56\" src=\"https:\/\/royalgreen.nl\/wp-content\/themes\/royalgreen\/img\/icon-place.png\" alt=\"Standplaats\"><\/div>\n            <div class=\"care-description\">Ext\u00e9rieur<\/div>\n        <\/li>\n                        <li class=\"care-item care-light\">\n            <div class=\"care-icon\"><img loading=\"lazy\" decoding=\"async\" width=\"56\" height=\"56\" src=\"https:\/\/royalgreen.nl\/wp-content\/themes\/royalgreen\/img\/icon-light.png\" alt=\"Licht\"\"><\/div>\n            <div class=\"care-description\">Ensoleill\u00e9 et semi-ombrag\u00e9<\/div>\n        <\/li>\n                        <li class=\"care-item care-water\">\n            <div class=\"care-icon\"><img loading=\"lazy\" decoding=\"async\" width=\"56\" height=\"56\" src=\"https:\/\/royalgreen.nl\/wp-content\/themes\/royalgreen\/img\/icon-water.png\" alt=\"Water\"\"><\/div>\n            <div class=\"care-description\">Le terreau doit rester humide<\/div>\n        <\/li>\n                        <li class=\"care-item care-food\">\n            <div class=\"care-icon\"><img loading=\"lazy\" decoding=\"async\" width=\"56\" height=\"56\" src=\"https:\/\/royalgreen.nl\/wp-content\/themes\/royalgreen\/img\/icon-food.png\" alt=\"Voedsel\"\"><\/div>\n            <div class=\"care-description\">1 fois toutes les 2 semaines<\/div>\n        <\/li>\n                        <li class=\"care-item care-temp\">\n            <div class=\"care-icon icon-light\"><img loading=\"lazy\" decoding=\"async\" width=\"56\" height=\"56\" src=\"https:\/\/royalgreen.nl\/wp-content\/themes\/royalgreen\/img\/icon-temp.png\" alt=\"Temperatuur\"\"><\/div>\n            <div class=\"care-description\">Au moins 5 degr\u00e9s<\/div>\n        <\/li>\n                        <li class=\"care-item care-note\">\n            <div class=\"care-icon icon-light\"><img loading=\"lazy\" decoding=\"async\" width=\"56\" height=\"56\" src=\"https:\/\/royalgreen.nl\/wp-content\/themes\/royalgreen\/img\/icon-note.png\" alt=\"Opmerking\"\"><\/div>\n            <div class=\"care-description\">\u00c9liminer les fleurs fan\u00e9es<\/div>\n        <\/li>\n            <\/ul>\n    <\/section>\n\n<\/div>\n<\/div>\n\n\n\n<hr class=\"wp-block-separator\"\/>\n\n\n\n<h2 class=\"wp-block-heading\">SOIGNER LA PENS\u00c9E<\/h2>\n\n\n\n<p><\/p>\n\n\n\n<div class=\"wp-block-columns care-colums is-layout-flex wp-container-core-columns-is-layout-9d6595d7 wp-block-columns-is-layout-flex\">\n<div class=\"wp-block-column is-layout-flow wp-block-column-is-layout-flow\">\n<figure class=\"wp-block-image size-full\"><img loading=\"lazy\" decoding=\"async\" width=\"808\" height=\"1080\" src=\"https:\/\/royalgreen.nl\/wp-content\/uploads\/2022\/05\/M93A3061-Large-edited.jpg\" alt=\"Viool Royal Colours\" class=\"wp-image-1527\" srcset=\"https:\/\/royalgreen.nl\/wp-content\/uploads\/2022\/05\/M93A3061-Large-edited.jpg 808w, https:\/\/royalgreen.nl\/wp-content\/uploads\/2022\/05\/M93A3061-Large-edited-766x1024.jpg 766w, https:\/\/royalgreen.nl\/wp-content\/uploads\/2022\/05\/M93A3061-Large-edited-768x1027.jpg 768w\" sizes=\"auto, (max-width: 808px) 100vw, 808px\" \/><\/figure>\n<\/div>\n\n\n\n<div class=\"wp-block-column is-layout-flow wp-block-column-is-layout-flow\">\n<p>La pens\u00e9e est une robuste plante fleurie qui ne demande pas beaucoup de soins. Qu\u2019elle soit \u00e0 l\u2019ombre ou en plein soleil, la pens\u00e9e ne fait jamais la difficile. M\u00eame lorsqu\u2019il fait froid, elle ne se plaint pas. La pens\u00e9e fleurit le mieux si la motte est humide mais il suffit de l\u2019arroser lorsque la couche sup\u00e9rieure du terreau est s\u00e8che depuis quelque temps. Un peu de nourriture pour plantes m\u00e9lang\u00e9e \u00e0 l\u2019eau maintiendra la pens\u00e9e en bonne sant\u00e9 durant une p\u00e9riode prolong\u00e9e.<\/p>\n\n\n\n<p><strong>Conseil pratique:<\/strong> Ne jetez pas trop vite les pens\u00e9es en hiver. Attendez les premiers jours du printemps et vous la verrez se refaire une sant\u00e9 en peu de temps.<\/p>\n<\/div>\n\n\n\n<div class=\"wp-block-column is-layout-flow wp-block-column-is-layout-flow\">\n<section class=\"care-items-wrapper\">\n\n        <ul class=\"care-list\">\n                <li class=\"care-item care-place\">\n            <div class=\"care-icon\"><img loading=\"lazy\" decoding=\"async\" width=\"56\" height=\"56\" src=\"https:\/\/royalgreen.nl\/wp-content\/themes\/royalgreen\/img\/icon-place.png\" alt=\"Standplaats\"><\/div>\n            <div class=\"care-description\">Ext\u00e9rieur<\/div>\n        <\/li>\n                        <li class=\"care-item care-light\">\n            <div class=\"care-icon\"><img loading=\"lazy\" decoding=\"async\" width=\"56\" height=\"56\" src=\"https:\/\/royalgreen.nl\/wp-content\/themes\/royalgreen\/img\/icon-light.png\" alt=\"Licht\"\"><\/div>\n            <div class=\"care-description\">Ensoleill\u00e9 et semi-ombrag\u00e9<\/div>\n        <\/li>\n                        <li class=\"care-item care-water\">\n            <div class=\"care-icon\"><img loading=\"lazy\" decoding=\"async\" width=\"56\" height=\"56\" src=\"https:\/\/royalgreen.nl\/wp-content\/themes\/royalgreen\/img\/icon-water.png\" alt=\"Water\"\"><\/div>\n            <div class=\"care-description\">Le terreau doit rester humide<\/div>\n        <\/li>\n                        <li class=\"care-item care-food\">\n            <div class=\"care-icon\"><img loading=\"lazy\" decoding=\"async\" width=\"56\" height=\"56\" src=\"https:\/\/royalgreen.nl\/wp-content\/themes\/royalgreen\/img\/icon-food.png\" alt=\"Voedsel\"\"><\/div>\n            <div class=\"care-description\">1 fois toutes les 2 semaines<\/div>\n        <\/li>\n                        <li class=\"care-item care-temp\">\n            <div class=\"care-icon icon-light\"><img loading=\"lazy\" decoding=\"async\" width=\"56\" height=\"56\" src=\"https:\/\/royalgreen.nl\/wp-content\/themes\/royalgreen\/img\/icon-temp.png\" alt=\"Temperatuur\"\"><\/div>\n            <div class=\"care-description\">Au moins 5 degr\u00e9s<\/div>\n        <\/li>\n                        <li class=\"care-item care-note\">\n            <div class=\"care-icon icon-light\"><img loading=\"lazy\" decoding=\"async\" width=\"56\" height=\"56\" src=\"https:\/\/royalgreen.nl\/wp-content\/themes\/royalgreen\/img\/icon-note.png\" alt=\"Opmerking\"\"><\/div>\n            <div class=\"care-description\">\u00c9liminer les fleurs fan\u00e9es<\/div>\n        <\/li>\n            <\/ul>\n    <\/section>\n\n<\/div>\n<\/div>\n\n\n\n<hr class=\"wp-block-separator\"\/>\n\n\n\n<h2 class=\"wp-block-heading\">SOIGNER LE CHRYSANTH\u00c8ME BOULE<\/h2>\n\n\n\n<p><\/p>\n\n\n\n<div class=\"wp-block-columns care-colums is-layout-flex wp-container-core-columns-is-layout-9d6595d7 wp-block-columns-is-layout-flex\">\n<div class=\"wp-block-column is-layout-flow wp-block-column-is-layout-flow\">\n<figure class=\"wp-block-image size-full\"><img loading=\"lazy\" decoding=\"async\" width=\"810\" height=\"1080\" src=\"https:\/\/royalgreen.nl\/wp-content\/uploads\/2022\/05\/Bolchrysant_banner_1920px-edited.jpg\" alt=\"Bolchrysant\" class=\"wp-image-1519\" srcset=\"https:\/\/royalgreen.nl\/wp-content\/uploads\/2022\/05\/Bolchrysant_banner_1920px-edited.jpg 810w, https:\/\/royalgreen.nl\/wp-content\/uploads\/2022\/05\/Bolchrysant_banner_1920px-edited-768x1024.jpg 768w\" sizes=\"auto, (max-width: 810px) 100vw, 810px\" \/><\/figure>\n<\/div>\n\n\n\n<div class=\"wp-block-column is-layout-flow wp-block-column-is-layout-flow\">\n<p>Le chrysanth\u00e8me boule est une plante facile qui produit des boules color\u00e9es, qu\u2019elle soit \u00e0 l\u2019ombre ou au soleil. Les chrysanth\u00e8mes boules resplendissent surtout s\u2019ils ne sont pas d\u00e9shydrat\u00e9s, il convient donc de les arroser r\u00e9guli\u00e8rement. Sa belle boule bien fournie emp\u00eache parfois l\u2019eau d&rsquo;arriver \u00e0 la motte, il faut le v\u00e9rifier souvent. En cache-pot ? Veillez toujours \u00e0 ce que l\u2019eau exc\u00e9dentaire puisse s\u2019\u00e9couler. Donnez au chrysanth\u00e8me boule un peu d\u2019\u00e9nergie suppl\u00e9mentaire en ajoutant deux fois par mois un peu de nourriture pour plantes dans l\u2019eau d\u2019arrosage.<\/p>\n\n\n\n<p><strong>Conseil pratique: <\/strong>Placez le chrysanth\u00e8me boule avant les gel\u00e9es dans un endroit frais mais \u00e0 l\u2019abri du gel et recoupez les tiges jusqu\u2019\u00e0 quelques centim\u00e8tres au-dessus de la motte au d\u00e9but du printemps. En mars\/avril, la plante peut \u00e0 nouveau \u00eatre sortie et, lorsque les jours deviendront plus longs que les nuits, elle produira de nouvelles tiges et des feuilles.<\/p>\n<\/div>\n\n\n\n<div class=\"wp-block-column is-layout-flow wp-block-column-is-layout-flow\">\n<section class=\"care-items-wrapper\">\n\n        <ul class=\"care-list\">\n                <li class=\"care-item care-place\">\n            <div class=\"care-icon\"><img loading=\"lazy\" decoding=\"async\" width=\"56\" height=\"56\" src=\"https:\/\/royalgreen.nl\/wp-content\/themes\/royalgreen\/img\/icon-place.png\" alt=\"Standplaats\"><\/div>\n            <div class=\"care-description\">Ext\u00e9rieur<\/div>\n        <\/li>\n                        <li class=\"care-item care-light\">\n            <div class=\"care-icon\"><img loading=\"lazy\" decoding=\"async\" width=\"56\" height=\"56\" src=\"https:\/\/royalgreen.nl\/wp-content\/themes\/royalgreen\/img\/icon-light.png\" alt=\"Licht\"\"><\/div>\n            <div class=\"care-description\">Ensoleill\u00e9 et semi-ombrag\u00e9<\/div>\n        <\/li>\n                        <li class=\"care-item care-water\">\n            <div class=\"care-icon\"><img loading=\"lazy\" decoding=\"async\" width=\"56\" height=\"56\" src=\"https:\/\/royalgreen.nl\/wp-content\/themes\/royalgreen\/img\/icon-water.png\" alt=\"Water\"\"><\/div>\n            <div class=\"care-description\">Le terreau doit rester humide<\/div>\n        <\/li>\n                        <li class=\"care-item care-food\">\n            <div class=\"care-icon\"><img loading=\"lazy\" decoding=\"async\" width=\"56\" height=\"56\" src=\"https:\/\/royalgreen.nl\/wp-content\/themes\/royalgreen\/img\/icon-food.png\" alt=\"Voedsel\"\"><\/div>\n            <div class=\"care-description\">1 fois toutes les 2 semaines<\/div>\n        <\/li>\n                        <li class=\"care-item care-temp\">\n            <div class=\"care-icon icon-light\"><img loading=\"lazy\" decoding=\"async\" width=\"56\" height=\"56\" src=\"https:\/\/royalgreen.nl\/wp-content\/themes\/royalgreen\/img\/icon-temp.png\" alt=\"Temperatuur\"\"><\/div>\n            <div class=\"care-description\">Au moins 5 degr\u00e9s<\/div>\n        <\/li>\n                        <li class=\"care-item care-note\">\n            <div class=\"care-icon icon-light\"><img loading=\"lazy\" decoding=\"async\" width=\"56\" height=\"56\" src=\"https:\/\/royalgreen.nl\/wp-content\/themes\/royalgreen\/img\/icon-note.png\" alt=\"Opmerking\"\"><\/div>\n            <div class=\"care-description\">\u00c9liminer les fleurs fan\u00e9es<\/div>\n        <\/li>\n            <\/ul>\n    <\/section>\n\n<\/div>\n<\/div>\n","protected":false},"excerpt":{"rendered":"<p>SOIGNER LES G\u00c9RANIUMS Le g\u00e9ranium est la reine des plantes de balcons et terrasses. Il est un authentique adorateur du soleil et reste sans probl\u00e8me en plein soleil, mais un emplacement semi-ombrag\u00e9 lui convient aussi. Arrosez suffisamment le g\u00e9ranium, directement dans le pot, pas sur la plante elle-m\u00eame. Il n\u2019aime pas avoir les pieds dans [&hellip;]<\/p>\n","protected":false},"author":6,"featured_media":1268,"parent":1778,"menu_order":0,"comment_status":"closed","ping_status":"closed","template":"page-full-width.php","meta":{"_monsterinsights_skip_tracking":false,"_monsterinsights_sitenote_active":false,"_monsterinsights_sitenote_note":"","_monsterinsights_sitenote_category":0,"footnotes":""},"class_list":["post-1810","page","type-page","status-publish","has-post-thumbnail","hentry"],"acf":[],"_links":{"self":[{"href":"https:\/\/royalgreen.nl\/fr\/wp-json\/wp\/v2\/pages\/1810","targetHints":{"allow":["GET"]}}],"collection":[{"href":"https:\/\/royalgreen.nl\/fr\/wp-json\/wp\/v2\/pages"}],"about":[{"href":"https:\/\/royalgreen.nl\/fr\/wp-json\/wp\/v2\/types\/page"}],"author":[{"embeddable":true,"href":"https:\/\/royalgreen.nl\/fr\/wp-json\/wp\/v2\/users\/6"}],"replies":[{"embeddable":true,"href":"https:\/\/royalgreen.nl\/fr\/wp-json\/wp\/v2\/comments?post=1810"}],"version-history":[{"count":9,"href":"https:\/\/royalgreen.nl\/fr\/wp-json\/wp\/v2\/pages\/1810\/revisions"}],"predecessor-version":[{"id":1933,"href":"https:\/\/royalgreen.nl\/fr\/wp-json\/wp\/v2\/pages\/1810\/revisions\/1933"}],"up":[{"embeddable":true,"href":"https:\/\/royalgreen.nl\/fr\/wp-json\/wp\/v2\/pages\/1778"}],"wp:featuredmedia":[{"embeddable":true,"href":"https:\/\/royalgreen.nl\/fr\/wp-json\/wp\/v2\/media\/1268"}],"wp:attachment":[{"href":"https:\/\/royalgreen.nl\/fr\/wp-json\/wp\/v2\/media?parent=1810"}],"curies":[{"name":"wp","href":"https:\/\/api.w.org\/{rel}","templated":true}]}}