{"id":80,"date":"2018-03-20T12:30:13","date_gmt":"2018-03-20T12:30:13","guid":{"rendered":"https:\/\/royalgreen.nl\/?page_id=80"},"modified":"2022-08-01T16:23:30","modified_gmt":"2022-08-01T14:23:30","slug":"home","status":"publish","type":"page","link":"https:\/\/royalgreen.nl\/fr\/","title":{"rendered":"Home"},"content":{"rendered":"\n<h2 class=\"wp-block-heading\">ROYAL <strong>GREEN<\/strong> \u00ae <\/h2>\n\n\n\n<p>Royal Green est synonyme \u00e0 la fois de luxe et de durabilit\u00e9 : une combinaison attractive pour l\u2019amateur de plantes moderne et responsable. La collection se compose de robustes plantes exotiques dot\u00e9es d\u2019une longue dur\u00e9e de vie et disponibles toute l\u2019ann\u00e9e.<\/p>\n\n\n\n<div class=\"wp-block-columns is-layout-flex wp-container-core-columns-is-layout-9d6595d7 wp-block-columns-is-layout-flex\">\n<div class=\"wp-block-column is-layout-flow wp-block-column-is-layout-flow\">\n<p><strong>ZAMIOCULCAS<br><\/strong>Une plante d\u2019int\u00e9rieur \u00e9l\u00e9gante&nbsp; et indestructible qui attire tous les regards dans chaque salon moderne  <\/p>\n\n\n\n<figure class=\"wp-block-image size-full\"><img loading=\"lazy\" decoding=\"async\" width=\"1620\" height=\"1080\" src=\"https:\/\/royalgreen.nl\/wp-content\/uploads\/2021\/12\/Royal-Green-9.jpg\" alt=\"\" class=\"wp-image-1192\" srcset=\"https:\/\/royalgreen.nl\/wp-content\/uploads\/2021\/12\/Royal-Green-9.jpg 1620w, https:\/\/royalgreen.nl\/wp-content\/uploads\/2021\/12\/Royal-Green-9-1024x683.jpg 1024w, https:\/\/royalgreen.nl\/wp-content\/uploads\/2021\/12\/Royal-Green-9-768x512.jpg 768w, https:\/\/royalgreen.nl\/wp-content\/uploads\/2021\/12\/Royal-Green-9-1536x1024.jpg 1536w\" sizes=\"auto, (max-width: 1620px) 100vw, 1620px\" \/><\/figure>\n\n\n\n<div class=\"wp-block-buttons is-layout-flex wp-block-buttons-is-layout-flex\">\n<div class=\"wp-block-button\"><a class=\"wp-block-button__link\" href=\"https:\/\/royalgreen.nl\/assortiment\/?lang=fr\">D\u00e9couvrez l\u2019assortiment<\/a><\/div>\n<\/div>\n<\/div>\n\n\n\n<div class=\"wp-block-column is-layout-flow wp-block-column-is-layout-flow\">\n<p><strong>CURIO<br><\/strong>Allure sp\u00e9ciale gr\u00e2ce \u00e0 sa couche de cire bleu-gris, se laisse magnifiquement combiner                                           <\/p>\n\n\n\n<figure class=\"wp-block-image size-large\"><img loading=\"lazy\" decoding=\"async\" width=\"1920\" height=\"1280\" src=\"https:\/\/royalgreen.nl\/wp-content\/uploads\/2021\/10\/Royal-Green_Curio-1920x1280.jpg\" alt=\"\" class=\"wp-image-814\" srcset=\"https:\/\/royalgreen.nl\/wp-content\/uploads\/2021\/10\/Royal-Green_Curio-1920x1280.jpg 1920w, https:\/\/royalgreen.nl\/wp-content\/uploads\/2021\/10\/Royal-Green_Curio-1024x683.jpg 1024w, https:\/\/royalgreen.nl\/wp-content\/uploads\/2021\/10\/Royal-Green_Curio-768x512.jpg 768w, https:\/\/royalgreen.nl\/wp-content\/uploads\/2021\/10\/Royal-Green_Curio-1536x1024.jpg 1536w, https:\/\/royalgreen.nl\/wp-content\/uploads\/2021\/10\/Royal-Green_Curio-2048x1365.jpg 2048w\" sizes=\"auto, (max-width: 1920px) 100vw, 1920px\" \/><\/figure>\n<\/div>\n\n\n\n<div class=\"wp-block-column is-layout-flow wp-block-column-is-layout-flow\">\n<p><strong>ECHEVERIA<\/strong><br>De solides petites feuilles gris-vert avec une touche de rose. Pour les petits et les grands int\u00e9rieurs <\/p>\n\n\n\n<figure class=\"wp-block-image size-large\"><img decoding=\"async\" src=\"https:\/\/royalgreen.nl\/wp-content\/uploads\/2021\/10\/Royal-Green_Echeveria-1920x1280.jpg\" alt=\"\" class=\"wp-image-824\"\/><\/figure>\n<\/div>\n<\/div>\n\n\n\n<div class=\"wp-block-columns is-layout-flex wp-container-core-columns-is-layout-9d6595d7 wp-block-columns-is-layout-flex\">\n<div class=\"wp-block-column is-layout-flow wp-block-column-is-layout-flow\">\n<div class=\"wp-block-columns is-layout-flex wp-container-core-columns-is-layout-9d6595d7 wp-block-columns-is-layout-flex\">\n<div class=\"wp-block-column is-layout-flow wp-block-column-is-layout-flow\">\n<h2 class=\"wp-block-heading\">Soins <\/h2>\n\n\n\n<p>Tous les produits Royal Green sont d\u2019origine tropicale. Ils sont ainsi parfaitement prot\u00e9g\u00e9s contre la s\u00e9cheresse et stockent eux-m\u00eames facilement l\u2019eau dont ils ont besoin. L&rsquo;avantage pour vous ? Ce sont des plantes vraiment faciles \u00e0 soigner dont vous profiterez longtemps !&nbsp;<\/p>\n\n\n\n<div class=\"wp-block-buttons is-layout-flex wp-block-buttons-is-layout-flex\"><\/div>\n\n\n\n<div class=\"wp-block-buttons is-layout-flex wp-block-buttons-is-layout-flex\"><\/div>\n<\/div>\n\n\n\n<div class=\"wp-block-column is-layout-flow wp-block-column-is-layout-flow\">\n<h2 class=\"wp-block-heading\">Culture <strong>durable<\/strong><\/h2>\n\n\n\n<p>Kwekerij van Winden a fait de la culture Kwekerij van Winden a fait de la culture durable une priorit\u00e9. Nous produisons de l\u2019\u00e9lectricit\u00e9 verte et l\u2019eau est recycl\u00e9e \u00e0 100 %. Nous utilisons \u00e9galement partout o\u00f9 cela est possible des pesticides biologiques pour la protection des plantes. Notre exploitation satisfait aux exigences actuelles dans le domaine de l\u2019environnement et les aspects sociaux. Ces exigences sont contr\u00f4l\u00e9es et certifi\u00e9s par MPS-ECAS. Nous sommes certifi\u00e9s MPS-A, MPS-GAP, MPS Socially Qualified et GRASP.<\/p>\n<\/div>\n\n\n\n<div class=\"wp-block-column is-layout-flow wp-block-column-is-layout-flow\">\n<h2 class=\"wp-block-heading\">L&rsquo;<strong>horticulteur<\/strong><\/h2>\n\n\n\n<p>Du vert qui brille \u00e0 perte de vue. Entrer dans les serres de Kwekerij van Winden c&rsquo;est s\u2019aventurer dans la jungle. Mais ne vous y trompez pas, cette production de plantes en pots ultramoderne fait usage des techniques les plus r\u00e9centes. Kwekerij van Winden est leader du march\u00e9 des Zamioculcas et se distingue par ses produits niche particuli\u00e8rement durables. Cette \u00e9l\u00e9gante et robuste plante est tr\u00e8s r\u00e9sistante.<\/p>\n<\/div>\n<\/div>\n\n\n\n<div class=\"wp-block-columns is-layout-flex wp-container-core-columns-is-layout-9d6595d7 wp-block-columns-is-layout-flex\">\n<div class=\"wp-block-column is-layout-flow wp-block-column-is-layout-flow\">\n<div class=\"wp-block-buttons is-layout-flex wp-block-buttons-is-layout-flex\">\n<div class=\"wp-block-button\"><a class=\"wp-block-button__link\" href=\"https:\/\/royalgreen.nl\/pflege-2\/soigner\/?lang=fr\">Regardez les conseils de soins<\/a><\/div>\n<\/div>\n<\/div>\n\n\n\n<div class=\"wp-block-column is-layout-flow wp-block-column-is-layout-flow\">\n<div class=\"wp-block-buttons is-layout-flex wp-block-buttons-is-layout-flex\">\n<div class=\"wp-block-button\"><a class=\"wp-block-button__link\" href=\"https:\/\/royalgreen.nl\/a-propos-de-nous\/?lang=fr\">Lire la suite sur la culture durable<\/a><\/div>\n<\/div>\n<\/div>\n\n\n\n<div class=\"wp-block-column is-layout-flow wp-block-column-is-layout-flow\">\n<div class=\"wp-block-buttons is-layout-flex wp-block-buttons-is-layout-flex\">\n<div class=\"wp-block-button\"><a class=\"wp-block-button__link\" href=\"https:\/\/royalgreen.nl\/a-propos-de-nous\/?lang=fr\">D\u00e9couvrir Kwekerij Van Winden<\/a><\/div>\n<\/div>\n<\/div>\n<\/div>\n<\/div>\n<\/div>\n\n\n\n<p><\/p>\n","protected":false},"excerpt":{"rendered":"<p>ROYAL GREEN \u00ae Royal Green est synonyme \u00e0 la fois de luxe et de durabilit\u00e9 : une combinaison attractive pour l\u2019amateur de plantes moderne et responsable. La collection se compose de robustes plantes exotiques dot\u00e9es d\u2019une longue dur\u00e9e de vie et disponibles toute l\u2019ann\u00e9e. ZAMIOCULCASUne plante d\u2019int\u00e9rieur \u00e9l\u00e9gante&nbsp; et indestructible qui attire tous les regards [&hellip;]<\/p>\n","protected":false},"author":1,"featured_media":862,"parent":0,"menu_order":0,"comment_status":"closed","ping_status":"closed","template":"page-sidebar-content.php","meta":{"_monsterinsights_skip_tracking":false,"_monsterinsights_sitenote_active":false,"_monsterinsights_sitenote_note":"","_monsterinsights_sitenote_category":0,"footnotes":""},"class_list":["post-80","page","type-page","status-publish","has-post-thumbnail","hentry"],"acf":[],"_links":{"self":[{"href":"https:\/\/royalgreen.nl\/fr\/wp-json\/wp\/v2\/pages\/80","targetHints":{"allow":["GET"]}}],"collection":[{"href":"https:\/\/royalgreen.nl\/fr\/wp-json\/wp\/v2\/pages"}],"about":[{"href":"https:\/\/royalgreen.nl\/fr\/wp-json\/wp\/v2\/types\/page"}],"author":[{"embeddable":true,"href":"https:\/\/royalgreen.nl\/fr\/wp-json\/wp\/v2\/users\/1"}],"replies":[{"embeddable":true,"href":"https:\/\/royalgreen.nl\/fr\/wp-json\/wp\/v2\/comments?post=80"}],"version-history":[{"count":25,"href":"https:\/\/royalgreen.nl\/fr\/wp-json\/wp\/v2\/pages\/80\/revisions"}],"predecessor-version":[{"id":1966,"href":"https:\/\/royalgreen.nl\/fr\/wp-json\/wp\/v2\/pages\/80\/revisions\/1966"}],"wp:featuredmedia":[{"embeddable":true,"href":"https:\/\/royalgreen.nl\/fr\/wp-json\/wp\/v2\/media\/862"}],"wp:attachment":[{"href":"https:\/\/royalgreen.nl\/fr\/wp-json\/wp\/v2\/media?parent=80"}],"curies":[{"name":"wp","href":"https:\/\/api.w.org\/{rel}","templated":true}]}}