{"id":94,"date":"2018-03-21T09:58:09","date_gmt":"2018-03-21T09:58:09","guid":{"rendered":"https:\/\/royalgreen.nl\/?page_id=94"},"modified":"2022-08-09T15:48:51","modified_gmt":"2022-08-09T13:48:51","slug":"notre-entreprise","status":"publish","type":"page","link":"https:\/\/royalgreen.nl\/fr\/notre-entreprise\/","title":{"rendered":"Notre entreprise"},"content":{"rendered":"\n<div class=\"wp-block-columns is-layout-flex wp-container-core-columns-is-layout-9d6595d7 wp-block-columns-is-layout-flex\">\n<div class=\"wp-block-column is-layout-flow wp-block-column-is-layout-flow\">\n<p>Kwekerij Van Winden est une entreprise \u00e9tablie \u00e0 Erica, Drenthe, et fond\u00e9e en 1947 par Joop van Winden. Elle est devenue au fil du temps ce qu\u2019elle est aujourd\u2019hui : une p\u00e9pini\u00e8re moderne sp\u00e9cialis\u00e9e dans les plantes en pot qui s\u2019\u00e9tend sur 17 hectares. Les activit\u00e9s sont r\u00e9parties sur plusieurs site et la gestion quotidienne est entre les mains d\u2019Andr\u00e9 van Winden et son fils Tom, Berry van der Zwet et Jesse Hebels. Un quatuor bien rod\u00e9 qui dirige l\u2019entreprise avec passion et enthousiasme. <\/p>\n<\/div>\n\n\n\n<div class=\"wp-block-column is-layout-flow wp-block-column-is-layout-flow\">\n<figure class=\"wp-block-image size-large\"><img loading=\"lazy\" decoding=\"async\" width=\"1920\" height=\"1280\" src=\"https:\/\/royalgreen.nl\/wp-content\/uploads\/2021\/10\/IMG_1207-1920x1280.jpg\" alt=\"\" class=\"wp-image-1023\" srcset=\"https:\/\/royalgreen.nl\/wp-content\/uploads\/2021\/10\/IMG_1207-1920x1280.jpg 1920w, https:\/\/royalgreen.nl\/wp-content\/uploads\/2021\/10\/IMG_1207-1024x683.jpg 1024w, https:\/\/royalgreen.nl\/wp-content\/uploads\/2021\/10\/IMG_1207-768x512.jpg 768w, https:\/\/royalgreen.nl\/wp-content\/uploads\/2021\/10\/IMG_1207-1536x1024.jpg 1536w, https:\/\/royalgreen.nl\/wp-content\/uploads\/2021\/10\/IMG_1207-2048x1365.jpg 2048w\" sizes=\"auto, (max-width: 1920px) 100vw, 1920px\" \/><\/figure>\n<\/div>\n<\/div>\n\n\n\n<blockquote class=\"wp-block-quote is-layout-flow wp-block-quote-is-layout-flow\"><p><em><em>Notre \u00e9quipe s\u2019efforce chaque jour de cultiver des produits sp\u00e9ciaux de fa\u00e7on durable et novatrice<\/em><\/em><\/p><\/blockquote>\n\n\n\n<div class=\"wp-block-columns is-layout-flex wp-container-core-columns-is-layout-9d6595d7 wp-block-columns-is-layout-flex\">\n<div class=\"wp-block-column is-layout-flow wp-block-column-is-layout-flow\" style=\"flex-basis:33.33%\">\n<figure class=\"wp-block-image size-large is-resized\"><img loading=\"lazy\" decoding=\"async\" src=\"https:\/\/royalgreen.nl\/wp-content\/uploads\/2021\/10\/20180309-Tom-en-Andre-van-Winden-4495-1-853x1280.jpg\" alt=\"\" class=\"wp-image-913\" width=\"272\" height=\"407\" srcset=\"https:\/\/royalgreen.nl\/wp-content\/uploads\/2021\/10\/20180309-Tom-en-Andre-van-Winden-4495-1-853x1280.jpg 853w, https:\/\/royalgreen.nl\/wp-content\/uploads\/2021\/10\/20180309-Tom-en-Andre-van-Winden-4495-1-683x1024.jpg 683w, https:\/\/royalgreen.nl\/wp-content\/uploads\/2021\/10\/20180309-Tom-en-Andre-van-Winden-4495-1-768x1152.jpg 768w, https:\/\/royalgreen.nl\/wp-content\/uploads\/2021\/10\/20180309-Tom-en-Andre-van-Winden-4495-1-1024x1536.jpg 1024w, https:\/\/royalgreen.nl\/wp-content\/uploads\/2021\/10\/20180309-Tom-en-Andre-van-Winden-4495-1-1365x2048.jpg 1365w, https:\/\/royalgreen.nl\/wp-content\/uploads\/2021\/10\/20180309-Tom-en-Andre-van-Winden-4495-1-scaled.jpg 1707w\" sizes=\"auto, (max-width: 272px) 100vw, 272px\" \/><\/figure>\n<\/div>\n\n\n\n<div class=\"wp-block-column is-layout-flow wp-block-column-is-layout-flow\" style=\"flex-basis:66.66%\">\n<h2 class=\"wp-block-heading\">Sp\u00e9cialiste produit<\/h2>\n\n\n\n<p>Nous sommes sp\u00e9cialis\u00e9s dans la culture de plantes d\u2019int\u00e9rieur \u00ab&nbsp;faciles&nbsp;\u00bb et des produits saisonniers les plus beaux. L\u2019accent est mis sur la culture toute l&rsquo;ann\u00e9e du Zamioculcas et nous sommes fiers d\u2019\u00eatre leader du march\u00e9 pour ce produit. Nous faisons donc tout pour conserver et renforcer cette position, avec passion et enthousiasme : nous consid\u00e9rons que la culture du Zamioculcas est un authentique artisanat. Nos longues ann\u00e9es d\u2019exp\u00e9rience dans la l\u2019horticulture nous permettent aujourd\u2019hui de produire des plantes toujours plus belles et de meilleure qualit\u00e9. Un \u00e9l\u00e9ment important est ici la recherche de la disponibilit\u00e9 continue de produits de grande qualit\u00e9. En \u00e9largissant nos activit\u00e9s \u00e0 d\u2019autres sites de production, nous anticipons sur la demande croissante de nos clients. Bien entendu, nos autres produits, tels que le Curio et l\u2019Echeveria, sont toujours cultiv\u00e9s avec le m\u00eame amour et la m\u00eame attention. Nous souhaitons en effet am\u00e9liorer sans cesse la qualit\u00e9 de tous les produits de notre assortiment. Nous voulons surprendre nos clients en permanence en ajoutant des produits sp\u00e9ciaux et exclusifs \u00e0 notre assortiment.<\/p>\n<\/div>\n<\/div>\n\n\n\n<blockquote class=\"wp-block-quote is-layout-flow wp-block-quote-is-layout-flow\"><p><em><em>Notre mission consiste \u00e0 cultiver des produits sp\u00e9ciaux de grande qualit\u00e9. Nous voulons nous distinguer en ajoutant des produits niche \u00e0 notre assortiment, combin\u00e9s avec notre produit phare le Zamioculcas<\/em><\/em>.<\/p><\/blockquote>\n\n\n\n<div class=\"wp-block-columns is-layout-flex wp-container-core-columns-is-layout-9d6595d7 wp-block-columns-is-layout-flex\">\n<div class=\"wp-block-column is-layout-flow wp-block-column-is-layout-flow\" style=\"flex-basis:100%\">\n<div class=\"wp-block-columns is-layout-flex wp-container-core-columns-is-layout-9d6595d7 wp-block-columns-is-layout-flex\">\n<div class=\"wp-block-column is-layout-flow wp-block-column-is-layout-flow\">\n<h2 class=\"wp-block-heading\">Royal Green<\/h2>\n\n\n\n<p>Royal Green est le label de marque des Zamioculcas, Curio et Echeveria. Ce label est synonyme \u00e0 la fois de luxe et de durabilit\u00e9 : une combinaison attractive pour l\u2019amateur de plantes moderne et responsable. La collection se compose de robustes plantes exotiques dot\u00e9es d\u2019une longue dur\u00e9e de vie et disponibles toute l\u2019ann\u00e9e.<\/p>\n\n\n\n<div class=\"wp-block-image\"><figure class=\"aligncenter size-full is-resized\"><img loading=\"lazy\" decoding=\"async\" src=\"https:\/\/royalgreen.nl\/wp-content\/uploads\/2022\/03\/Royal-Green-9-edited.jpg\" alt=\"\" class=\"wp-image-1309\" width=\"270\" height=\"270\" srcset=\"https:\/\/royalgreen.nl\/wp-content\/uploads\/2022\/03\/Royal-Green-9-edited.jpg 1079w, https:\/\/royalgreen.nl\/wp-content\/uploads\/2022\/03\/Royal-Green-9-edited-1024x1024.jpg 1024w, https:\/\/royalgreen.nl\/wp-content\/uploads\/2022\/03\/Royal-Green-9-edited-512x512.jpg 512w, https:\/\/royalgreen.nl\/wp-content\/uploads\/2022\/03\/Royal-Green-9-edited-768x769.jpg 768w\" sizes=\"auto, (max-width: 270px) 100vw, 270px\" \/><\/figure><\/div>\n<\/div>\n\n\n\n<div class=\"wp-block-column is-layout-flow wp-block-column-is-layout-flow\">\n<h2 class=\"wp-block-heading\">Royal Colours<\/h2>\n\n\n\n<p>Outre les plantes d\u2019int\u00e9rieur de la collection Royal Green, nous cultivons de nombreuses plantes de saison riches en couleurs, rassembl\u00e9es sous le label Royal Colours. Dans cette vaste collection, les roses de terrasse et des g\u00e9raniums jouent les premiers r\u00f4les. Vous trouverez \u00e9galement chez nous des pens\u00e9es, Senetti, chrysanth\u00e8mes boules et divers paniers suspendus.<\/p>\n\n\n\n<div class=\"wp-block-image\"><figure class=\"aligncenter size-full is-resized\"><img loading=\"lazy\" decoding=\"async\" src=\"https:\/\/royalgreen.nl\/wp-content\/uploads\/2022\/03\/M93A2727-Large-edited.jpg\" alt=\"\" class=\"wp-image-1305\" width=\"270\" height=\"270\" srcset=\"https:\/\/royalgreen.nl\/wp-content\/uploads\/2022\/03\/M93A2727-Large-edited.jpg 720w, https:\/\/royalgreen.nl\/wp-content\/uploads\/2022\/03\/M93A2727-Large-edited-512x512.jpg 512w\" sizes=\"auto, (max-width: 270px) 100vw, 270px\" \/><\/figure><\/div>\n<\/div>\n<\/div>\n<\/div>\n<\/div>\n\n\n\n<h2 class=\"wp-block-heading\">Entreprise durable<\/h2>\n\n\n\n<p>Kwekerij van Winden prend sans cesse des mesures pour rendre le processus de production et de livraison aussi efficace et durable que possible, tenant compte de l\u2019humain, de la nature et de notre environnement local :<\/p>\n\n\n\n<p><strong>Personnes |<\/strong> Notre \u00e9quipe fait l\u2019objet de toute notre attention. Nos collaborateurs \u00e9tant un maillon indispensable dans notre processus de production, il est tr\u00e8s important que l\u2019environnement de travail soit agr\u00e9able. Nous le garantissons en obtenant chaque ann\u00e9e les certificats MPS Socially Qualified et GRASP. Ces certificats sont le r\u00e9sultat de l\u2019examen des conditions de travail, de s\u00e9curit\u00e9 et de bien-\u00eatre de nos collaborateurs. Nous proposons un logement \u00e0 nos collaborateurs (\u00e9trangers) et distribuons des fruits sur le lieu de travail !<\/p>\n\n\n\n<p><strong>Profit |<\/strong> Kwekerij van Winden souhaite apporter une contribution positive \u00e0 son environnement. Nous assurons la stabilit\u00e9 de l\u2019environnement de travail dans la r\u00e9gion et participons \u00e0 diverses initiatives locales, durables ou sociales.<\/p>\n\n\n\n<p><strong>Plan\u00e8te | <\/strong>Kwekerij van Winden prot\u00e8ge son environnement. Nous sommes sans cesse \u00e0 la recherche de nouvelles fa\u00e7ons d\u2019\u00e9conomiser l\u2019\u00e9nergie et les mati\u00e8res premi\u00e8res. Pensez ici \u00e0 l\u2019utilisation de la biomasse, des panneaux solaires et des \u00e9oliennes. Nos serres sont raccord\u00e9es \u00e0 un syst\u00e8me d&rsquo;eau en circuit ferm\u00e9, qui emp\u00eache les engrais de se retrouver dans la nappe phr\u00e9atique. Les pots de culture de nos plantes sont en plastique 100 % recycl\u00e9. Durant le processus de culture, nous faisons un usage minimal des pesticides. Nous pr\u00e9f\u00e9rons les pesticides naturels tels que les insectes, voire les geckos ! <\/p>\n\n\n\n<p>En bref : Van Winden s\u2019efforce de cultiver ses produits avec un impact le plus r\u00e9duit possible sur l\u2019environnement. Nos produits \u00ab&nbsp;faciles \u00e0 soigner&nbsp;\u00bb joue ici un r\u00f4le important : une dur\u00e9e de vie maximale avec tr\u00e8s peu de soins<\/p>\n\n\n\n<div class=\"wp-block-columns is-layout-flex wp-container-core-columns-is-layout-9d6595d7 wp-block-columns-is-layout-flex\">\n<div class=\"wp-block-column is-layout-flow wp-block-column-is-layout-flow\"><\/div>\n\n\n\n<div class=\"wp-block-column is-layout-flow wp-block-column-is-layout-flow\"><\/div>\n<\/div>\n\n\n\n<p><\/p>\n","protected":false},"excerpt":{"rendered":"<p>Kwekerij Van Winden est une entreprise \u00e9tablie \u00e0 Erica, Drenthe, et fond\u00e9e en 1947 par Joop van Winden. Elle est devenue au fil du temps ce qu\u2019elle est aujourd\u2019hui : une p\u00e9pini\u00e8re moderne sp\u00e9cialis\u00e9e dans les plantes en pot qui s\u2019\u00e9tend sur 17 hectares. Les activit\u00e9s sont r\u00e9parties sur plusieurs site et la gestion quotidienne [&hellip;]<\/p>\n","protected":false},"author":1,"featured_media":1029,"parent":0,"menu_order":1,"comment_status":"closed","ping_status":"closed","template":"page-full-width.php","meta":{"_monsterinsights_skip_tracking":false,"_monsterinsights_sitenote_active":false,"_monsterinsights_sitenote_note":"","_monsterinsights_sitenote_category":0,"footnotes":""},"class_list":["post-94","page","type-page","status-publish","has-post-thumbnail","hentry"],"acf":[],"_links":{"self":[{"href":"https:\/\/royalgreen.nl\/fr\/wp-json\/wp\/v2\/pages\/94","targetHints":{"allow":["GET"]}}],"collection":[{"href":"https:\/\/royalgreen.nl\/fr\/wp-json\/wp\/v2\/pages"}],"about":[{"href":"https:\/\/royalgreen.nl\/fr\/wp-json\/wp\/v2\/types\/page"}],"author":[{"embeddable":true,"href":"https:\/\/royalgreen.nl\/fr\/wp-json\/wp\/v2\/users\/1"}],"replies":[{"embeddable":true,"href":"https:\/\/royalgreen.nl\/fr\/wp-json\/wp\/v2\/comments?post=94"}],"version-history":[{"count":11,"href":"https:\/\/royalgreen.nl\/fr\/wp-json\/wp\/v2\/pages\/94\/revisions"}],"predecessor-version":[{"id":1932,"href":"https:\/\/royalgreen.nl\/fr\/wp-json\/wp\/v2\/pages\/94\/revisions\/1932"}],"wp:featuredmedia":[{"embeddable":true,"href":"https:\/\/royalgreen.nl\/fr\/wp-json\/wp\/v2\/media\/1029"}],"wp:attachment":[{"href":"https:\/\/royalgreen.nl\/fr\/wp-json\/wp\/v2\/media?parent=94"}],"curies":[{"name":"wp","href":"https:\/\/api.w.org\/{rel}","templated":true}]}}